{"id":22,"date":"2017-07-18T16:16:20","date_gmt":"2017-07-18T14:16:20","guid":{"rendered":"http:\/\/lusine.org\/?page_id=22"},"modified":"2021-03-12T09:38:15","modified_gmt":"2021-03-12T08:38:15","slug":"les-sentiers","status":"publish","type":"page","link":"https:\/\/lusine.org\/index.php\/les-sentiers\/","title":{"rendered":"LES SENTIERS"},"content":{"rendered":"\n<style type=\"text\/css\" data-created_by=\"avia_inline_auto\" id=\"style-css-av-av_section-e696acfcad6ff96ea57bdbf6421159b9\">\n.avia-section.av-av_section-e696acfcad6ff96ea57bdbf6421159b9 .av-parallax .av-parallax-inner{\nbackground-repeat:no-repeat;\nbackground-image:url(https:\/\/lusine.org\/wp-content\/uploads\/2017\/12\/sentier2-1.jpg);\nbackground-position:0% 0%;\nbackground-attachment:scroll;\n}\n<\/style>\n<div id='av_section_1'  class='avia-section av-av_section-e696acfcad6ff96ea57bdbf6421159b9 alternate_color avia-section-default avia-no-border-styling  avia-builder-el-0  el_before_av_section  avia-builder-el-first  avia-full-stretch av-parallax-section avia-bg-style-parallax av-minimum-height av-minimum-height-100 av-height-100  container_wrap sidebar_right'  data-section-bg-repeat='stretch' data-av_minimum_height_pc='100' data-av_min_height_opt='100'><div class='av-parallax' data-avia-parallax-ratio='0.3' ><div class='av-parallax-inner alternate_color avia-full-stretch'><\/div><\/div><div class=\"av-section-color-overlay-wrap\"><a href='#next-section' title='' class='scroll-down-link  avia-svg-icon avia-font-svg_entypo-fontello' data-av_svg_icon='down-open-mini' data-av_iconset='svg_entypo-fontello'><svg version=\"1.1\" xmlns=\"http:\/\/www.w3.org\/2000\/svg\" width=\"15\" height=\"32\" viewBox=\"0 0 15 32\" preserveAspectRatio=\"xMidYMid meet\" aria-labelledby='av-svg-title-1' aria-describedby='av-svg-desc-1' role=\"graphics-symbol\" aria-hidden=\"true\">\n<title id='av-svg-title-1'>Scroller vers la prochaine section<\/title>\n<desc id='av-svg-desc-1'>Scroller vers la prochaine section<\/desc>\n<path d=\"M12.96 12.16q0.704-0.832 1.536 0 0.832 0.704 0 1.536l-6.272 6.144q-0.704 0.704-1.536 0l-6.272-6.144q-0.832-0.832 0-1.536 0.768-0.768 1.6 0l5.44 4.992z\"><\/path>\n<\/svg><\/a><div class='container av-section-cont-open' ><main  role=\"main\" itemprop=\"mainContentOfPage\"  class='template-page content  av-content-small alpha units'><div class='post-entry post-entry-type-page post-entry-22'><div class='entry-content-wrapper clearfix'>\n\n<style type=\"text\/css\" data-created_by=\"avia_inline_auto\" id=\"style-css-av-av_heading-4d3e6060b8f1eaa45c0a430f9cbd9188\">\n#top .av-special-heading.av-av_heading-4d3e6060b8f1eaa45c0a430f9cbd9188{\npadding-bottom:10px;\ncolor:#ffffff;\nfont-size:60px;\n}\nbody .av-special-heading.av-av_heading-4d3e6060b8f1eaa45c0a430f9cbd9188 .av-special-heading-tag .heading-char{\nfont-size:25px;\n}\n#top #wrap_all .av-special-heading.av-av_heading-4d3e6060b8f1eaa45c0a430f9cbd9188 .av-special-heading-tag{\nfont-size:60px;\n}\n.av-special-heading.av-av_heading-4d3e6060b8f1eaa45c0a430f9cbd9188 .special-heading-inner-border{\nborder-color:#ffffff;\n}\n.av-special-heading.av-av_heading-4d3e6060b8f1eaa45c0a430f9cbd9188 .av-subheading{\nfont-size:15px;\n}\n\n@media only screen and (min-width: 480px) and (max-width: 767px){ \n#top #wrap_all .av-special-heading.av-av_heading-4d3e6060b8f1eaa45c0a430f9cbd9188 .av-special-heading-tag{\nfont-size:0.8em;\n}\n}\n\n@media only screen and (max-width: 479px){ \n#top #wrap_all .av-special-heading.av-av_heading-4d3e6060b8f1eaa45c0a430f9cbd9188 .av-special-heading-tag{\nfont-size:0.8em;\n}\n}\n<\/style>\n<div  class='av-special-heading av-av_heading-4d3e6060b8f1eaa45c0a430f9cbd9188 av-special-heading-h1 custom-color-heading blockquote modern-quote  avia-builder-el-1  avia-builder-el-no-sibling  av-inherit-size'><h1 class='av-special-heading-tag '  itemprop=\"headline\"  >Les sentiers<\/h1><div class=\"special-heading-border\"><div class=\"special-heading-inner-border\"><\/div><\/div><\/div>\n\n<\/div><\/div><\/main><!-- close content main element --><\/div><\/div><\/div>\n<style type=\"text\/css\" data-created_by=\"avia_inline_auto\" id=\"style-css-av-av_section-da0796366d6d9d55d70fc1093add7da0\">\n.avia-section.av-av_section-da0796366d6d9d55d70fc1093add7da0{\nbackground-repeat:no-repeat;\nbackground-image:url(https:\/\/lusine.org\/wp-content\/uploads\/2017\/07\/shadow17.png);\nbackground-position:50% 0%;\nbackground-attachment:scroll;\n}\n<\/style>\n<div id='av_section_2'  class='avia-section av-av_section-da0796366d6d9d55d70fc1093add7da0 main_color avia-section-default avia-no-border-styling  avia-builder-el-2  el_after_av_section  el_before_av_hr  avia-bg-style-scroll container_wrap sidebar_right'  data-section-bg-repeat='no-repeat'><div class='container av-section-cont-open' ><div class='template-page content  av-content-small alpha units'><div class='post-entry post-entry-type-page post-entry-22'><div class='entry-content-wrapper clearfix'>\n<div  class='hr av-av_hr-dcd2069817a0e3d34ae04cad8f3443c7 hr-default  avia-builder-el-3  el_before_av_heading  avia-builder-el-first '><span class='hr-inner '><span class=\"hr-inner-style\"><\/span><\/span><\/div>\n\n<style type=\"text\/css\" data-created_by=\"avia_inline_auto\" id=\"style-css-av-av_heading-6a49593b2f3b7f424b27cab0305a4a68\">\n#top .av-special-heading.av-av_heading-6a49593b2f3b7f424b27cab0305a4a68{\npadding-bottom:10px;\ncolor:#8eb546;\n}\nbody .av-special-heading.av-av_heading-6a49593b2f3b7f424b27cab0305a4a68 .av-special-heading-tag .heading-char{\nfont-size:25px;\n}\n.av-special-heading.av-av_heading-6a49593b2f3b7f424b27cab0305a4a68 .special-heading-inner-border{\nborder-color:#8eb546;\n}\n.av-special-heading.av-av_heading-6a49593b2f3b7f424b27cab0305a4a68 .av-subheading{\nfont-size:15px;\n}\n<\/style>\n<div  class='av-special-heading av-av_heading-6a49593b2f3b7f424b27cab0305a4a68 av-special-heading-h1 custom-color-heading  avia-builder-el-4  el_after_av_hr  el_before_av_textblock '><h1 class='av-special-heading-tag '  itemprop=\"headline\"  >L\u2019Usine : un carrefour naturel<\/h1><div class=\"special-heading-border\"><div class=\"special-heading-inner-border\"><\/div><\/div><\/div>\n<section  class='av_textblock_section av-av_textblock-396ddf1f42196ca838231e61a4602801 '   itemscope=\"itemscope\" itemtype=\"https:\/\/schema.org\/CreativeWork\" ><div class='avia_textblock'  itemprop=\"text\" ><p>La localisation g\u00e9ographique de cette ancienne usine, au c\u0153ur du site Class\u00e9 de la Corniche des Maures, permet d\u2019en faire le point de d\u00e9part de multiples randonn\u00e9es.<\/p>\n<p>En effet l\u2019usine repr\u00e9sente une \u00abporte d\u2019entr\u00e9e\u00bb vers le massif et les diff\u00e9rents sentiers et constitue notamment une \u00e9tape du parcours pour les personnes qui empruntent la Voie verte (piste cyclable du littoral am\u00e9nag\u00e9e permettant la d\u00e9couverte du Var \u00e0 v\u00e9lo.)<\/p>\n<p>Il est \u00e0 noter qu\u2019en plus des voies d\u00e9j\u00e0 existantes un gros travail de recensement de sentiers anciens oubli\u00e9s est en cours de cartographie avec l\u2019aide de b\u00e9n\u00e9voles. Un partenariat avec les communes du Rayol, de la Croix Valmer et de la Mole est en cours afin de d\u2019uniformiser la signal\u00e9tique \u00e0 venir.<br \/>\nAu rythme d\u2019une fois par mois depuis 2016, c\u2019est environ une vingtaine de b\u00e9n\u00e9voles qui se rassemblent autour de l\u2019ancien commandant des pompiers de Cavalaire Yves Gola, Jean Luc Fauconnier et le service environnement de la ville de Cavalaire, afin d\u2019entretenir ces sentiers abandonn\u00e9s. Ils seront ensuite balis\u00e9s, nomm\u00e9s puis cartographi\u00e9s sur un plan qui sera \u00e9dit\u00e9 et accessible \u00e0 tous une fois le chantier termin\u00e9.<\/p>\n<p>L\u2019objectif est d\u2019offrir \u00e0 nos visiteurs et aux Cavalairois un large choix de balades, de randonn\u00e9es dans notre massif, en y int\u00e9grant un aspect culturel et historique souvent m\u00e9connu.<\/p>\n<\/div><\/section>\n\n<style type=\"text\/css\" data-created_by=\"avia_inline_auto\" id=\"style-css-av-av_heading-8c8b3b9d358ef25bb9bfe271303f00d6\">\n#top .av-special-heading.av-av_heading-8c8b3b9d358ef25bb9bfe271303f00d6{\npadding-bottom:10px;\ncolor:#83a846;\n}\nbody .av-special-heading.av-av_heading-8c8b3b9d358ef25bb9bfe271303f00d6 .av-special-heading-tag .heading-char{\nfont-size:25px;\n}\n.av-special-heading.av-av_heading-8c8b3b9d358ef25bb9bfe271303f00d6 .special-heading-inner-border{\nborder-color:#83a846;\n}\n.av-special-heading.av-av_heading-8c8b3b9d358ef25bb9bfe271303f00d6 .av-subheading{\nfont-size:15px;\n}\n<\/style>\n<div  class='av-special-heading av-av_heading-8c8b3b9d358ef25bb9bfe271303f00d6 av-special-heading-h1 custom-color-heading  avia-builder-el-6  el_after_av_textblock  el_before_av_image '><h1 class='av-special-heading-tag '  itemprop=\"headline\"  >Carte des sentiers<\/h1><div class=\"special-heading-border\"><div class=\"special-heading-inner-border\"><\/div><\/div><\/div>\n\n<style type=\"text\/css\" data-created_by=\"avia_inline_auto\" id=\"style-css-av-av_image-e47d37447966a3017ba0e587c56c0742\">\n.avia-image-container.av-av_image-e47d37447966a3017ba0e587c56c0742 img.avia_image{\nbox-shadow:none;\n}\n.avia-image-container.av-av_image-e47d37447966a3017ba0e587c56c0742 .av-image-caption-overlay-center{\ncolor:#ffffff;\n}\n<\/style>\n<div  class='avia-image-container av-av_image-e47d37447966a3017ba0e587c56c0742 av-styling- av-hover-grow avia-align-center  avia-builder-el-7  el_after_av_heading  avia-builder-el-last '   itemprop=\"image\" itemscope=\"itemscope\" itemtype=\"https:\/\/schema.org\/ImageObject\" ><div class=\"avia-image-container-inner\"><div class=\"avia-image-overlay-wrap\"><img decoding=\"async\" fetchpriority=\"high\" class='wp-image-1387 avia-img-lazy-loading-not-1387 avia_image ' src=\"https:\/\/lusine.org\/wp-content\/uploads\/2017\/12\/Photo-a\u00e9rienne.jpg\" alt='' title='Photo-a\u00e9rienne'  height=\"1759\" width=\"2489\"  itemprop=\"thumbnailUrl\" srcset=\"https:\/\/lusine.org\/wp-content\/uploads\/2017\/12\/Photo-a\u00e9rienne.jpg 2489w, https:\/\/lusine.org\/wp-content\/uploads\/2017\/12\/Photo-a\u00e9rienne-300x212.jpg 300w, https:\/\/lusine.org\/wp-content\/uploads\/2017\/12\/Photo-a\u00e9rienne-768x543.jpg 768w, https:\/\/lusine.org\/wp-content\/uploads\/2017\/12\/Photo-a\u00e9rienne-1030x728.jpg 1030w, https:\/\/lusine.org\/wp-content\/uploads\/2017\/12\/Photo-a\u00e9rienne-1500x1060.jpg 1500w, https:\/\/lusine.org\/wp-content\/uploads\/2017\/12\/Photo-a\u00e9rienne-260x185.jpg 260w, https:\/\/lusine.org\/wp-content\/uploads\/2017\/12\/Photo-a\u00e9rienne-705x498.jpg 705w, https:\/\/lusine.org\/wp-content\/uploads\/2017\/12\/Photo-a\u00e9rienne-450x318.jpg 450w\" sizes=\"(max-width: 2489px) 100vw, 2489px\" \/><\/div><\/div><\/div>\n<\/div><\/div><\/div><!-- close content main div --><\/div><\/div><div id='after_section_2'  class='main_color av_default_container_wrap container_wrap sidebar_right'  ><div class='container av-section-cont-open' ><div class='template-page content  av-content-small alpha units'><div class='post-entry post-entry-type-page post-entry-22'><div class='entry-content-wrapper clearfix'>\n\n<style type=\"text\/css\" data-created_by=\"avia_inline_auto\" id=\"style-css-av-av_hr-616cd310f4c6bf63bbd1f033802c1165\">\n#top .hr.hr-invisible.av-av_hr-616cd310f4c6bf63bbd1f033802c1165{\nheight:20px;\n}\n<\/style>\n<div  class='hr av-av_hr-616cd310f4c6bf63bbd1f033802c1165 hr-invisible  avia-builder-el-8  el_after_av_section  el_before_av_one_full  avia-builder-el-first '><span class='hr-inner '><span class=\"hr-inner-style\"><\/span><\/span><\/div>\n\n<style type=\"text\/css\" data-created_by=\"avia_inline_auto\" id=\"style-css-av-av_one_full-6126cab7d8fab8d08143dd2dacdf673c\">\n.flex_column.av-av_one_full-6126cab7d8fab8d08143dd2dacdf673c{\nborder-radius:0px 0px 0px 0px;\npadding:0px 0px 0px 0px;\n}\n<\/style>\n<div  class='flex_column av-av_one_full-6126cab7d8fab8d08143dd2dacdf673c av_one_full  avia-builder-el-9  el_after_av_hr  el_before_av_hr  first flex_column_div av-zero-column-padding  '     ><p>\n<style type=\"text\/css\" data-created_by=\"avia_inline_auto\" id=\"style-css-av-av_heading-0105e82b4c59662e441759fafebf905e\">\n#top .av-special-heading.av-av_heading-0105e82b4c59662e441759fafebf905e{\npadding-bottom:10px;\ncolor:#83a846;\n}\nbody .av-special-heading.av-av_heading-0105e82b4c59662e441759fafebf905e .av-special-heading-tag .heading-char{\nfont-size:25px;\n}\n.av-special-heading.av-av_heading-0105e82b4c59662e441759fafebf905e .special-heading-inner-border{\nborder-color:#83a846;\n}\n.av-special-heading.av-av_heading-0105e82b4c59662e441759fafebf905e .av-subheading{\nfont-size:15px;\n}\n<\/style>\n<div  class='av-special-heading av-av_heading-0105e82b4c59662e441759fafebf905e av-special-heading-h1 custom-color-heading  avia-builder-el-10  el_before_av_masonry_gallery  avia-builder-el-no-sibling '><h1 class='av-special-heading-tag '  itemprop=\"headline\"  >Galerie photos<\/h1><div class=\"special-heading-border\"><div class=\"special-heading-inner-border\"><\/div><\/div><\/div><br \/>\n<div id='av-masonry-1' class='av-masonry av-av_masonry_gallery-70ff71d624ed69690c711528d5a9bb82 noHover av-fixed-size av-large-gap av-hover-overlay-active av-masonry-animation-active av-masonry-col-4 av-caption-always av-caption-style- av-masonry-gallery ' data-post_id=\"22\"><div class=\"av-masonry-container isotope av-js-disabled\"><div class='av-masonry-entry isotope-item av-masonry-item-no-image '><\/div><a href=\"https:\/\/lusine.org\/wp-content\/uploads\/2017\/12\/DSC08827-690x1030.jpg\" data-srcset=\"https:\/\/lusine.org\/wp-content\/uploads\/2017\/12\/DSC08827-690x1030.jpg 690w, https:\/\/lusine.org\/wp-content\/uploads\/2017\/12\/DSC08827-201x300.jpg 201w, https:\/\/lusine.org\/wp-content\/uploads\/2017\/12\/DSC08827-768x1147.jpg 768w, https:\/\/lusine.org\/wp-content\/uploads\/2017\/12\/DSC08827-1005x1500.jpg 1005w, https:\/\/lusine.org\/wp-content\/uploads\/2017\/12\/DSC08827-472x705.jpg 472w, https:\/\/lusine.org\/wp-content\/uploads\/2017\/12\/DSC08827-450x672.jpg 450w, https:\/\/lusine.org\/wp-content\/uploads\/2017\/12\/DSC08827.jpg 1111w\" data-sizes=\"(max-width: 690px) 100vw, 690px\"  aria-label=\"image DSC08827\"  id='av-masonry-1-item-1391' data-av-masonry-item='1391' class='av-masonry-entry isotope-item post-1391 attachment type-attachment status-inherit hentry  av-masonry-item-with-image' title=\"DSC08827\" alt=\"\"    itemprop=\"thumbnailUrl\" ><div class='av-inner-masonry-sizer'><\/div><figure class='av-inner-masonry main_color'><div class=\"av-masonry-outerimage-container\"><div class='av-masonry-image-container' style=\"background-image: url(https:\/\/lusine.org\/wp-content\/uploads\/2017\/12\/DSC08827-472x705.jpg);\"  title=\"DSC08827\" ><\/div><\/div><\/figure><\/a><!--end av-masonry entry--><a href=\"https:\/\/lusine.org\/wp-content\/uploads\/2017\/12\/DSC08837-1030x690.jpg\" data-srcset=\"https:\/\/lusine.org\/wp-content\/uploads\/2017\/12\/DSC08837-1030x690.jpg 1030w, https:\/\/lusine.org\/wp-content\/uploads\/2017\/12\/DSC08837-300x201.jpg 300w, https:\/\/lusine.org\/wp-content\/uploads\/2017\/12\/DSC08837-768x514.jpg 768w, https:\/\/lusine.org\/wp-content\/uploads\/2017\/12\/DSC08837-1500x1005.jpg 1500w, https:\/\/lusine.org\/wp-content\/uploads\/2017\/12\/DSC08837-705x472.jpg 705w, https:\/\/lusine.org\/wp-content\/uploads\/2017\/12\/DSC08837-450x301.jpg 450w, https:\/\/lusine.org\/wp-content\/uploads\/2017\/12\/DSC08837.jpg 1659w\" data-sizes=\"(max-width: 1030px) 100vw, 1030px\"  aria-label=\"image DSC08837\"  id='av-masonry-1-item-1392' data-av-masonry-item='1392' class='av-masonry-entry isotope-item post-1392 attachment type-attachment status-inherit hentry  av-masonry-item-with-image' title=\"DSC08837\" alt=\"\"    itemprop=\"thumbnailUrl\" ><div class='av-inner-masonry-sizer'><\/div><figure class='av-inner-masonry main_color'><div class=\"av-masonry-outerimage-container\"><div class='av-masonry-image-container' style=\"background-image: url(https:\/\/lusine.org\/wp-content\/uploads\/2017\/12\/DSC08837-705x472.jpg);\"  title=\"DSC08837\" ><\/div><\/div><\/figure><\/a><!--end av-masonry entry--><a href=\"https:\/\/lusine.org\/wp-content\/uploads\/2017\/12\/DSC08838-690x1030.jpg\" data-srcset=\"https:\/\/lusine.org\/wp-content\/uploads\/2017\/12\/DSC08838-690x1030.jpg 690w, https:\/\/lusine.org\/wp-content\/uploads\/2017\/12\/DSC08838-201x300.jpg 201w, https:\/\/lusine.org\/wp-content\/uploads\/2017\/12\/DSC08838-768x1147.jpg 768w, https:\/\/lusine.org\/wp-content\/uploads\/2017\/12\/DSC08838-1005x1500.jpg 1005w, https:\/\/lusine.org\/wp-content\/uploads\/2017\/12\/DSC08838-472x705.jpg 472w, https:\/\/lusine.org\/wp-content\/uploads\/2017\/12\/DSC08838-450x672.jpg 450w, https:\/\/lusine.org\/wp-content\/uploads\/2017\/12\/DSC08838.jpg 1111w\" data-sizes=\"(max-width: 690px) 100vw, 690px\"  aria-label=\"image DSC08838\"  id='av-masonry-1-item-1393' data-av-masonry-item='1393' class='av-masonry-entry isotope-item post-1393 attachment type-attachment status-inherit hentry  av-masonry-item-with-image' title=\"DSC08838\" alt=\"\"    itemprop=\"thumbnailUrl\" ><div class='av-inner-masonry-sizer'><\/div><figure class='av-inner-masonry main_color'><div class=\"av-masonry-outerimage-container\"><div class='av-masonry-image-container' style=\"background-image: url(https:\/\/lusine.org\/wp-content\/uploads\/2017\/12\/DSC08838-472x705.jpg);\"  title=\"DSC08838\" ><\/div><\/div><\/figure><\/a><!--end av-masonry entry--><a href=\"https:\/\/lusine.org\/wp-content\/uploads\/2017\/12\/DSC08850-1030x690.jpg\" data-srcset=\"https:\/\/lusine.org\/wp-content\/uploads\/2017\/12\/DSC08850-1030x690.jpg 1030w, https:\/\/lusine.org\/wp-content\/uploads\/2017\/12\/DSC08850-300x201.jpg 300w, https:\/\/lusine.org\/wp-content\/uploads\/2017\/12\/DSC08850-768x514.jpg 768w, https:\/\/lusine.org\/wp-content\/uploads\/2017\/12\/DSC08850-1500x1005.jpg 1500w, https:\/\/lusine.org\/wp-content\/uploads\/2017\/12\/DSC08850-705x472.jpg 705w, https:\/\/lusine.org\/wp-content\/uploads\/2017\/12\/DSC08850-450x301.jpg 450w, https:\/\/lusine.org\/wp-content\/uploads\/2017\/12\/DSC08850.jpg 1659w\" data-sizes=\"(max-width: 1030px) 100vw, 1030px\"  aria-label=\"image DSC08850\"  id='av-masonry-1-item-1394' data-av-masonry-item='1394' class='av-masonry-entry isotope-item post-1394 attachment type-attachment status-inherit hentry  av-masonry-item-with-image' title=\"DSC08850\" alt=\"\"    itemprop=\"thumbnailUrl\" ><div class='av-inner-masonry-sizer'><\/div><figure class='av-inner-masonry main_color'><div class=\"av-masonry-outerimage-container\"><div class='av-masonry-image-container' style=\"background-image: url(https:\/\/lusine.org\/wp-content\/uploads\/2017\/12\/DSC08850-705x472.jpg);\"  title=\"DSC08850\" ><\/div><\/div><\/figure><\/a><!--end av-masonry entry--><a href=\"https:\/\/lusine.org\/wp-content\/uploads\/2017\/12\/DSC08869-1030x690.jpg\" data-srcset=\"https:\/\/lusine.org\/wp-content\/uploads\/2017\/12\/DSC08869-1030x690.jpg 1030w, https:\/\/lusine.org\/wp-content\/uploads\/2017\/12\/DSC08869-300x201.jpg 300w, https:\/\/lusine.org\/wp-content\/uploads\/2017\/12\/DSC08869-768x514.jpg 768w, https:\/\/lusine.org\/wp-content\/uploads\/2017\/12\/DSC08869-1500x1005.jpg 1500w, https:\/\/lusine.org\/wp-content\/uploads\/2017\/12\/DSC08869-705x472.jpg 705w, https:\/\/lusine.org\/wp-content\/uploads\/2017\/12\/DSC08869-450x301.jpg 450w, https:\/\/lusine.org\/wp-content\/uploads\/2017\/12\/DSC08869.jpg 1659w\" data-sizes=\"(max-width: 1030px) 100vw, 1030px\"  aria-label=\"image DSC08869\"  id='av-masonry-1-item-1395' data-av-masonry-item='1395' class='av-masonry-entry isotope-item post-1395 attachment type-attachment status-inherit hentry  av-masonry-item-with-image' title=\"DSC08869\" alt=\"\"    itemprop=\"thumbnailUrl\" ><div class='av-inner-masonry-sizer'><\/div><figure class='av-inner-masonry main_color'><div class=\"av-masonry-outerimage-container\"><div class='av-masonry-image-container' style=\"background-image: url(https:\/\/lusine.org\/wp-content\/uploads\/2017\/12\/DSC08869-705x472.jpg);\"  title=\"DSC08869\" ><\/div><\/div><\/figure><\/a><!--end av-masonry entry--><a href=\"https:\/\/lusine.org\/wp-content\/uploads\/2017\/12\/DSC08884-1030x690.jpg\" data-srcset=\"https:\/\/lusine.org\/wp-content\/uploads\/2017\/12\/DSC08884-1030x690.jpg 1030w, https:\/\/lusine.org\/wp-content\/uploads\/2017\/12\/DSC08884-300x201.jpg 300w, https:\/\/lusine.org\/wp-content\/uploads\/2017\/12\/DSC08884-768x514.jpg 768w, https:\/\/lusine.org\/wp-content\/uploads\/2017\/12\/DSC08884-1500x1005.jpg 1500w, https:\/\/lusine.org\/wp-content\/uploads\/2017\/12\/DSC08884-705x472.jpg 705w, https:\/\/lusine.org\/wp-content\/uploads\/2017\/12\/DSC08884-450x301.jpg 450w, https:\/\/lusine.org\/wp-content\/uploads\/2017\/12\/DSC08884.jpg 1659w\" data-sizes=\"(max-width: 1030px) 100vw, 1030px\"  aria-label=\"image DSC08884\"  id='av-masonry-1-item-1396' data-av-masonry-item='1396' class='av-masonry-entry isotope-item post-1396 attachment type-attachment status-inherit hentry  av-masonry-item-with-image' title=\"DSC08884\" alt=\"\"    itemprop=\"thumbnailUrl\" ><div class='av-inner-masonry-sizer'><\/div><figure class='av-inner-masonry main_color'><div class=\"av-masonry-outerimage-container\"><div class='av-masonry-image-container' style=\"background-image: url(https:\/\/lusine.org\/wp-content\/uploads\/2017\/12\/DSC08884-705x472.jpg);\"  title=\"DSC08884\" ><\/div><\/div><\/figure><\/a><!--end av-masonry entry--><a href=\"https:\/\/lusine.org\/wp-content\/uploads\/2017\/12\/IMG_2491-773x1030.jpg\" data-srcset=\"https:\/\/lusine.org\/wp-content\/uploads\/2017\/12\/IMG_2491-773x1030.jpg 773w, https:\/\/lusine.org\/wp-content\/uploads\/2017\/12\/IMG_2491-225x300.jpg 225w, https:\/\/lusine.org\/wp-content\/uploads\/2017\/12\/IMG_2491-768x1024.jpg 768w, https:\/\/lusine.org\/wp-content\/uploads\/2017\/12\/IMG_2491-1125x1500.jpg 1125w, https:\/\/lusine.org\/wp-content\/uploads\/2017\/12\/IMG_2491-529x705.jpg 529w, https:\/\/lusine.org\/wp-content\/uploads\/2017\/12\/IMG_2491-450x600.jpg 450w, https:\/\/lusine.org\/wp-content\/uploads\/2017\/12\/IMG_2491.jpg 1134w\" data-sizes=\"(max-width: 773px) 100vw, 773px\"  aria-label=\"image IMG_2491\"  id='av-masonry-1-item-1397' data-av-masonry-item='1397' class='av-masonry-entry isotope-item post-1397 attachment type-attachment status-inherit hentry  av-masonry-item-with-image' title=\"IMG_2491\" alt=\"\"    itemprop=\"thumbnailUrl\" ><div class='av-inner-masonry-sizer'><\/div><figure class='av-inner-masonry main_color'><div class=\"av-masonry-outerimage-container\"><div class='av-masonry-image-container' style=\"background-image: url(https:\/\/lusine.org\/wp-content\/uploads\/2017\/12\/IMG_2491-529x705.jpg);\"  title=\"IMG_2491\" ><\/div><\/div><\/figure><\/a><!--end av-masonry entry--><a href=\"https:\/\/lusine.org\/wp-content\/uploads\/2017\/12\/IMG_2566-772x1030.jpg\" data-srcset=\"https:\/\/lusine.org\/wp-content\/uploads\/2017\/12\/IMG_2566-772x1030.jpg 772w, https:\/\/lusine.org\/wp-content\/uploads\/2017\/12\/IMG_2566-225x300.jpg 225w, https:\/\/lusine.org\/wp-content\/uploads\/2017\/12\/IMG_2566-768x1024.jpg 768w, https:\/\/lusine.org\/wp-content\/uploads\/2017\/12\/IMG_2566-1125x1500.jpg 1125w, https:\/\/lusine.org\/wp-content\/uploads\/2017\/12\/IMG_2566-529x705.jpg 529w, https:\/\/lusine.org\/wp-content\/uploads\/2017\/12\/IMG_2566-450x600.jpg 450w, https:\/\/lusine.org\/wp-content\/uploads\/2017\/12\/IMG_2566.jpg 1417w\" data-sizes=\"(max-width: 772px) 100vw, 772px\"  aria-label=\"image IMG_2566\"  id='av-masonry-1-item-1398' data-av-masonry-item='1398' class='av-masonry-entry isotope-item post-1398 attachment type-attachment status-inherit hentry  av-masonry-item-with-image' title=\"IMG_2566\" alt=\"\"    itemprop=\"thumbnailUrl\" ><div class='av-inner-masonry-sizer'><\/div><figure class='av-inner-masonry main_color'><div class=\"av-masonry-outerimage-container\"><div class='av-masonry-image-container' style=\"background-image: url(https:\/\/lusine.org\/wp-content\/uploads\/2017\/12\/IMG_2566-529x705.jpg);\"  title=\"IMG_2566\" ><\/div><\/div><\/figure><\/a><!--end av-masonry entry--><\/div><a class='av-masonry-pagination av-masonry-load-more' href='#load-more'  data-ids='1391,1392,1393,1394,1395,1396,1397,1398,1399,1400,1401,1402,1403'  data-ids_dynamic=''  data-caption_elements='none'  data-caption_styling=''  data-caption_display='always'  data-img_copyright=''  data-size='fixed'  data-orientation=''  data-image_size='masonry'  data-gap='large'  data-columns='4'  data-av-desktop-columns=''  data-av-medium-columns=''  data-av-small-columns=''  data-av-mini-columns=''  data-items='8'  data-paginate='load_more'  data-color=''  data-custom_bg=''  data-img_copyright_font=''  data-av-desktop-font-img_copyright_font=''  data-av-medium-font-img_copyright_font=''  data-av-small-font-img_copyright_font=''  data-av-mini-font-img_copyright_font=''  data-img_copyright_color=''  data-img_copyright_bg=''  data-animation='active'  data-animation_duration=''  data-animation_custom_bg_color=''  data-animation_custom_bg_color_multi_list=''  data-animation_z_index_curtain='100'  data-overlay_fx='active'  data-container_links='active'  data-link_dest=''  data-lightbox_text=''  data-img_scrset=''  data-lazy_loading='disabled'  data-av-desktop-hide=''  data-av-medium-hide=''  data-av-small-hide=''  data-av-mini-hide=''  data-alb_description=''  data-id=''  data-custom_class=''  data-template_class=''  data-av_uid=''  data-sc_version='1.0'  data-action=''  data-link='category'  data-post_type='post, page, attachment, revision, nav_menu_item, custom_css, customize_changeset, oembed_cache, user_request, wp_block, wp_template, wp_template_part, wp_global_styles, wp_navigation, wp_font_family, wp_font_face, alb_custom_layout, avia_framework_post, portfolio'  data-term_rel='IN'  data-offset='0'  data-container_class='av-masonry-gallery'  data-wc_prod_visible=''  data-wc_prod_hidden=''  data-wc_prod_featured=''  data-wc_prod_sale=''  data-prod_order_by=''  data-prod_order=''  data-sort='no'  data-auto_ratio='1.7'  data-set_breadcrumb='1'  data-custom_markup=''  data-query_orderby='date'  data-query_order='DESC'  data-date_filter=''  data-date_filter_start=''  data-date_filter_end=''  data-date_filter_format='yy\/mm\/dd'  data-period_filter_unit_1=''  data-period_filter_unit_2=''  data-page_element_filter=''  data-avno='99220ca9cf'>Charger plus<\/a><\/div><\/p><\/div>\n<div  class='hr av-av_hr-dcd2069817a0e3d34ae04cad8f3443c7 hr-default  avia-builder-el-12  el_after_av_one_full  avia-builder-el-last '><span class='hr-inner '><span class=\"hr-inner-style\"><\/span><\/span><\/div>\n","protected":false},"excerpt":{"rendered":"","protected":false},"author":1,"featured_media":0,"parent":0,"menu_order":0,"comment_status":"open","ping_status":"closed","template":"","meta":{"footnotes":""},"class_list":["post-22","page","type-page","status-publish","hentry"],"_links":{"self":[{"href":"https:\/\/lusine.org\/index.php\/wp-json\/wp\/v2\/pages\/22","targetHints":{"allow":["GET"]}}],"collection":[{"href":"https:\/\/lusine.org\/index.php\/wp-json\/wp\/v2\/pages"}],"about":[{"href":"https:\/\/lusine.org\/index.php\/wp-json\/wp\/v2\/types\/page"}],"author":[{"embeddable":true,"href":"https:\/\/lusine.org\/index.php\/wp-json\/wp\/v2\/users\/1"}],"replies":[{"embeddable":true,"href":"https:\/\/lusine.org\/index.php\/wp-json\/wp\/v2\/comments?post=22"}],"version-history":[{"count":32,"href":"https:\/\/lusine.org\/index.php\/wp-json\/wp\/v2\/pages\/22\/revisions"}],"predecessor-version":[{"id":2407,"href":"https:\/\/lusine.org\/index.php\/wp-json\/wp\/v2\/pages\/22\/revisions\/2407"}],"wp:attachment":[{"href":"https:\/\/lusine.org\/index.php\/wp-json\/wp\/v2\/media?parent=22"}],"curies":[{"name":"wp","href":"https:\/\/api.w.org\/{rel}","templated":true}]}}