{"id":2623,"date":"2024-04-02T14:46:31","date_gmt":"2024-04-02T12:46:31","guid":{"rendered":"https:\/\/lusine.org\/?page_id=2623"},"modified":"2024-07-16T14:50:37","modified_gmt":"2024-07-16T12:50:37","slug":"a-la-decouverte-du-lieu","status":"publish","type":"page","link":"https:\/\/lusine.org\/index.php\/01-la-maison-de-la-nature\/a-la-decouverte-du-lieu\/","title":{"rendered":"A LA D\u00c9COUVERTE DU LIEU"},"content":{"rendered":"\n<style type=\"text\/css\" data-created_by=\"avia_inline_auto\" id=\"style-css-av-ho95cv-d81361a2188bbb2aa38e54566bdd57c9\">\n.avia-section.av-ho95cv-d81361a2188bbb2aa38e54566bdd57c9{\nbackground-repeat:no-repeat;\nbackground-image:url(https:\/\/lusine.org\/wp-content\/uploads\/2024\/04\/9598256-1.jpg);\nbackground-position:0% 0%;\nbackground-attachment:scroll;\n}\n<\/style>\n<div id='av_section_1'  class='avia-section av-ho95cv-d81361a2188bbb2aa38e54566bdd57c9 main_color avia-section-default avia-no-border-styling  avia-builder-el-0  avia-builder-el-no-sibling  avia-bg-style-scroll container_wrap sidebar_right'  data-section-bg-repeat='no-repeat'><div class='container av-section-cont-open' ><main  role=\"main\" itemprop=\"mainContentOfPage\"  class='template-page content  av-content-small alpha units'><div class='post-entry post-entry-type-page post-entry-2623'><div class='entry-content-wrapper clearfix'>\n<section  class='av_textblock_section av-fzuq1b-4a14523105a3757b1b9ca1e8f0231e37 '   itemscope=\"itemscope\" itemtype=\"https:\/\/schema.org\/CreativeWork\" ><div class='avia_textblock'  itemprop=\"text\" ><p style=\"text-align: center;\"><span style=\"color: #000000;\"><strong>L&rsquo;Usine &#8211; Maison de la nature<\/strong><\/span><\/p>\n<\/div><\/section>\n\n<style type=\"text\/css\" data-created_by=\"avia_inline_auto\" id=\"style-css-av-egmze7-3cdfa45586911b532e8d486c7b9812b3\">\n#top .hr.av-egmze7-3cdfa45586911b532e8d486c7b9812b3{\nmargin-top:30px;\nmargin-bottom:30px;\n}\n.hr.av-egmze7-3cdfa45586911b532e8d486c7b9812b3 .hr-inner{\nwidth:50px;\nmax-width:45%;\n}\n<\/style>\n<div  class='hr av-egmze7-3cdfa45586911b532e8d486c7b9812b3 hr-custom  avia-builder-el-2  el_after_av_textblock  el_before_av_one_full  hr-center hr-icon-yes'><span class='hr-inner inner-border-av-border-thin'><span class=\"hr-inner-style\"><\/span><\/span><span class='av-seperator-icon avia-iconfont avia-font-entypo-fontello' data-av_icon='\ue834' data-av_iconfont='entypo-fontello' ><\/span><span class='hr-inner inner-border-av-border-thin'><span class=\"hr-inner-style\"><\/span><\/span><\/div>\n\n<style type=\"text\/css\" data-created_by=\"avia_inline_auto\" id=\"style-css-av-d0vzhr-968b2b1920713a385d88b8e1fa8ede6a\">\n.flex_column.av-d0vzhr-968b2b1920713a385d88b8e1fa8ede6a{\nborder-radius:0px 0px 0px 0px;\npadding:0px 0px 0px 0px;\n}\n<\/style>\n<div  class='flex_column av-d0vzhr-968b2b1920713a385d88b8e1fa8ede6a av_one_full  avia-builder-el-3  el_after_av_hr  el_before_av_hr  first flex_column_div av-zero-column-padding  '     ><style type=\"text\/css\" data-created_by=\"avia_inline_auto\" id=\"style-css-av-luqo7p6r-2a1635ffdcb7190193839801e8fd5286\">\n#top .av-special-heading.av-luqo7p6r-2a1635ffdcb7190193839801e8fd5286{\npadding-bottom:10px;\nfont-size:50px;\n}\nbody .av-special-heading.av-luqo7p6r-2a1635ffdcb7190193839801e8fd5286 .av-special-heading-tag .heading-char{\nfont-size:25px;\n}\n#top #wrap_all .av-special-heading.av-luqo7p6r-2a1635ffdcb7190193839801e8fd5286 .av-special-heading-tag{\nfont-size:50px;\n}\n.av-special-heading.av-luqo7p6r-2a1635ffdcb7190193839801e8fd5286 .av-subheading{\nfont-size:15px;\n}\n\n@media only screen and (min-width: 480px) and (max-width: 767px){ \n#top #wrap_all .av-special-heading.av-luqo7p6r-2a1635ffdcb7190193839801e8fd5286 .av-special-heading-tag{\nfont-size:0.8em;\n}\n}\n\n@media only screen and (max-width: 479px){ \n#top #wrap_all .av-special-heading.av-luqo7p6r-2a1635ffdcb7190193839801e8fd5286 .av-special-heading-tag{\nfont-size:0.8em;\n}\n}\n<\/style>\n<div  class='av-special-heading av-luqo7p6r-2a1635ffdcb7190193839801e8fd5286 av-special-heading-h1 custom-color-heading blockquote modern-quote modern-centered  avia-builder-el-4  avia-builder-el-no-sibling  av-inherit-size'><h1 class='av-special-heading-tag '  itemprop=\"headline\"  >A la d\u00e9couverte du lieu <\/h1><div class=\"special-heading-border\"><div class=\"special-heading-inner-border\"><\/div><\/div><\/div><\/div>\n<style type=\"text\/css\" data-created_by=\"avia_inline_auto\" id=\"style-css-av-22n64v-8105a3c08c46774c3ed8080c660e4600\">\n#top .hr.hr-invisible.av-22n64v-8105a3c08c46774c3ed8080c660e4600{\nheight:60px;\n}\n<\/style>\n<div  class='hr av-22n64v-8105a3c08c46774c3ed8080c660e4600 hr-invisible  avia-builder-el-5  el_after_av_one_full  el_before_av_one_fifth '><span class='hr-inner '><span class=\"hr-inner-style\"><\/span><\/span><\/div>\n<div  class='flex_column av-744ir3-1b7069083b859fc7ccde817f6a87e5b1 av_one_fifth  avia-builder-el-6  el_after_av_hr  el_before_av_three_fifth  first flex_column_div  '     ><\/div><div  class='flex_column av-6lknjj-5ba8611a676dc9829330b2ed0cd5ce10 av_three_fifth  avia-builder-el-7  el_after_av_one_fifth  el_before_av_one_fifth  flex_column_div  '     ><section  class='av_textblock_section av-luqo9b7l-5347e1caaaa488583c9a7d2f2543e26c '   itemscope=\"itemscope\" itemtype=\"https:\/\/schema.org\/CreativeWork\" ><div class='avia_textblock'  itemprop=\"text\" ><h2 style=\"text-align: center;\"><span style=\"color: #9b8e6c;\"><strong>Une fen\u00eatre ouverte sur le massif des Maures<\/strong><\/span><\/h2>\n<p style=\"text-align: justify;\">La Maison est blottie sur les pentes de la Corniche des Maures. Ici, en effet, du Rayol \u00e0 Cavalaire, les collines du massif plongent directement dans la M\u00e9diterran\u00e9e. Sur les fa\u00e7ades de l\u2019ancienne usine, des paillettes de micaschistes brillaient comme autant de r\u00e9sonances avec la g\u00e9ologie cristalline des Maures. Ce parement de pierre a \u00e9t\u00e9 conserv\u00e9. Il r\u00e9sonne comme un appel \u00e0 mieux comprendre la g\u00e9ologie des alentours. \u00c0 l\u2019int\u00e9rieur de la Maison, chaque ouverture dialogue avec les collines et la programmation s\u2019attachera \u00e0 valoriser ce patrimoine naturel.<\/p>\n<p style=\"text-align: justify;\">Le site a \u00e9t\u00e9 class\u00e9 par l\u2019\u00c9tat pour sa beaut\u00e9 et la valeur des lieux en 2007 : g\u00e9ologie, paysages et biodiversit\u00e9. La Maison de la Nature, par sa localisation en c\u0153ur de nature et \u00e0 proximit\u00e9 de nombreux sentiers de randonn\u00e9e, est un point de d\u00e9part id\u00e9al pour des visites guid\u00e9es naturalistes aux alentours.<\/p>\n<h2 style=\"text-align: center;\"><span style=\"color: #9b8e6c;\"><strong>Un ancrage territorial fort<\/strong><\/span><\/h2>\n<p style=\"text-align: justify;\">Faire jouer les compl\u00e9mentarit\u00e9s, croiser les dynamiques de territoire, coop\u00e9rer, c\u2019est ainsi que Cavalaire a imagin\u00e9 la Maison de la Nature\u00a0: un lieu qui a du sens parce qu\u2019il apporte une contribution \u00e0 un territoire plus vaste que la commune.<\/p>\n<p style=\"text-align: justify;\">Comme l\u2019ancienne halte ferroviaire du hameau du Dattier, la Maison de la Nature est un point d\u2019\u00e9tape. \u00a0\u00c0 l\u2019ouest, Le Rayol et son Jardin des M\u00e9diterran\u00e9es, \u00e0 l\u2019est, Pardigon puis la commune de La Croix-Valmer.<\/p>\n<p style=\"text-align: justify;\">La proximit\u00e9 de l\u2019ancienne voie ferr\u00e9e est une grande chance pour la Maison de la Nature. Cette voie se parcourt \u00e0 pied et \u00e0 v\u00e9lo depuis Le Rayol, et y verra prochainement la cr\u00e9ation d\u2019un sentier botanique. Les modes de d\u00e9placements doux seront favoris\u00e9s.<\/p>\n<h2 style=\"text-align: center;\"><span style=\"color: #9b8e6c;\"><strong>La Maison des Saveurs, le restaurant-salon de th\u00e9 de la Maison de la nature<\/strong><\/span><\/h2>\n<p>Notre restaurant-salon de th\u00e9 la Maison des Saveurs, situ\u00e9 au c\u0153ur du Massif des Maures met en avant une cuisine locale et saisonni\u00e8re promettant une exp\u00e9rience culinaire authentique et raffin\u00e9e qui privil\u00e9gie les produits frais, de saison, bio, issus de producteurs locaux.<\/p>\n<p>Venez-vous impr\u00e9gner de l\u2019atmosph\u00e8re conviviale et gourmande de notre \u00e9tablissement, o\u00f9 chaque bouch\u00e9e est une explosion de saveurs et une invitation \u00e0 la d\u00e9couverte.<\/p>\n<\/div><\/section><br \/>\n<div  class='avia-button-wrap av-lyoergej-defdc8b4f474ced4c7a98ffae70bde3b-wrap avia-button-center  avia-builder-el-9  el_after_av_textblock  avia-builder-el-last '><a href='https:\/\/lusine.org\/index.php\/la-maison-des-saveurs-menus\/'  class='avia-button av-lyoergej-defdc8b4f474ced4c7a98ffae70bde3b av-link-btn avia-icon_select-no avia-size-large avia-position-center avia-color-theme-color'   aria-label=\"D\u00e9couvrir la carte\"><span class='avia_iconbox_title' >D\u00e9couvrir la carte<\/span><\/a><\/div><\/p><\/div><div  class='flex_column av-47g367-6d6316a828ade5c0721fbb2682d20eda av_one_fifth  avia-builder-el-10  el_after_av_three_fifth  el_before_av_hr  flex_column_div  '     ><\/div>\n<style type=\"text\/css\" data-created_by=\"avia_inline_auto\" id=\"style-css-av-lur1og30-6188a96ccd7afb570f6e4712b09e16a0\">\n#top .hr.hr-invisible.av-lur1og30-6188a96ccd7afb570f6e4712b09e16a0{\nheight:60px;\n}\n<\/style>\n<div  class='hr av-lur1og30-6188a96ccd7afb570f6e4712b09e16a0 hr-invisible  avia-builder-el-11  el_after_av_one_fifth  el_before_av_horizontal_gallery  avia-builder-el-last '><span class='hr-inner '><span class=\"hr-inner-style\"><\/span><\/span><\/div>\n\n<style type=\"text\/css\" data-created_by=\"avia_inline_auto\" id=\"style-css-av-luqouaxm-82908ed41b399ba5b172fe74e63ddf43\">\n.av-horizontal-gallery.av-luqouaxm-82908ed41b399ba5b172fe74e63ddf43 .av-horizontal-gallery-inner{\npadding-bottom:50%;\n}\n<\/style>\n<div  class='av-horizontal-gallery av-luqouaxm-82908ed41b399ba5b172fe74e63ddf43 av-horizontal-gallery-large-gap av-horizontal-gallery--effect  avia-builder-el-12  el_after_av_hr  el_before_av_hr  av-slideshow-ui av-control-default av-nav-arrows-visible av-slideshow-manual av-loop-once av-loop-manual-once av-horizontal-gallery-1' data-slideshow-data=\"{&quot;animation&quot;:&quot;slide&quot;,&quot;autoplay&quot;:false,&quot;loop_autoplay&quot;:&quot;once&quot;,&quot;interval&quot;:5,&quot;loop_manual&quot;:&quot;manual-once&quot;,&quot;autoplay_stopper&quot;:false,&quot;noNavigation&quot;:false,&quot;bg_slider&quot;:false,&quot;keep_padding&quot;:&quot;&quot;,&quot;hoverpause&quot;:false,&quot;show_slide_delay&quot;:0}\"  itemprop=\"image\" itemscope=\"itemscope\" itemtype=\"https:\/\/schema.org\/ImageObject\" ><div class='avia-slideshow-arrows avia-slideshow-controls' ><a href='#prev' class='prev-slide av-horizontal-gallery-prev avia-svg-icon avia-font-svg_entypo-fontello' data-av_svg_icon='left-open-big' data-av_iconset='svg_entypo-fontello' tabindex='-1' title=\"Pr\u00e9c\u00e9dent\"><svg version=\"1.1\" xmlns=\"http:\/\/www.w3.org\/2000\/svg\" width=\"15\" height=\"32\" viewBox=\"0 0 15 32\" preserveAspectRatio=\"xMidYMid meet\" aria-labelledby='av-svg-title-1' aria-describedby='av-svg-desc-1' role=\"graphics-symbol\" aria-hidden=\"true\">\n<title id='av-svg-title-1'>Pr\u00e9c\u00e9dent<\/title>\n<desc id='av-svg-desc-1'>Pr\u00e9c\u00e9dent<\/desc>\n<path d=\"M14.464 27.84q0.832 0.832 0 1.536-0.832 0.832-1.536 0l-12.544-12.608q-0.768-0.768 0-1.6l12.544-12.608q0.704-0.832 1.536 0 0.832 0.704 0 1.536l-11.456 11.904z\"><\/path>\n<\/svg><span class='avia_hidden_link_text'>Pr\u00e9c\u00e9dent<\/span><\/a><a href='#next' class='next-slide av-horizontal-gallery-next avia-svg-icon avia-font-svg_entypo-fontello' data-av_svg_icon='right-open-big' data-av_iconset='svg_entypo-fontello' tabindex='-1' title=\"Suivant\"><svg version=\"1.1\" xmlns=\"http:\/\/www.w3.org\/2000\/svg\" width=\"15\" height=\"32\" viewBox=\"0 0 15 32\" preserveAspectRatio=\"xMidYMid meet\" aria-labelledby='av-svg-title-2' aria-describedby='av-svg-desc-2' role=\"graphics-symbol\" aria-hidden=\"true\">\n<title id='av-svg-title-2'>Suivant<\/title>\n<desc id='av-svg-desc-2'>Suivant<\/desc>\n<path d=\"M0.416 27.84l11.456-11.84-11.456-11.904q-0.832-0.832 0-1.536 0.832-0.832 1.536 0l12.544 12.608q0.768 0.832 0 1.6l-12.544 12.608q-0.704 0.832-1.536 0-0.832-0.704 0-1.536z\"><\/path>\n<\/svg><span class='avia_hidden_link_text'>Suivant<\/span><\/a><\/div><div class='avia-slideshow-dots avia-slideshow-controls av-horizontal-gallery-dots fade-in'><a href='#1' class='goto-slide active' >1<\/a><a href='#2' class='goto-slide ' >2<\/a><a href='#3' class='goto-slide ' >3<\/a><a href='#4' class='goto-slide ' >4<\/a><\/div><div class='av-horizontal-gallery-inner' data-av-height='50'><div class=\"av-horizontal-gallery-slider\"><div class=\"av-horizontal-gallery-wrap noHover\"><img decoding=\"async\" fetchpriority=\"high\" class='wp-image-2878 avia-img-lazy-loading-not-2878 av-horizontal-gallery-img' width=\"1500\" height=\"1000\" src=\"https:\/\/lusine.org\/wp-content\/uploads\/2024\/04\/DSC_7550-1500x1000.jpg\" title='DSC_7550' alt='' srcset=\"https:\/\/lusine.org\/wp-content\/uploads\/2024\/04\/DSC_7550-1500x1000.jpg 1500w, https:\/\/lusine.org\/wp-content\/uploads\/2024\/04\/DSC_7550-300x200.jpg 300w, https:\/\/lusine.org\/wp-content\/uploads\/2024\/04\/DSC_7550-1030x687.jpg 1030w, https:\/\/lusine.org\/wp-content\/uploads\/2024\/04\/DSC_7550-768x512.jpg 768w, https:\/\/lusine.org\/wp-content\/uploads\/2024\/04\/DSC_7550-1536x1024.jpg 1536w, https:\/\/lusine.org\/wp-content\/uploads\/2024\/04\/DSC_7550-2048x1365.jpg 2048w, https:\/\/lusine.org\/wp-content\/uploads\/2024\/04\/DSC_7550-705x470.jpg 705w\" sizes=\"(max-width: 1500px) 100vw, 1500px\" \/><a href=\"https:\/\/lusine.org\/wp-content\/uploads\/2024\/04\/DSC_7550-1030x687.jpg\" data-srcset=\"https:\/\/lusine.org\/wp-content\/uploads\/2024\/04\/DSC_7550-1030x687.jpg 1030w, https:\/\/lusine.org\/wp-content\/uploads\/2024\/04\/DSC_7550-300x200.jpg 300w, https:\/\/lusine.org\/wp-content\/uploads\/2024\/04\/DSC_7550-768x512.jpg 768w, https:\/\/lusine.org\/wp-content\/uploads\/2024\/04\/DSC_7550-1536x1024.jpg 1536w, https:\/\/lusine.org\/wp-content\/uploads\/2024\/04\/DSC_7550-2048x1365.jpg 2048w, https:\/\/lusine.org\/wp-content\/uploads\/2024\/04\/DSC_7550-1500x1000.jpg 1500w, https:\/\/lusine.org\/wp-content\/uploads\/2024\/04\/DSC_7550-705x470.jpg 705w\" data-sizes=\"(max-width: 1030px) 100vw, 1030px\" class='av-horizontal-gallery-link avia-svg-icon avia-font-svg_entypo-fontello' data-av_svg_icon='resize-full' data-av_iconset='svg_entypo-fontello' title='DSC_7550' alt='' aria-label='Ouvrir l\u2019image dans une Lightbox: DSC_7550'><svg version=\"1.1\" xmlns=\"http:\/\/www.w3.org\/2000\/svg\" width=\"25\" height=\"32\" viewBox=\"0 0 25 32\" preserveAspectRatio=\"xMidYMid meet\" aria-labelledby='av-svg-title-3' aria-describedby='av-svg-desc-3' role=\"graphics-symbol\" aria-hidden=\"true\">\n<title id='av-svg-title-3'>Ouvrir l\u2019image dans une Lightbox: DSC_7550<\/title>\n<desc id='av-svg-desc-3'>Ouvrir l\u2019image dans une Lightbox: DSC_7550<\/desc>\n<path d=\"M15.232 3.328h10.112v10.112l-3.2-3.968-4.672 4.864-3.2-3.2 4.864-4.672zM7.872 17.536l3.2 3.2-4.864 4.672 3.904 3.2h-10.112v-10.112l3.2 3.904z\"><\/path>\n<\/svg><\/a><\/div><div class=\"av-horizontal-gallery-wrap noHover\"><img decoding=\"async\" fetchpriority=\"high\" class='wp-image-2877 avia-img-lazy-loading-not-2877 av-horizontal-gallery-img' width=\"1500\" height=\"845\" src=\"https:\/\/lusine.org\/wp-content\/uploads\/2024\/04\/DJI_0070-1-1500x845.jpg\" title='DJI_0070' alt='' srcset=\"https:\/\/lusine.org\/wp-content\/uploads\/2024\/04\/DJI_0070-1-1500x845.jpg 1500w, https:\/\/lusine.org\/wp-content\/uploads\/2024\/04\/DJI_0070-1-300x169.jpg 300w, https:\/\/lusine.org\/wp-content\/uploads\/2024\/04\/DJI_0070-1-1030x580.jpg 1030w, https:\/\/lusine.org\/wp-content\/uploads\/2024\/04\/DJI_0070-1-768x433.jpg 768w, https:\/\/lusine.org\/wp-content\/uploads\/2024\/04\/DJI_0070-1-1536x866.jpg 1536w, https:\/\/lusine.org\/wp-content\/uploads\/2024\/04\/DJI_0070-1-2048x1154.jpg 2048w, https:\/\/lusine.org\/wp-content\/uploads\/2024\/04\/DJI_0070-1-705x397.jpg 705w\" sizes=\"(max-width: 1500px) 100vw, 1500px\" \/><a href=\"https:\/\/lusine.org\/wp-content\/uploads\/2024\/04\/DJI_0070-1-1030x580.jpg\" data-srcset=\"https:\/\/lusine.org\/wp-content\/uploads\/2024\/04\/DJI_0070-1-1030x580.jpg 1030w, https:\/\/lusine.org\/wp-content\/uploads\/2024\/04\/DJI_0070-1-300x169.jpg 300w, https:\/\/lusine.org\/wp-content\/uploads\/2024\/04\/DJI_0070-1-768x433.jpg 768w, https:\/\/lusine.org\/wp-content\/uploads\/2024\/04\/DJI_0070-1-1536x866.jpg 1536w, https:\/\/lusine.org\/wp-content\/uploads\/2024\/04\/DJI_0070-1-2048x1154.jpg 2048w, https:\/\/lusine.org\/wp-content\/uploads\/2024\/04\/DJI_0070-1-1500x845.jpg 1500w, https:\/\/lusine.org\/wp-content\/uploads\/2024\/04\/DJI_0070-1-705x397.jpg 705w\" data-sizes=\"(max-width: 1030px) 100vw, 1030px\" class='av-horizontal-gallery-link avia-svg-icon avia-font-svg_entypo-fontello' data-av_svg_icon='resize-full' data-av_iconset='svg_entypo-fontello' title='DJI_0070' alt='' aria-label='Ouvrir l\u2019image dans une Lightbox: DJI_0070'><svg version=\"1.1\" xmlns=\"http:\/\/www.w3.org\/2000\/svg\" width=\"25\" height=\"32\" viewBox=\"0 0 25 32\" preserveAspectRatio=\"xMidYMid meet\" aria-labelledby='av-svg-title-4' aria-describedby='av-svg-desc-4' role=\"graphics-symbol\" aria-hidden=\"true\">\n<title id='av-svg-title-4'>Ouvrir l\u2019image dans une Lightbox: DJI_0070<\/title>\n<desc id='av-svg-desc-4'>Ouvrir l\u2019image dans une Lightbox: DJI_0070<\/desc>\n<path d=\"M15.232 3.328h10.112v10.112l-3.2-3.968-4.672 4.864-3.2-3.2 4.864-4.672zM7.872 17.536l3.2 3.2-4.864 4.672 3.904 3.2h-10.112v-10.112l3.2 3.904z\"><\/path>\n<\/svg><\/a><\/div><div class=\"av-horizontal-gallery-wrap noHover\"><img decoding=\"async\" fetchpriority=\"high\" class='wp-image-2876 avia-img-lazy-loading-not-2876 av-horizontal-gallery-img' width=\"1500\" height=\"843\" src=\"https:\/\/lusine.org\/wp-content\/uploads\/2024\/04\/DJI_00632-1500x843.jpg\" title='DJI_00632' alt='' srcset=\"https:\/\/lusine.org\/wp-content\/uploads\/2024\/04\/DJI_00632-1500x843.jpg 1500w, https:\/\/lusine.org\/wp-content\/uploads\/2024\/04\/DJI_00632-300x169.jpg 300w, https:\/\/lusine.org\/wp-content\/uploads\/2024\/04\/DJI_00632-1030x579.jpg 1030w, https:\/\/lusine.org\/wp-content\/uploads\/2024\/04\/DJI_00632-768x432.jpg 768w, https:\/\/lusine.org\/wp-content\/uploads\/2024\/04\/DJI_00632-1536x864.jpg 1536w, https:\/\/lusine.org\/wp-content\/uploads\/2024\/04\/DJI_00632-2048x1152.jpg 2048w, https:\/\/lusine.org\/wp-content\/uploads\/2024\/04\/DJI_00632-705x396.jpg 705w\" sizes=\"(max-width: 1500px) 100vw, 1500px\" \/><a href=\"https:\/\/lusine.org\/wp-content\/uploads\/2024\/04\/DJI_00632-1030x579.jpg\" data-srcset=\"https:\/\/lusine.org\/wp-content\/uploads\/2024\/04\/DJI_00632-1030x579.jpg 1030w, https:\/\/lusine.org\/wp-content\/uploads\/2024\/04\/DJI_00632-300x169.jpg 300w, https:\/\/lusine.org\/wp-content\/uploads\/2024\/04\/DJI_00632-768x432.jpg 768w, https:\/\/lusine.org\/wp-content\/uploads\/2024\/04\/DJI_00632-1536x864.jpg 1536w, https:\/\/lusine.org\/wp-content\/uploads\/2024\/04\/DJI_00632-2048x1152.jpg 2048w, https:\/\/lusine.org\/wp-content\/uploads\/2024\/04\/DJI_00632-1500x843.jpg 1500w, https:\/\/lusine.org\/wp-content\/uploads\/2024\/04\/DJI_00632-705x396.jpg 705w\" data-sizes=\"(max-width: 1030px) 100vw, 1030px\" class='av-horizontal-gallery-link avia-svg-icon avia-font-svg_entypo-fontello' data-av_svg_icon='resize-full' data-av_iconset='svg_entypo-fontello' title='DJI_00632' alt='' aria-label='Ouvrir l\u2019image dans une Lightbox: DJI_00632'><svg version=\"1.1\" xmlns=\"http:\/\/www.w3.org\/2000\/svg\" width=\"25\" height=\"32\" viewBox=\"0 0 25 32\" preserveAspectRatio=\"xMidYMid meet\" aria-labelledby='av-svg-title-5' aria-describedby='av-svg-desc-5' role=\"graphics-symbol\" aria-hidden=\"true\">\n<title id='av-svg-title-5'>Ouvrir l\u2019image dans une Lightbox: DJI_00632<\/title>\n<desc id='av-svg-desc-5'>Ouvrir l\u2019image dans une Lightbox: DJI_00632<\/desc>\n<path d=\"M15.232 3.328h10.112v10.112l-3.2-3.968-4.672 4.864-3.2-3.2 4.864-4.672zM7.872 17.536l3.2 3.2-4.864 4.672 3.904 3.2h-10.112v-10.112l3.2 3.904z\"><\/path>\n<\/svg><\/a><\/div><div class=\"av-horizontal-gallery-wrap noHover\"><img decoding=\"async\" fetchpriority=\"high\" class='wp-image-2864 avia-img-lazy-loading-not-2864 av-horizontal-gallery-img' width=\"1500\" height=\"1001\" src=\"https:\/\/lusine.org\/wp-content\/uploads\/2024\/04\/2.jpg\" title='2' alt='' srcset=\"https:\/\/lusine.org\/wp-content\/uploads\/2024\/04\/2.jpg 1500w, https:\/\/lusine.org\/wp-content\/uploads\/2024\/04\/2-300x200.jpg 300w, https:\/\/lusine.org\/wp-content\/uploads\/2024\/04\/2-1030x687.jpg 1030w, https:\/\/lusine.org\/wp-content\/uploads\/2024\/04\/2-768x513.jpg 768w, https:\/\/lusine.org\/wp-content\/uploads\/2024\/04\/2-705x470.jpg 705w\" sizes=\"(max-width: 1500px) 100vw, 1500px\" \/><a href=\"https:\/\/lusine.org\/wp-content\/uploads\/2024\/04\/2-1030x687.jpg\" data-srcset=\"https:\/\/lusine.org\/wp-content\/uploads\/2024\/04\/2-1030x687.jpg 1030w, https:\/\/lusine.org\/wp-content\/uploads\/2024\/04\/2-300x200.jpg 300w, https:\/\/lusine.org\/wp-content\/uploads\/2024\/04\/2-768x513.jpg 768w, https:\/\/lusine.org\/wp-content\/uploads\/2024\/04\/2-705x470.jpg 705w, https:\/\/lusine.org\/wp-content\/uploads\/2024\/04\/2.jpg 1500w\" data-sizes=\"(max-width: 1030px) 100vw, 1030px\" class='av-horizontal-gallery-link avia-svg-icon avia-font-svg_entypo-fontello' data-av_svg_icon='resize-full' data-av_iconset='svg_entypo-fontello' title='2' alt='' aria-label='Ouvrir l\u2019image dans une Lightbox: 2'><svg version=\"1.1\" xmlns=\"http:\/\/www.w3.org\/2000\/svg\" width=\"25\" height=\"32\" viewBox=\"0 0 25 32\" preserveAspectRatio=\"xMidYMid meet\" aria-labelledby='av-svg-title-6' aria-describedby='av-svg-desc-6' role=\"graphics-symbol\" aria-hidden=\"true\">\n<title id='av-svg-title-6'>Ouvrir l\u2019image dans une Lightbox: 2<\/title>\n<desc id='av-svg-desc-6'>Ouvrir l\u2019image dans une Lightbox: 2<\/desc>\n<path d=\"M15.232 3.328h10.112v10.112l-3.2-3.968-4.672 4.864-3.2-3.2 4.864-4.672zM7.872 17.536l3.2 3.2-4.864 4.672 3.904 3.2h-10.112v-10.112l3.2 3.904z\"><\/path>\n<\/svg><\/a><\/div><\/div><\/div><\/div>\n\n<style type=\"text\/css\" data-created_by=\"avia_inline_auto\" id=\"style-css-av-2qmxtb-d48780be77141f2845274808c92cda94\">\n#top .hr.hr-invisible.av-2qmxtb-d48780be77141f2845274808c92cda94{\nheight:30px;\n}\n<\/style>\n<div  class='hr av-2qmxtb-d48780be77141f2845274808c92cda94 hr-invisible  avia-builder-el-13  el_after_av_horizontal_gallery  el_before_av_button  avia-builder-el-first '><span class='hr-inner '><span class=\"hr-inner-style\"><\/span><\/span><\/div>\n<div  class='avia-button-wrap av-lye6qldj-b639090059c3a90ac77fa98d4374bbe1-wrap avia-button-center  avia-builder-el-14  el_after_av_hr  el_before_av_hr '><a href='https:\/\/lusine.qweekle.com\/shop\/lusine\/booking?lang=fr'  class='avia-button av-lye6qldj-b639090059c3a90ac77fa98d4374bbe1 av-link-btn avia-icon_select-no avia-size-x-large avia-position-center avia-color-theme-color'  target=\"_blank\"  rel=\"noopener noreferrer\"  aria-label=\"R\u00e9servez votre visite\"><span class='avia_iconbox_title' >R\u00e9servez votre visite<\/span><\/a><\/div>\n\n<style type=\"text\/css\" data-created_by=\"avia_inline_auto\" id=\"style-css-av-2eq1zz-d495890dd74d97c15aa858e73c0b3357\">\n#top .hr.hr-invisible.av-2eq1zz-d495890dd74d97c15aa858e73c0b3357{\nheight:30px;\n}\n<\/style>\n<div  class='hr av-2eq1zz-d495890dd74d97c15aa858e73c0b3357 hr-invisible  avia-builder-el-15  el_after_av_button  avia-builder-el-last '><span class='hr-inner '><span class=\"hr-inner-style\"><\/span><\/span><\/div>\n<\/div><\/div><\/main><!-- close content main element --><\/div><\/div><div id='after_section_1'  class='main_color av_default_container_wrap container_wrap sidebar_right'  ><div class='container av-section-cont-open' ><div class='template-page content  av-content-small alpha units'><div class='post-entry post-entry-type-page post-entry-2623'><div class='entry-content-wrapper clearfix'>\n","protected":false},"excerpt":{"rendered":"","protected":false},"author":1,"featured_media":0,"parent":2620,"menu_order":0,"comment_status":"closed","ping_status":"closed","template":"","meta":{"footnotes":""},"class_list":["post-2623","page","type-page","status-publish","hentry"],"_links":{"self":[{"href":"https:\/\/lusine.org\/index.php\/wp-json\/wp\/v2\/pages\/2623","targetHints":{"allow":["GET"]}}],"collection":[{"href":"https:\/\/lusine.org\/index.php\/wp-json\/wp\/v2\/pages"}],"about":[{"href":"https:\/\/lusine.org\/index.php\/wp-json\/wp\/v2\/types\/page"}],"author":[{"embeddable":true,"href":"https:\/\/lusine.org\/index.php\/wp-json\/wp\/v2\/users\/1"}],"replies":[{"embeddable":true,"href":"https:\/\/lusine.org\/index.php\/wp-json\/wp\/v2\/comments?post=2623"}],"version-history":[{"count":36,"href":"https:\/\/lusine.org\/index.php\/wp-json\/wp\/v2\/pages\/2623\/revisions"}],"predecessor-version":[{"id":3817,"href":"https:\/\/lusine.org\/index.php\/wp-json\/wp\/v2\/pages\/2623\/revisions\/3817"}],"up":[{"embeddable":true,"href":"https:\/\/lusine.org\/index.php\/wp-json\/wp\/v2\/pages\/2620"}],"wp:attachment":[{"href":"https:\/\/lusine.org\/index.php\/wp-json\/wp\/v2\/media?parent=2623"}],"curies":[{"name":"wp","href":"https:\/\/api.w.org\/{rel}","templated":true}]}}