{"id":2631,"date":"2024-04-02T15:52:49","date_gmt":"2024-04-02T13:52:49","guid":{"rendered":"https:\/\/lusine.org\/?page_id=2631"},"modified":"2024-05-22T13:49:25","modified_gmt":"2024-05-22T11:49:25","slug":"vos-evenements-prives","status":"publish","type":"page","link":"https:\/\/lusine.org\/index.php\/01-la-maison-de-la-nature\/vos-evenements-prives\/","title":{"rendered":"VOS \u00c9V\u00c9NEMENTS PRIV\u00c9S"},"content":{"rendered":"\n<style type=\"text\/css\" data-created_by=\"avia_inline_auto\" id=\"style-css-av-1d38uv-4bd36838faab335af85d10cf18e1760e\">\n.avia-section.av-1d38uv-4bd36838faab335af85d10cf18e1760e{\nbackground-repeat:no-repeat;\nbackground-image:url(https:\/\/lusine.org\/wp-content\/uploads\/2024\/04\/9598256-1.jpg);\nbackground-position:0% 0%;\nbackground-attachment:scroll;\n}\n<\/style>\n<div id='av_section_1'  class='avia-section av-1d38uv-4bd36838faab335af85d10cf18e1760e main_color avia-section-default avia-no-border-styling  avia-builder-el-0  avia-builder-el-no-sibling  avia-bg-style-scroll container_wrap sidebar_right'  data-section-bg-repeat='no-repeat'><div class='container av-section-cont-open' ><main  role=\"main\" itemprop=\"mainContentOfPage\"  class='template-page content  av-content-small alpha units'><div class='post-entry post-entry-type-page post-entry-2631'><div class='entry-content-wrapper clearfix'>\n<section  class='av_textblock_section av-lusbu50s-a67bac6c69652c03b6cc15e5c61ffd1f '   itemscope=\"itemscope\" itemtype=\"https:\/\/schema.org\/CreativeWork\" ><div class='avia_textblock'  itemprop=\"text\" ><p style=\"text-align: center;\"><span style=\"color: #000000;\"><strong>\u00c9v\u00e9nements priv\u00e9s<br \/>\n<\/strong><\/span><\/p>\n<\/div><\/section>\n\n<style type=\"text\/css\" data-created_by=\"avia_inline_auto\" id=\"style-css-av-cfhvqf-799a4690304bcaaa1bc62ebe56e0639a\">\n#top .hr.av-cfhvqf-799a4690304bcaaa1bc62ebe56e0639a{\nmargin-top:30px;\nmargin-bottom:30px;\n}\n.hr.av-cfhvqf-799a4690304bcaaa1bc62ebe56e0639a .hr-inner{\nwidth:50px;\nmax-width:45%;\n}\n<\/style>\n<div  class='hr av-cfhvqf-799a4690304bcaaa1bc62ebe56e0639a hr-custom  avia-builder-el-2  el_after_av_textblock  el_before_av_one_full  hr-center hr-icon-yes'><span class='hr-inner inner-border-av-border-thin'><span class=\"hr-inner-style\"><\/span><\/span><span class='av-seperator-icon avia-iconfont avia-font-entypo-fontello' data-av_icon='\ue834' data-av_iconfont='entypo-fontello' ><\/span><span class='hr-inner inner-border-av-border-thin'><span class=\"hr-inner-style\"><\/span><\/span><\/div>\n\n<style type=\"text\/css\" data-created_by=\"avia_inline_auto\" id=\"style-css-av-12m8br-cda2469d8d7c01bbf19e29edf8176c97\">\n.flex_column.av-12m8br-cda2469d8d7c01bbf19e29edf8176c97{\nborder-radius:0px 0px 0px 0px;\npadding:0px 0px 0px 0px;\n}\n<\/style>\n<div  class='flex_column av-12m8br-cda2469d8d7c01bbf19e29edf8176c97 av_one_full  avia-builder-el-3  el_after_av_hr  el_before_av_one_fifth  first flex_column_div av-zero-column-padding  '     ><p>\n<style type=\"text\/css\" data-created_by=\"avia_inline_auto\" id=\"style-css-av-lusbv17o-fe24a07f829abe6aeef7dd69f602cc1e\">\n#top .av-special-heading.av-lusbv17o-fe24a07f829abe6aeef7dd69f602cc1e{\npadding-bottom:10px;\nfont-size:50px;\n}\nbody .av-special-heading.av-lusbv17o-fe24a07f829abe6aeef7dd69f602cc1e .av-special-heading-tag .heading-char{\nfont-size:25px;\n}\n#top #wrap_all .av-special-heading.av-lusbv17o-fe24a07f829abe6aeef7dd69f602cc1e .av-special-heading-tag{\nfont-size:50px;\n}\n.av-special-heading.av-lusbv17o-fe24a07f829abe6aeef7dd69f602cc1e .av-subheading{\nfont-size:15px;\n}\n\n@media only screen and (min-width: 480px) and (max-width: 767px){ \n#top #wrap_all .av-special-heading.av-lusbv17o-fe24a07f829abe6aeef7dd69f602cc1e .av-special-heading-tag{\nfont-size:0.8em;\n}\n}\n\n@media only screen and (max-width: 479px){ \n#top #wrap_all .av-special-heading.av-lusbv17o-fe24a07f829abe6aeef7dd69f602cc1e .av-special-heading-tag{\nfont-size:0.8em;\n}\n}\n<\/style>\n<div  class='av-special-heading av-lusbv17o-fe24a07f829abe6aeef7dd69f602cc1e av-special-heading-h1 custom-color-heading blockquote modern-quote modern-centered  avia-builder-el-4  el_before_av_hr  avia-builder-el-first  av-inherit-size'><h1 class='av-special-heading-tag '  itemprop=\"headline\"  >Vos \u00e9v\u00e9nements priv\u00e9s<\/h1><div class=\"special-heading-border\"><div class=\"special-heading-inner-border\"><\/div><\/div><\/div><br \/>\n\n<style type=\"text\/css\" data-created_by=\"avia_inline_auto\" id=\"style-css-av-w9yqf-c8456ac68f1a1d6aba917318e72a77b1\">\n#top .hr.hr-invisible.av-w9yqf-c8456ac68f1a1d6aba917318e72a77b1{\nheight:40px;\n}\n<\/style>\n<div  class='hr av-w9yqf-c8456ac68f1a1d6aba917318e72a77b1 hr-invisible  avia-builder-el-5  el_after_av_heading  avia-builder-el-last '><span class='hr-inner '><span class=\"hr-inner-style\"><\/span><\/span><\/div><\/p><\/div><div  class='flex_column av-76xwg7-a25a5c7050270de1d7e234a61dc9f1c6 av_one_fifth  avia-builder-el-6  el_after_av_one_full  el_before_av_three_fifth  first flex_column_div  column-top-margin'     ><\/div><div  class='flex_column av-5z3jgn-87ce0c3e82991fc568ef1f9483ff5fdc av_three_fifth  avia-builder-el-7  el_after_av_one_fifth  el_before_av_one_fifth  flex_column_div  column-top-margin'     ><section  class='av_textblock_section av-lusdis17-4ba34c47748801428cca1f7023133e80 '   itemscope=\"itemscope\" itemtype=\"https:\/\/schema.org\/CreativeWork\" ><div class='avia_textblock'  itemprop=\"text\" ><p style=\"text-align: center;\"><strong>Si vous souhaitez organiser une \u00e9v\u00e9nement priv\u00e9, un s\u00e9minaire, des r\u00e9unions professionnelles, une soir\u00e9e concert, la Maison de la Nature, nich\u00e9 au c\u0153ur du Massif des Maures, vous propose un lieu unique et exceptionnel.<br \/>\n<\/strong><\/p>\n<p style=\"text-align: center;\"><strong>N\u2019h\u00e9sitez pas \u00e0 nous contacter pour d\u00e9couvrir nos diff\u00e9rentes formules.\u00a0<\/strong><\/p>\n<\/div><\/section><br \/>\n\n<style type=\"text\/css\" data-created_by=\"avia_inline_auto\" id=\"style-css-av-2q5d3r-98cf36bc9ae566d1f9254d9971b73c04\">\n#top .hr.hr-invisible.av-2q5d3r-98cf36bc9ae566d1f9254d9971b73c04{\nheight:40px;\n}\n<\/style>\n<div  class='hr av-2q5d3r-98cf36bc9ae566d1f9254d9971b73c04 hr-invisible  avia-builder-el-9  el_after_av_textblock  el_before_av_button '><span class='hr-inner '><span class=\"hr-inner-style\"><\/span><\/span><\/div><br \/>\n<div  class='avia-button-wrap av-lusdkz18-622f9519e6d23aa4af1fc6ee6b39efa7-wrap avia-button-center  avia-builder-el-10  el_after_av_hr  avia-builder-el-last '><a href='mailto:contact@lusine.org'  class='avia-button av-lusdkz18-622f9519e6d23aa4af1fc6ee6b39efa7 av-link-btn avia-icon_select-yes-left-icon avia-size-large avia-position-center avia-color-theme-color'   aria-label=\"Nous contacter\"><span class='avia_button_icon avia_button_icon_left avia-iconfont avia-font-entypo-fontello' data-av_icon='\ue805' data-av_iconfont='entypo-fontello' ><\/span><span class='avia_iconbox_title' >Nous contacter<\/span><\/a><\/div><\/p><\/div><div  class='flex_column av-4hto93-249bae0f714ae355a6b9e6c51a3eb93f av_one_fifth  avia-builder-el-11  el_after_av_three_fifth  el_before_av_hr  flex_column_div  column-top-margin'     ><\/div>\n<style type=\"text\/css\" data-created_by=\"avia_inline_auto\" id=\"style-css-av-2cljdj-c178371569277510fa9cfd6854c1e274\">\n#top .hr.hr-invisible.av-2cljdj-c178371569277510fa9cfd6854c1e274{\nheight:60px;\n}\n<\/style>\n<div  class='hr av-2cljdj-c178371569277510fa9cfd6854c1e274 hr-invisible  avia-builder-el-12  el_after_av_one_fifth  avia-builder-el-last '><span class='hr-inner '><span class=\"hr-inner-style\"><\/span><\/span><\/div>\n<\/div><\/div><\/main><!-- close content main element --><\/div><\/div><div id='after_section_1'  class='main_color av_default_container_wrap container_wrap sidebar_right'  ><div class='container av-section-cont-open' ><div class='template-page content  av-content-small alpha units'><div class='post-entry post-entry-type-page post-entry-2631'><div class='entry-content-wrapper clearfix'>\n","protected":false},"excerpt":{"rendered":"","protected":false},"author":1,"featured_media":0,"parent":2620,"menu_order":0,"comment_status":"closed","ping_status":"closed","template":"","meta":{"footnotes":""},"class_list":["post-2631","page","type-page","status-publish","hentry"],"_links":{"self":[{"href":"https:\/\/lusine.org\/index.php\/wp-json\/wp\/v2\/pages\/2631","targetHints":{"allow":["GET"]}}],"collection":[{"href":"https:\/\/lusine.org\/index.php\/wp-json\/wp\/v2\/pages"}],"about":[{"href":"https:\/\/lusine.org\/index.php\/wp-json\/wp\/v2\/types\/page"}],"author":[{"embeddable":true,"href":"https:\/\/lusine.org\/index.php\/wp-json\/wp\/v2\/users\/1"}],"replies":[{"embeddable":true,"href":"https:\/\/lusine.org\/index.php\/wp-json\/wp\/v2\/comments?post=2631"}],"version-history":[{"count":7,"href":"https:\/\/lusine.org\/index.php\/wp-json\/wp\/v2\/pages\/2631\/revisions"}],"predecessor-version":[{"id":3763,"href":"https:\/\/lusine.org\/index.php\/wp-json\/wp\/v2\/pages\/2631\/revisions\/3763"}],"up":[{"embeddable":true,"href":"https:\/\/lusine.org\/index.php\/wp-json\/wp\/v2\/pages\/2620"}],"wp:attachment":[{"href":"https:\/\/lusine.org\/index.php\/wp-json\/wp\/v2\/media?parent=2631"}],"curies":[{"name":"wp","href":"https:\/\/api.w.org\/{rel}","templated":true}]}}