{"id":2655,"date":"2024-04-02T16:27:54","date_gmt":"2024-04-02T14:27:54","guid":{"rendered":"https:\/\/lusine.org\/?page_id=2655"},"modified":"2026-02-12T15:14:29","modified_gmt":"2026-02-12T14:14:29","slug":"visites-guidees","status":"publish","type":"page","link":"https:\/\/lusine.org\/index.php\/la-maison-foncin\/visites-guidees\/","title":{"rendered":"VISITES GUID\u00c9ES"},"content":{"rendered":"\n<style type=\"text\/css\" data-created_by=\"avia_inline_auto\" id=\"style-css-av-2tttn3-e1f4f3acd52a3c7f2ce526c42c5e0e54\">\n.avia-section.av-2tttn3-e1f4f3acd52a3c7f2ce526c42c5e0e54{\nbackground-repeat:no-repeat;\nbackground-image:url(https:\/\/lusine.org\/wp-content\/uploads\/2024\/04\/9598256-1.jpg);\nbackground-position:0% 0%;\nbackground-attachment:scroll;\n}\n<\/style>\n<div id='av_section_1'  class='avia-section av-2tttn3-e1f4f3acd52a3c7f2ce526c42c5e0e54 main_color avia-section-default avia-no-border-styling  avia-builder-el-0  el_before_av_section  avia-builder-el-first  avia-bg-style-scroll container_wrap sidebar_right'  data-section-bg-repeat='no-repeat'><div class='container av-section-cont-open' ><main  role=\"main\" itemprop=\"mainContentOfPage\"  class='template-page content  av-content-small alpha units'><div class='post-entry post-entry-type-page post-entry-2655'><div class='entry-content-wrapper clearfix'>\n<section  class='av_textblock_section av-lv22zh8a-d742ab06fb03079a5a90525f740f34d8 '   itemscope=\"itemscope\" itemtype=\"https:\/\/schema.org\/CreativeWork\" ><div class='avia_textblock'  itemprop=\"text\" ><p style=\"text-align: center;\"><span style=\"color: #000000;\"><strong>Maison Foncin<\/strong><\/span><\/p>\n<\/div><\/section>\n\n<style type=\"text\/css\" data-created_by=\"avia_inline_auto\" id=\"style-css-av-rdcnxr-611a8936ba6cf6a2ac2eafa33555d74f\">\n#top .hr.av-rdcnxr-611a8936ba6cf6a2ac2eafa33555d74f{\nmargin-top:30px;\nmargin-bottom:30px;\n}\n.hr.av-rdcnxr-611a8936ba6cf6a2ac2eafa33555d74f .hr-inner{\nwidth:50px;\nmax-width:45%;\n}\n<\/style>\n<div  class='hr av-rdcnxr-611a8936ba6cf6a2ac2eafa33555d74f hr-custom  avia-builder-el-2  el_after_av_textblock  el_before_av_one_full  hr-center hr-icon-yes'><span class='hr-inner inner-border-av-border-thin'><span class=\"hr-inner-style\"><\/span><\/span><span class='av-seperator-icon avia-iconfont avia-font-entypo-fontello' data-av_icon='\ue834' data-av_iconfont='entypo-fontello' ><\/span><span class='hr-inner inner-border-av-border-thin'><span class=\"hr-inner-style\"><\/span><\/span><\/div>\n\n<style type=\"text\/css\" data-created_by=\"avia_inline_auto\" id=\"style-css-av-pfgdin-199dc50c0ebd2141b3a9799a84622453\">\n.flex_column.av-pfgdin-199dc50c0ebd2141b3a9799a84622453{\nborder-radius:0px 0px 0px 0px;\npadding:0px 0px 0px 0px;\n}\n<\/style>\n<div  class='flex_column av-pfgdin-199dc50c0ebd2141b3a9799a84622453 av_one_full  avia-builder-el-3  el_after_av_hr  el_before_av_one_fifth  first flex_column_div av-zero-column-padding  '     ><p>\n<style type=\"text\/css\" data-created_by=\"avia_inline_auto\" id=\"style-css-av-lv230s2p-f42b5d51de999edad88564c432c9c721\">\n#top .av-special-heading.av-lv230s2p-f42b5d51de999edad88564c432c9c721{\npadding-bottom:10px;\nfont-size:50px;\n}\nbody .av-special-heading.av-lv230s2p-f42b5d51de999edad88564c432c9c721 .av-special-heading-tag .heading-char{\nfont-size:25px;\n}\n#top #wrap_all .av-special-heading.av-lv230s2p-f42b5d51de999edad88564c432c9c721 .av-special-heading-tag{\nfont-size:50px;\n}\n.av-special-heading.av-lv230s2p-f42b5d51de999edad88564c432c9c721 .av-subheading{\nfont-size:15px;\n}\n\n@media only screen and (min-width: 480px) and (max-width: 767px){ \n#top #wrap_all .av-special-heading.av-lv230s2p-f42b5d51de999edad88564c432c9c721 .av-special-heading-tag{\nfont-size:0.8em;\n}\n}\n\n@media only screen and (max-width: 479px){ \n#top #wrap_all .av-special-heading.av-lv230s2p-f42b5d51de999edad88564c432c9c721 .av-special-heading-tag{\nfont-size:0.8em;\n}\n}\n<\/style>\n<div  class='av-special-heading av-lv230s2p-f42b5d51de999edad88564c432c9c721 av-special-heading-h1 custom-color-heading blockquote modern-quote modern-centered  avia-builder-el-4  el_before_av_hr  avia-builder-el-first  av-inherit-size'><h1 class='av-special-heading-tag '  itemprop=\"headline\"  >Les visites guid\u00e9es de la Maison Foncin<\/h1><div class=\"special-heading-border\"><div class=\"special-heading-inner-border\"><\/div><\/div><\/div><br \/>\n\n<style type=\"text\/css\" data-created_by=\"avia_inline_auto\" id=\"style-css-av-ndcza7-c7404ad76608320001fbd85c56b6e82a\">\n#top .hr.hr-invisible.av-ndcza7-c7404ad76608320001fbd85c56b6e82a{\nheight:40px;\n}\n<\/style>\n<div  class='hr av-ndcza7-c7404ad76608320001fbd85c56b6e82a hr-invisible  avia-builder-el-5  el_after_av_heading  el_before_av_image '><span class='hr-inner '><span class=\"hr-inner-style\"><\/span><\/span><\/div><br \/>\n\n<style type=\"text\/css\" data-created_by=\"avia_inline_auto\" id=\"style-css-av-lv23bdvc-a7c9d401a5392b93b0cdd926ef8f096d\">\n.avia-image-container.av-lv23bdvc-a7c9d401a5392b93b0cdd926ef8f096d img.avia_image{\nbox-shadow:none;\n}\n.avia-image-container.av-lv23bdvc-a7c9d401a5392b93b0cdd926ef8f096d .av-image-caption-overlay-center{\ncolor:#ffffff;\n}\n<\/style>\n<div  class='avia-image-container av-lv23bdvc-a7c9d401a5392b93b0cdd926ef8f096d av-styling- avia-align-center  avia-builder-el-6  el_after_av_hr  avia-builder-el-last '   itemprop=\"image\" itemscope=\"itemscope\" itemtype=\"https:\/\/schema.org\/ImageObject\" ><div class=\"avia-image-container-inner\"><div class=\"avia-image-overlay-wrap\"><img decoding=\"async\" fetchpriority=\"high\" class='wp-image-3076 avia-img-lazy-loading-not-3076 avia_image ' src=\"https:\/\/lusine.org\/wp-content\/uploads\/2022\/05\/DJI_0034.jpg\" alt='' title='DJI_0034'  height=\"1124\" width=\"2000\"  itemprop=\"thumbnailUrl\" srcset=\"https:\/\/lusine.org\/wp-content\/uploads\/2022\/05\/DJI_0034.jpg 2000w, https:\/\/lusine.org\/wp-content\/uploads\/2022\/05\/DJI_0034-300x169.jpg 300w, https:\/\/lusine.org\/wp-content\/uploads\/2022\/05\/DJI_0034-1030x579.jpg 1030w, https:\/\/lusine.org\/wp-content\/uploads\/2022\/05\/DJI_0034-768x432.jpg 768w, https:\/\/lusine.org\/wp-content\/uploads\/2022\/05\/DJI_0034-1536x863.jpg 1536w, https:\/\/lusine.org\/wp-content\/uploads\/2022\/05\/DJI_0034-1500x843.jpg 1500w, https:\/\/lusine.org\/wp-content\/uploads\/2022\/05\/DJI_0034-705x396.jpg 705w\" sizes=\"(max-width: 2000px) 100vw, 2000px\" \/><\/div><\/div><\/div><\/p><\/div><div  class='flex_column av-5iaosf-c1046b20a133f813364530bfa55cc33d av_one_fifth  avia-builder-el-7  el_after_av_one_full  el_before_av_three_fifth  first flex_column_div  column-top-margin'     ><\/div><div  class='flex_column av-k0m9sv-a26c000f6c175c4fd95a4198003c6c2d av_three_fifth  avia-builder-el-8  el_after_av_one_fifth  el_before_av_one_fifth  flex_column_div  column-top-margin'     ><style type=\"text\/css\" data-created_by=\"avia_inline_auto\" id=\"style-css-av-lv232sog-fedbb853996649938400388b1c98c412\">\n#top .av_textblock_section.av-lv232sog-fedbb853996649938400388b1c98c412 .avia_textblock{\ntext-align:justify;\n}\n<\/style>\n<section  class='av_textblock_section av-lv232sog-fedbb853996649938400388b1c98c412 '   itemscope=\"itemscope\" itemtype=\"https:\/\/schema.org\/CreativeWork\" ><div class='avia_textblock'  itemprop=\"text\" ><p><strong>La ville de Cavalaire et le Conservatoire du Littoral vous proposent du mercredi au dimanche une visite exceptionnelle de la Maison Foncin.<\/strong><br \/>\n<strong>Construite par Pierre Foncin, g\u00e9ographe, fondateur de l\u2019Alliance Fran\u00e7aise, la Maison Foncin aussi appel\u00e9e le \u00ab Casteou dou souleou \u00bb (qui signifie Ch\u00e2teau du soleil \u00bb) est un monument embl\u00e9matique de l\u2019histoire cavalairoise.<\/strong><\/p>\n<p>Au cours d\u2019une balade de 2h30, notre guide vous fera d\u00e9couvrir l\u2019histoire de la Maison et de la famille Foncin ainsi que l\u2019arriv\u00e9e du train des pignes \u00e0 Cavalaire au travers d\u2019une exposition d\u2019objets, d\u2019\u0153uvres et de cartes soigneusement s\u00e9lectionn\u00e9s.<br \/>\nG\u00e9ologie, flore et faune, sujet au c\u0153ur de la politique de pr\u00e9servation de la Maison Foncin seront \u00e9galement d\u00e9crypt\u00e9s. C&rsquo;est en effet la donation de cette derni\u00e8re par Mireille Foncin en 1977 qui a permis d\u2019assurer la protection d\u00e9finitive de la Corniche des Maures et d\u2019engager la politique de pr\u00e9servation du site.<br \/>\nL\u2019ouverture de ce b\u00e2timent public repr\u00e9sente une occasion in\u00e9dite de p\u00e9n\u00e9trer au c\u0153ur l\u2019histoire de Cavalaire.<\/p>\n<\/div><\/section><\/div><div  class='flex_column av-mv06pb-59479ed955f82fa8eeacee0646c245ce av_one_fifth  avia-builder-el-10  el_after_av_three_fifth  el_before_av_hr  flex_column_div  column-top-margin'     ><\/div>\n<style type=\"text\/css\" data-created_by=\"avia_inline_auto\" id=\"style-css-av-4fnnmn-e86f007c0a3004e75ef11f5abe5a12ab\">\n#top .hr.av-4fnnmn-e86f007c0a3004e75ef11f5abe5a12ab{\nmargin-top:30px;\nmargin-bottom:30px;\n}\n.hr.av-4fnnmn-e86f007c0a3004e75ef11f5abe5a12ab .hr-inner{\nwidth:50px;\nmax-width:45%;\n}\n<\/style>\n<div  class='hr av-4fnnmn-e86f007c0a3004e75ef11f5abe5a12ab hr-custom  avia-builder-el-11  el_after_av_one_fifth  el_before_av_heading  hr-center hr-icon-yes'><span class='hr-inner inner-border-av-border-thin'><span class=\"hr-inner-style\"><\/span><\/span><span class='av-seperator-icon avia-iconfont avia-font-entypo-fontello' data-av_icon='\ue834' data-av_iconfont='entypo-fontello' ><\/span><span class='hr-inner inner-border-av-border-thin'><span class=\"hr-inner-style\"><\/span><\/span><\/div>\n\n<style type=\"text\/css\" data-created_by=\"avia_inline_auto\" id=\"style-css-av-lv23ehm9-440030abe0b7c6e9b0dfbfead790c063\">\n#top .av-special-heading.av-lv23ehm9-440030abe0b7c6e9b0dfbfead790c063{\npadding-bottom:10px;\nfont-size:50px;\n}\nbody .av-special-heading.av-lv23ehm9-440030abe0b7c6e9b0dfbfead790c063 .av-special-heading-tag .heading-char{\nfont-size:25px;\n}\n#top #wrap_all .av-special-heading.av-lv23ehm9-440030abe0b7c6e9b0dfbfead790c063 .av-special-heading-tag{\nfont-size:50px;\n}\n.av-special-heading.av-lv23ehm9-440030abe0b7c6e9b0dfbfead790c063 .av-subheading{\nfont-size:15px;\n}\n\n@media only screen and (min-width: 480px) and (max-width: 767px){ \n#top #wrap_all .av-special-heading.av-lv23ehm9-440030abe0b7c6e9b0dfbfead790c063 .av-special-heading-tag{\nfont-size:0.8em;\n}\n}\n\n@media only screen and (max-width: 479px){ \n#top #wrap_all .av-special-heading.av-lv23ehm9-440030abe0b7c6e9b0dfbfead790c063 .av-special-heading-tag{\nfont-size:0.8em;\n}\n}\n<\/style>\n<div  class='av-special-heading av-lv23ehm9-440030abe0b7c6e9b0dfbfead790c063 av-special-heading-h3 custom-color-heading blockquote modern-quote modern-centered  avia-builder-el-12  el_after_av_hr  el_before_av_hr  av-inherit-size'><h3 class='av-special-heading-tag '  itemprop=\"headline\"  >Infos pratiques<\/h3><div class=\"special-heading-border\"><div class=\"special-heading-inner-border\"><\/div><\/div><\/div>\n\n<style type=\"text\/css\" data-created_by=\"avia_inline_auto\" id=\"style-css-av-2ss3m7-92049a7b8b4202988c27ca466de25653\">\n#top .hr.av-2ss3m7-92049a7b8b4202988c27ca466de25653{\nmargin-top:30px;\nmargin-bottom:30px;\n}\n.hr.av-2ss3m7-92049a7b8b4202988c27ca466de25653 .hr-inner{\nwidth:50px;\nmax-width:45%;\n}\n<\/style>\n<div  class='hr av-2ss3m7-92049a7b8b4202988c27ca466de25653 hr-custom  avia-builder-el-13  el_after_av_heading  el_before_av_one_fifth  hr-center hr-icon-yes'><span class='hr-inner inner-border-av-border-thin'><span class=\"hr-inner-style\"><\/span><\/span><span class='av-seperator-icon avia-iconfont avia-font-entypo-fontello' data-av_icon='\ue834' data-av_iconfont='entypo-fontello' ><\/span><span class='hr-inner inner-border-av-border-thin'><span class=\"hr-inner-style\"><\/span><\/span><\/div>\n<div  class='flex_column av-je90lr-32d1ee5feb91c2d1eb9e236a80d64781 av_one_fifth  avia-builder-el-14  el_after_av_hr  el_before_av_three_fifth  first flex_column_div  '     ><\/div><div  class='flex_column av-4h28m7-10e2d2fa23183329cebcedf332d51cf9 av_three_fifth  avia-builder-el-15  el_after_av_one_fifth  el_before_av_one_fifth  flex_column_div  '     ><style type=\"text\/css\" data-created_by=\"avia_inline_auto\" id=\"style-css-av-lv23gnx8-fe4451172c2b94a1518bfc1d75e9724b\">\n#top .av_textblock_section.av-lv23gnx8-fe4451172c2b94a1518bfc1d75e9724b .avia_textblock{\ntext-align:justify;\n}\n<\/style>\n<section  class='av_textblock_section av-lv23gnx8-fe4451172c2b94a1518bfc1d75e9724b '   itemscope=\"itemscope\" itemtype=\"https:\/\/schema.org\/CreativeWork\" ><div class='avia_textblock'  itemprop=\"text\" ><p>R\u00e9servation obligatoire\u00a0sur\u00a0<strong><a href=\"https:\/\/lusine.qweekle.com\/shop\/lusine\/domaine-foncin?lang=fr\" target=\"_blank\" rel=\"noopener\">Visites du domaine de Foncin<\/a> . <\/strong><\/p>\n<p><strong>Attention<\/strong> :<\/p>\n<ul>\n<li>Les animaux ne sont pas autoris\u00e9s.<\/li>\n<li>L\u2019acc\u00e8s \u00e0 la Villa se fait par un sentier forestier escarp\u00e9 et en pente.<br \/>\nChaussures de marche, chapeau et bouteille d\u2019eau conseill\u00e9s.<\/li>\n<\/ul>\n<p><strong>Annulation :<\/strong> en cas d\u2019intemp\u00e9ries, de risques d\u2019incendie, ou de moins de 6 personnes sur un cr\u00e9neau.<\/p>\n<p><strong>Visite\u00a0 du mercredi au dimanche \u00e0 partir du 1er avril 2026.<\/strong><br \/>\nD\u00e9part \u00e0 9h00 \u2013 Dur\u00e9e : 2h30<br \/>\nD\u00e9part le mercredi \u00e0 9h00<\/p>\n<p>Nombre de places limit\u00e9 \u00e0 19 personnes par visite<\/p>\n<p><strong>Tarifs<\/strong><br \/>\nAdultes\u00a0 : 12 euros<br \/>\nTarif r\u00e9duit\u00a0 : 6 euros<br \/>\nTarif groupe : 10\u20ac \/pers (Groupe \u00e0 partir de 10 personnes)<br \/>\nGratuit pour les moins de 6 ans<\/p>\n<p><strong>Renseignements aupr\u00e8s de la Maison de la Nature<\/strong><\/p>\n<p>454 chemin Pierre Foncin<br \/>\n83 240 Cavalaire-sur-mer<\/p>\n<p>Mail : contact@lusine.org<\/p>\n<\/div><\/section><\/div><div  class='flex_column av-r29r-a030ebd99d5f5a11b0df06d027f03915 av_one_fifth  avia-builder-el-17  el_after_av_three_fifth  el_before_av_hr  flex_column_div  '     ><\/div>\n<style type=\"text\/css\" data-created_by=\"avia_inline_auto\" id=\"style-css-av-lv23thkm-ebff1f1a2f583868ed815996ef41cff6\">\n#top .hr.hr-invisible.av-lv23thkm-ebff1f1a2f583868ed815996ef41cff6{\nheight:40px;\n}\n<\/style>\n<div  class='hr av-lv23thkm-ebff1f1a2f583868ed815996ef41cff6 hr-invisible  avia-builder-el-18  el_after_av_one_fifth  avia-builder-el-last '><span class='hr-inner '><span class=\"hr-inner-style\"><\/span><\/span><\/div>\n<\/div><\/div><\/main><!-- close content main element --><\/div><\/div>\n<style type=\"text\/css\" data-created_by=\"avia_inline_auto\" id=\"style-css-av-2mb49r-e215decc220b4bc36577c554307b3d48\">\n.avia-section.av-2mb49r-e215decc220b4bc36577c554307b3d48{\nbackground-color:#9b8e6c;\nbackground-image:unset;\n}\n<\/style>\n<div id='av_section_2'  class='avia-section av-2mb49r-e215decc220b4bc36577c554307b3d48 main_color avia-section-default avia-no-border-styling  avia-builder-el-19  el_after_av_section  avia-builder-el-last  avia-bg-style-scroll container_wrap sidebar_right'  ><div class='container av-section-cont-open' ><div class='template-page content  av-content-small alpha units'><div class='post-entry post-entry-type-page post-entry-2655'><div class='entry-content-wrapper clearfix'>\n<div  class='avia-button-wrap av-lv23pvm7-cb1a263b630d71870ca9d709f1e59cc7-wrap avia_animated_button av-animated-when-visible-95 fade-in avia-button-center  avia-builder-el-20  el_before_av_hr  avia-builder-el-first '>\n<style type=\"text\/css\" data-created_by=\"avia_inline_auto\" id=\"style-css-av-lv23pvm7-cb1a263b630d71870ca9d709f1e59cc7\">\n#top #wrap_all .avia-button.av-lv23pvm7-cb1a263b630d71870ca9d709f1e59cc7{\nborder-style:solid;\nborder-width:2px 2px 2px 2px;\nborder-color:#ffffff;\ntransition:all 0.4s ease-in-out;\n}\n<\/style>\n<a href='https:\/\/lusine.qweekle.com\/shop\/lusine\/domaine-foncin?lang=fr'  class='avia-button av-lv23pvm7-cb1a263b630d71870ca9d709f1e59cc7 av-link-btn avia-icon_select-no avia-size-x-large avia-position-center avia-color-theme-color'  target=\"_blank\"  rel=\"noopener noreferrer\"  aria-label=\"R\u00e9servez votre billet\"><span class='avia_iconbox_title' >R\u00e9servez votre billet<\/span><\/a><\/div>\n\n<style type=\"text\/css\" data-created_by=\"avia_inline_auto\" id=\"style-css-av-82han-62c74f515d1f8896d9c85ec3c5858a99\">\n#top .hr.hr-invisible.av-82han-62c74f515d1f8896d9c85ec3c5858a99{\nheight:40px;\n}\n<\/style>\n<div  class='hr av-82han-62c74f515d1f8896d9c85ec3c5858a99 hr-invisible  avia-builder-el-21  el_after_av_button  avia-builder-el-last '><span class='hr-inner '><span class=\"hr-inner-style\"><\/span><\/span><\/div>\n<\/div><\/div><\/div><!-- close content main div --><\/div><\/div><div id='after_section_2'  class='main_color av_default_container_wrap container_wrap sidebar_right'  ><div class='container av-section-cont-open' ><div class='template-page content  av-content-small alpha units'><div class='post-entry post-entry-type-page post-entry-2655'><div class='entry-content-wrapper clearfix'>\n","protected":false},"excerpt":{"rendered":"","protected":false},"author":1,"featured_media":0,"parent":17,"menu_order":0,"comment_status":"closed","ping_status":"closed","template":"","meta":{"footnotes":""},"class_list":["post-2655","page","type-page","status-publish","hentry"],"_links":{"self":[{"href":"https:\/\/lusine.org\/index.php\/wp-json\/wp\/v2\/pages\/2655","targetHints":{"allow":["GET"]}}],"collection":[{"href":"https:\/\/lusine.org\/index.php\/wp-json\/wp\/v2\/pages"}],"about":[{"href":"https:\/\/lusine.org\/index.php\/wp-json\/wp\/v2\/types\/page"}],"author":[{"embeddable":true,"href":"https:\/\/lusine.org\/index.php\/wp-json\/wp\/v2\/users\/1"}],"replies":[{"embeddable":true,"href":"https:\/\/lusine.org\/index.php\/wp-json\/wp\/v2\/comments?post=2655"}],"version-history":[{"count":27,"href":"https:\/\/lusine.org\/index.php\/wp-json\/wp\/v2\/pages\/2655\/revisions"}],"predecessor-version":[{"id":4429,"href":"https:\/\/lusine.org\/index.php\/wp-json\/wp\/v2\/pages\/2655\/revisions\/4429"}],"up":[{"embeddable":true,"href":"https:\/\/lusine.org\/index.php\/wp-json\/wp\/v2\/pages\/17"}],"wp:attachment":[{"href":"https:\/\/lusine.org\/index.php\/wp-json\/wp\/v2\/media?parent=2655"}],"curies":[{"name":"wp","href":"https:\/\/api.w.org\/{rel}","templated":true}]}}