{"id":2663,"date":"2024-04-02T16:30:03","date_gmt":"2024-04-02T14:30:03","guid":{"rendered":"https:\/\/lusine.org\/?page_id=2663"},"modified":"2026-03-31T15:28:53","modified_gmt":"2026-03-31T13:28:53","slug":"collection-thematique","status":"publish","type":"page","link":"https:\/\/lusine.org\/index.php\/visites-et-activites\/collection-thematique\/","title":{"rendered":"COLLECTION TH\u00c9MATIQUE"},"content":{"rendered":"\n<style type=\"text\/css\" data-created_by=\"avia_inline_auto\" id=\"style-css-av-i6hvd3-9e888c48e827fcae89781e0e5c6f580e\">\n.avia-section.av-i6hvd3-9e888c48e827fcae89781e0e5c6f580e{\nbackground-repeat:no-repeat;\nbackground-image:url(https:\/\/lusine.org\/wp-content\/uploads\/2024\/04\/9598256-1.jpg);\nbackground-position:0% 0%;\nbackground-attachment:scroll;\n}\n<\/style>\n<div id='av_section_1'  class='avia-section av-i6hvd3-9e888c48e827fcae89781e0e5c6f580e main_color avia-section-default avia-no-border-styling  avia-builder-el-0  avia-builder-el-no-sibling  avia-bg-style-scroll container_wrap sidebar_right'  data-section-bg-repeat='no-repeat'><div class='container av-section-cont-open' ><main  role=\"main\" itemprop=\"mainContentOfPage\"  class='template-page content  av-content-small alpha units'><div class='post-entry post-entry-type-page post-entry-2663'><div class='entry-content-wrapper clearfix'>\n<section  class='av_textblock_section av-lv25z706-bfabe7d02ef9acf8071ab6fa35a2a993 '   itemscope=\"itemscope\" itemtype=\"https:\/\/schema.org\/CreativeWork\" ><div class='avia_textblock'  itemprop=\"text\" ><p style=\"text-align: center;\"><span style=\"color: #000000;\"><strong>L&rsquo;Usine &#8211; Collection th\u00e9matique<br \/>\n<\/strong><\/span><\/p>\n<\/div><\/section>\n\n<style type=\"text\/css\" data-created_by=\"avia_inline_auto\" id=\"style-css-av-gb1o8n-f78af7a6cf6ce5d3b94d7f55f5a4608b\">\n#top .hr.av-gb1o8n-f78af7a6cf6ce5d3b94d7f55f5a4608b{\nmargin-top:30px;\nmargin-bottom:30px;\n}\n.hr.av-gb1o8n-f78af7a6cf6ce5d3b94d7f55f5a4608b .hr-inner{\nwidth:50px;\nmax-width:45%;\n}\n<\/style>\n<div  class='hr av-gb1o8n-f78af7a6cf6ce5d3b94d7f55f5a4608b hr-custom  avia-builder-el-2  el_after_av_textblock  el_before_av_one_full  hr-center hr-icon-yes'><span class='hr-inner inner-border-av-border-thin'><span class=\"hr-inner-style\"><\/span><\/span><span class='av-seperator-icon avia-iconfont avia-font-entypo-fontello' data-av_icon='\ue834' data-av_iconfont='entypo-fontello' ><\/span><span class='hr-inner inner-border-av-border-thin'><span class=\"hr-inner-style\"><\/span><\/span><\/div>\n\n<style type=\"text\/css\" data-created_by=\"avia_inline_auto\" id=\"style-css-av-en2w6v-16757d36f03159279057c084bfb82ff2\">\n.flex_column.av-en2w6v-16757d36f03159279057c084bfb82ff2{\nborder-radius:0px 0px 0px 0px;\npadding:0px 0px 0px 0px;\n}\n<\/style>\n<div  class='flex_column av-en2w6v-16757d36f03159279057c084bfb82ff2 av_one_full  avia-builder-el-3  el_after_av_hr  el_before_av_image  first flex_column_div av-zero-column-padding  '     ><p>\n<style type=\"text\/css\" data-created_by=\"avia_inline_auto\" id=\"style-css-av-lv25zn1y-29d521a0dca1872df18d4443c8e96079\">\n#top .av-special-heading.av-lv25zn1y-29d521a0dca1872df18d4443c8e96079{\npadding-bottom:10px;\nfont-size:50px;\n}\nbody .av-special-heading.av-lv25zn1y-29d521a0dca1872df18d4443c8e96079 .av-special-heading-tag .heading-char{\nfont-size:25px;\n}\n#top #wrap_all .av-special-heading.av-lv25zn1y-29d521a0dca1872df18d4443c8e96079 .av-special-heading-tag{\nfont-size:50px;\n}\n.av-special-heading.av-lv25zn1y-29d521a0dca1872df18d4443c8e96079 .av-subheading{\nfont-size:15px;\n}\n\n@media only screen and (min-width: 480px) and (max-width: 767px){ \n#top #wrap_all .av-special-heading.av-lv25zn1y-29d521a0dca1872df18d4443c8e96079 .av-special-heading-tag{\nfont-size:0.8em;\n}\n}\n\n@media only screen and (max-width: 479px){ \n#top #wrap_all .av-special-heading.av-lv25zn1y-29d521a0dca1872df18d4443c8e96079 .av-special-heading-tag{\nfont-size:0.8em;\n}\n}\n<\/style>\n<div  class='av-special-heading av-lv25zn1y-29d521a0dca1872df18d4443c8e96079 av-special-heading-h1 custom-color-heading blockquote modern-quote modern-centered  avia-builder-el-4  el_before_av_hr  avia-builder-el-first  av-inherit-size'><h1 class='av-special-heading-tag '  itemprop=\"headline\"  >\u00ab\u00a0Oc\u00e9ans, une plong\u00e9e insolite\u00a0\u00bb <\/h1><div class=\"special-heading-border\"><div class=\"special-heading-inner-border\"><\/div><\/div><\/div><br \/>\n\n<style type=\"text\/css\" data-created_by=\"avia_inline_auto\" id=\"style-css-av-2tke53-a93e1a66801a9aafc0b735ea1416a12e\">\n#top .hr.hr-invisible.av-2tke53-a93e1a66801a9aafc0b735ea1416a12e{\nheight:50px;\n}\n<\/style>\n<div  class='hr av-2tke53-a93e1a66801a9aafc0b735ea1416a12e hr-invisible  avia-builder-el-5  el_after_av_heading  el_before_av_textblock '><span class='hr-inner '><span class=\"hr-inner-style\"><\/span><\/span><\/div><br \/>\n<section  class='av_textblock_section av-lv3tj6lu-ed3f4c6f9faa4a2bf967450149bd1b2a '   itemscope=\"itemscope\" itemtype=\"https:\/\/schema.org\/CreativeWork\" ><div class='avia_textblock'  itemprop=\"text\" ><h2 style=\"text-align: center;\"><strong>Exposition du 04 juillet 2025 au 30 avril 2026<\/strong><\/h2>\n<\/div><\/section><br \/>\n\n<style type=\"text\/css\" data-created_by=\"avia_inline_auto\" id=\"style-css-av-4f5frr-6030d79975a4fc2e277874ceb027afa4\">\n#top .hr.hr-invisible.av-4f5frr-6030d79975a4fc2e277874ceb027afa4{\nheight:50px;\n}\n<\/style>\n<div  class='hr av-4f5frr-6030d79975a4fc2e277874ceb027afa4 hr-invisible  avia-builder-el-7  el_after_av_textblock  avia-builder-el-last '><span class='hr-inner '><span class=\"hr-inner-style\"><\/span><\/span><\/div><\/p><\/div>\n<style type=\"text\/css\" data-created_by=\"avia_inline_auto\" id=\"style-css-av-m6i2kjv0-89d7420ab826f224cf66432c17570dd7\">\n.avia-image-container.av-m6i2kjv0-89d7420ab826f224cf66432c17570dd7 img.avia_image{\nbox-shadow:none;\n}\n.avia-image-container.av-m6i2kjv0-89d7420ab826f224cf66432c17570dd7 .av-image-caption-overlay-center{\ncolor:#ffffff;\n}\n<\/style>\n<div  class='avia-image-container av-m6i2kjv0-89d7420ab826f224cf66432c17570dd7 av-styling- avia-align-center  avia-builder-el-8  el_after_av_one_full  el_before_av_hr '   itemprop=\"image\" itemscope=\"itemscope\" itemtype=\"https:\/\/schema.org\/ImageObject\" ><div class=\"avia-image-container-inner\"><div class=\"avia-image-overlay-wrap\"><img decoding=\"async\" fetchpriority=\"high\" class='wp-image-4260 avia-img-lazy-loading-not-4260 avia_image ' src=\"https:\/\/lusine.org\/wp-content\/uploads\/2025\/07\/odontodactylus_scyllarus_c_mnhn_-_tin-yam_chan_1.jpg-1030x490.webp\" alt='' title='odontodactylus_scyllarus_c_mnhn_-_tin-yam_chan_1.jpg'  height=\"490\" width=\"1030\"  itemprop=\"thumbnailUrl\" srcset=\"https:\/\/lusine.org\/wp-content\/uploads\/2025\/07\/odontodactylus_scyllarus_c_mnhn_-_tin-yam_chan_1.jpg-1030x490.webp 1030w, https:\/\/lusine.org\/wp-content\/uploads\/2025\/07\/odontodactylus_scyllarus_c_mnhn_-_tin-yam_chan_1.jpg-300x143.webp 300w, https:\/\/lusine.org\/wp-content\/uploads\/2025\/07\/odontodactylus_scyllarus_c_mnhn_-_tin-yam_chan_1.jpg-768x366.webp 768w, https:\/\/lusine.org\/wp-content\/uploads\/2025\/07\/odontodactylus_scyllarus_c_mnhn_-_tin-yam_chan_1.jpg-1536x731.webp 1536w, https:\/\/lusine.org\/wp-content\/uploads\/2025\/07\/odontodactylus_scyllarus_c_mnhn_-_tin-yam_chan_1.jpg-1500x714.webp 1500w, https:\/\/lusine.org\/wp-content\/uploads\/2025\/07\/odontodactylus_scyllarus_c_mnhn_-_tin-yam_chan_1.jpg-705x336.webp 705w, https:\/\/lusine.org\/wp-content\/uploads\/2025\/07\/odontodactylus_scyllarus_c_mnhn_-_tin-yam_chan_1.jpg.webp 2048w\" sizes=\"(max-width: 1030px) 100vw, 1030px\" \/><\/div><\/div><\/div>\n\n<style type=\"text\/css\" data-created_by=\"avia_inline_auto\" id=\"style-css-av-ag7pz-696b70a50082a617e1b26fe1be7677e9\">\n#top .hr.hr-invisible.av-ag7pz-696b70a50082a617e1b26fe1be7677e9{\nheight:50px;\n}\n<\/style>\n<div  class='hr av-ag7pz-696b70a50082a617e1b26fe1be7677e9 hr-invisible  avia-builder-el-9  el_after_av_image  el_before_av_one_fifth '><span class='hr-inner '><span class=\"hr-inner-style\"><\/span><\/span><\/div>\n<div  class='flex_column av-923t87-28894e8b81f8857633e55c54f38d4fd0 av_one_fifth  avia-builder-el-10  el_after_av_hr  el_before_av_three_fifth  first flex_column_div  '     ><\/div><div  class='flex_column av-84or1j-3c9b34de3bb43548f8f39d367ade53ce av_three_fifth  avia-builder-el-11  el_after_av_one_fifth  el_before_av_one_fifth  flex_column_div  '     ><p>\n<style type=\"text\/css\" data-created_by=\"avia_inline_auto\" id=\"style-css-av-lv2binoq-cebb96d7d329832c1f0b339f586781bc\">\n#top .av-special-heading.av-lv2binoq-cebb96d7d329832c1f0b339f586781bc{\npadding-bottom:10px;\nfont-size:50px;\n}\nbody .av-special-heading.av-lv2binoq-cebb96d7d329832c1f0b339f586781bc .av-special-heading-tag .heading-char{\nfont-size:25px;\n}\n#top #wrap_all .av-special-heading.av-lv2binoq-cebb96d7d329832c1f0b339f586781bc .av-special-heading-tag{\nfont-size:50px;\n}\n.av-special-heading.av-lv2binoq-cebb96d7d329832c1f0b339f586781bc .av-subheading{\nfont-size:15px;\n}\n\n@media only screen and (min-width: 480px) and (max-width: 767px){ \n#top #wrap_all .av-special-heading.av-lv2binoq-cebb96d7d329832c1f0b339f586781bc .av-special-heading-tag{\nfont-size:0.8em;\n}\n}\n\n@media only screen and (max-width: 479px){ \n#top #wrap_all .av-special-heading.av-lv2binoq-cebb96d7d329832c1f0b339f586781bc .av-special-heading-tag{\nfont-size:0.8em;\n}\n}\n<\/style>\n<div  class='av-special-heading av-lv2binoq-cebb96d7d329832c1f0b339f586781bc av-special-heading-h3 custom-color-heading blockquote modern-quote modern-centered  avia-builder-el-12  el_before_av_textblock  avia-builder-el-first  av-inherit-size'><h3 class='av-special-heading-tag '  itemprop=\"headline\"  >Une exposition illustr\u00e9e pour explorer la richesse du monde naturel qui nous entoure.<\/h3><div class=\"special-heading-border\"><div class=\"special-heading-inner-border\"><\/div><\/div><\/div><br \/>\n\n<style type=\"text\/css\" data-created_by=\"avia_inline_auto\" id=\"style-css-av-5pqtkn-bb527b6b9eb3b04d35209f5dc60d28df\">\n#top .av_textblock_section.av-5pqtkn-bb527b6b9eb3b04d35209f5dc60d28df .avia_textblock{\ntext-align:justify;\n}\n<\/style>\n<section  class='av_textblock_section av-5pqtkn-bb527b6b9eb3b04d35209f5dc60d28df '   itemscope=\"itemscope\" itemtype=\"https:\/\/schema.org\/CreativeWork\" ><div class='avia_textblock'  itemprop=\"text\" ><p class=\"Paragraphestandard\"><span style=\"font-size: 10.0pt; line-height: 120%; font-family: 'Calibri Light',sans-serif;\"><strong>Lieu d\u2019exploration, r\u00e9serve de biodiversit\u00e9, source d\u2019inspiration et de l\u00e9gendes, d\u00e9couvrez les facettes les plus surprenantes et les plus m\u00e9connues du g\u00e9ant bleu !<br \/>\n<\/strong><\/span><span style=\"font-size: 10.0pt; line-height: 120%; font-family: 'Calibri Light',sans-serif;\"><strong>D\u00e8s le 4 juillet, la Maison de la Nature vous propose de partir \u00e0 la d\u00e9couverte des oc\u00e9ans lors d\u2019une exposition immersive.<\/strong> <\/span><\/p>\n<\/div><\/section><br \/>\n\n<style type=\"text\/css\" data-created_by=\"avia_inline_auto\" id=\"style-css-av-7p6wn-8e1425ad141b789ce4ec9e3c491ed5af\">\n#top .hr.hr-invisible.av-7p6wn-8e1425ad141b789ce4ec9e3c491ed5af{\nheight:40px;\n}\n<\/style>\n<div  class='hr av-7p6wn-8e1425ad141b789ce4ec9e3c491ed5af hr-invisible  avia-builder-el-14  el_after_av_textblock  el_before_av_textblock '><span class='hr-inner '><span class=\"hr-inner-style\"><\/span><\/span><\/div><br \/>\n\n<style type=\"text\/css\" data-created_by=\"avia_inline_auto\" id=\"style-css-av-lv2bglj4-23725da681cfc799288c6a4103ce7bc4\">\n#top .av_textblock_section.av-lv2bglj4-23725da681cfc799288c6a4103ce7bc4 .avia_textblock{\ntext-align:justify;\n}\n<\/style>\n<section  class='av_textblock_section av-lv2bglj4-23725da681cfc799288c6a4103ce7bc4 '   itemscope=\"itemscope\" itemtype=\"https:\/\/schema.org\/CreativeWork\" ><div class='avia_textblock'  itemprop=\"text\" ><p class=\"Paragraphestandard\"><span style=\"font-size: 10.0pt; line-height: 120%; font-family: 'Calibri Light',sans-serif;\">Largement m\u00e9connu car difficile d\u2019acc\u00e8s l\u2019oc\u00e9an dont seulement 1% du plancher a \u00e9t\u00e9 parcouru par l\u2019humain, abrite une vie fascinante. Mais ce g\u00e9ant n\u2019est pas invuln\u00e9rable\u2026 Il change, s\u2019acidifie, se r\u00e9chauffe\u2026 Durant cette exposition plongez dans l\u2019immensit\u00e9 fragile de l\u2019oc\u00e9an \u00e0 la d\u00e9couverte de ceux qui le fr\u00e9quente, du plancton au calamar g\u00e9ant, en passant par les sous-marins d\u2019exploration scientifique. <\/span><br \/>\n<span style=\"font-size: 10.0pt; line-height: 120%; font-family: 'Calibri Light',sans-serif;\">Au fil de l\u2019exposition, explorez et rencontrez de nombreuses esp\u00e8ces aux morphologies \u00e9tonnantes ou au caract\u00e9ristiques peu communes, prenez conscience de l\u2019importance et des ressources uniques des fonds oc\u00e9aniques menac\u00e9es au quotidien. Laissez place \u00e0 votre imagination et aux mythes sur les cr\u00e9atures qui pourraient y vivre et tentez de r\u00e9pondre \u00e0 la question \u00ab Pourquoi l\u2019oc\u00e9an nous fascine-t-il autant ? \u00bb. <\/span><br \/>\n<strong><span style=\"font-size: 10.0pt; line-height: 120%; font-family: 'Calibri Light',sans-serif;\">Cette exposition vous est propos\u00e9e par le Museum national d\u2019Histoire naturelle.<\/span><\/strong><\/p>\n<\/div><\/section><\/p><\/div><div  class='flex_column av-3l4jqf-2bf84d5c1a508df3cdd4da12d5100484 av_one_fifth  avia-builder-el-16  el_after_av_three_fifth  el_before_av_hr  flex_column_div  '     ><\/div>\n<style type=\"text\/css\" data-created_by=\"avia_inline_auto\" id=\"style-css-av-8cro7-14bcccac12b24ea66763002f711ae68d\">\n#top .hr.hr-invisible.av-8cro7-14bcccac12b24ea66763002f711ae68d{\nheight:60px;\n}\n<\/style>\n<div  class='hr av-8cro7-14bcccac12b24ea66763002f711ae68d hr-invisible  avia-builder-el-17  el_after_av_one_fifth  el_before_av_button '><span class='hr-inner '><span class=\"hr-inner-style\"><\/span><\/span><\/div>\n<div  class='avia-button-wrap av-lv2bm9vf-6ee52c8cb8d94be2d04599b3833615a3-wrap avia-button-center  avia-builder-el-18  el_after_av_hr  avia-builder-el-last '><a href='https:\/\/lusine.qweekle.com\/shop\/lusine\/lusine-maison-de-la-nature?lang=fr'  class='avia-button av-lv2bm9vf-6ee52c8cb8d94be2d04599b3833615a3 av-link-btn avia-icon_select-no avia-size-x-large avia-position-center avia-color-theme-color'  target=\"_blank\"  rel=\"noopener noreferrer\"  aria-label=\"R\u00e9servez votre billet\"><span class='avia_iconbox_title' >R\u00e9servez votre billet<\/span><\/a><\/div>\n<\/div><\/div><\/main><!-- close content main element --><\/div><\/div><div id='after_section_1'  class='main_color av_default_container_wrap container_wrap sidebar_right'  ><div class='container av-section-cont-open' ><div class='template-page content  av-content-small alpha units'><div class='post-entry post-entry-type-page post-entry-2663'><div class='entry-content-wrapper clearfix'>\n","protected":false},"excerpt":{"rendered":"","protected":false},"author":1,"featured_media":4260,"parent":2659,"menu_order":0,"comment_status":"closed","ping_status":"closed","template":"","meta":{"footnotes":""},"class_list":["post-2663","page","type-page","status-publish","has-post-thumbnail","hentry"],"_links":{"self":[{"href":"https:\/\/lusine.org\/index.php\/wp-json\/wp\/v2\/pages\/2663","targetHints":{"allow":["GET"]}}],"collection":[{"href":"https:\/\/lusine.org\/index.php\/wp-json\/wp\/v2\/pages"}],"about":[{"href":"https:\/\/lusine.org\/index.php\/wp-json\/wp\/v2\/types\/page"}],"author":[{"embeddable":true,"href":"https:\/\/lusine.org\/index.php\/wp-json\/wp\/v2\/users\/1"}],"replies":[{"embeddable":true,"href":"https:\/\/lusine.org\/index.php\/wp-json\/wp\/v2\/comments?post=2663"}],"version-history":[{"count":34,"href":"https:\/\/lusine.org\/index.php\/wp-json\/wp\/v2\/pages\/2663\/revisions"}],"predecessor-version":[{"id":4527,"href":"https:\/\/lusine.org\/index.php\/wp-json\/wp\/v2\/pages\/2663\/revisions\/4527"}],"up":[{"embeddable":true,"href":"https:\/\/lusine.org\/index.php\/wp-json\/wp\/v2\/pages\/2659"}],"wp:featuredmedia":[{"embeddable":true,"href":"https:\/\/lusine.org\/index.php\/wp-json\/wp\/v2\/media\/4260"}],"wp:attachment":[{"href":"https:\/\/lusine.org\/index.php\/wp-json\/wp\/v2\/media?parent=2663"}],"curies":[{"name":"wp","href":"https:\/\/api.w.org\/{rel}","templated":true}]}}