{"id":2668,"date":"2024-04-02T16:31:06","date_gmt":"2024-04-02T14:31:06","guid":{"rendered":"https:\/\/lusine.org\/?page_id=2668"},"modified":"2026-03-31T15:29:40","modified_gmt":"2026-03-31T13:29:40","slug":"lexposition-plein-air","status":"publish","type":"page","link":"https:\/\/lusine.org\/index.php\/visites-et-activites\/lexposition-plein-air\/","title":{"rendered":"L&rsquo;EXPOSITION PLEIN AIR"},"content":{"rendered":"\n<style type=\"text\/css\" data-created_by=\"avia_inline_auto\" id=\"style-css-av-osxjpo-340de2c7663e278795e09739c89f32d0\">\n.avia-section.av-osxjpo-340de2c7663e278795e09739c89f32d0{\nbackground-repeat:no-repeat;\nbackground-image:url(https:\/\/lusine.org\/wp-content\/uploads\/2024\/04\/9598256-1.jpg);\nbackground-position:0% 0%;\nbackground-attachment:scroll;\n}\n<\/style>\n<div id='av_section_1'  class='avia-section av-osxjpo-340de2c7663e278795e09739c89f32d0 main_color avia-section-default avia-no-border-styling  avia-builder-el-0  avia-builder-el-no-sibling  avia-bg-style-scroll container_wrap sidebar_right'  data-section-bg-repeat='no-repeat'><div class='container av-section-cont-open' ><main  role=\"main\" itemprop=\"mainContentOfPage\"  class='template-page content  av-content-small alpha units'><div class='post-entry post-entry-type-page post-entry-2668'><div class='entry-content-wrapper clearfix'>\n<section  class='av_textblock_section av-mrmnpo-c45a96b43e452356d75fdf60248e13e4 '   itemscope=\"itemscope\" itemtype=\"https:\/\/schema.org\/CreativeWork\" ><div class='avia_textblock'  itemprop=\"text\" ><p style=\"text-align: center;\"><span style=\"color: #000000;\"><strong>L&rsquo;Usine &#8211; Collection th\u00e9matique<br \/>\n<\/strong><\/span><\/p>\n<\/div><\/section>\n\n<style type=\"text\/css\" data-created_by=\"avia_inline_auto\" id=\"style-css-av-l2j5m4-90cc202012ab00df8b667e822a8dc71e\">\n#top .hr.av-l2j5m4-90cc202012ab00df8b667e822a8dc71e{\nmargin-top:30px;\nmargin-bottom:30px;\n}\n.hr.av-l2j5m4-90cc202012ab00df8b667e822a8dc71e .hr-inner{\nwidth:50px;\nmax-width:45%;\n}\n<\/style>\n<div  class='hr av-l2j5m4-90cc202012ab00df8b667e822a8dc71e hr-custom  avia-builder-el-2  el_after_av_textblock  el_before_av_one_full  hr-center hr-icon-yes'><span class='hr-inner inner-border-av-border-thin'><span class=\"hr-inner-style\"><\/span><\/span><span class='av-seperator-icon avia-iconfont avia-font-entypo-fontello' data-av_icon='\ue834' data-av_iconfont='entypo-fontello' ><\/span><span class='hr-inner inner-border-av-border-thin'><span class=\"hr-inner-style\"><\/span><\/span><\/div>\n\n<style type=\"text\/css\" data-created_by=\"avia_inline_auto\" id=\"style-css-av-jbja3g-804d832b1212615225df21e903c9ccc4\">\n.flex_column.av-jbja3g-804d832b1212615225df21e903c9ccc4{\nborder-radius:0px 0px 0px 0px;\npadding:0px 0px 0px 0px;\n}\n<\/style>\n<div  class='flex_column av-jbja3g-804d832b1212615225df21e903c9ccc4 av_one_full  avia-builder-el-3  el_after_av_hr  el_before_av_image  first flex_column_div av-zero-column-padding  '     ><p>\n<style type=\"text\/css\" data-created_by=\"avia_inline_auto\" id=\"style-css-av-lv3ubfs0-4abb3284d4da46d942f5416b1ac00c95\">\n#top .av-special-heading.av-lv3ubfs0-4abb3284d4da46d942f5416b1ac00c95{\npadding-bottom:10px;\nfont-size:50px;\n}\nbody .av-special-heading.av-lv3ubfs0-4abb3284d4da46d942f5416b1ac00c95 .av-special-heading-tag .heading-char{\nfont-size:25px;\n}\n#top #wrap_all .av-special-heading.av-lv3ubfs0-4abb3284d4da46d942f5416b1ac00c95 .av-special-heading-tag{\nfont-size:50px;\n}\n.av-special-heading.av-lv3ubfs0-4abb3284d4da46d942f5416b1ac00c95 .av-subheading{\nfont-size:15px;\n}\n\n@media only screen and (min-width: 480px) and (max-width: 767px){ \n#top #wrap_all .av-special-heading.av-lv3ubfs0-4abb3284d4da46d942f5416b1ac00c95 .av-special-heading-tag{\nfont-size:0.8em;\n}\n}\n\n@media only screen and (max-width: 479px){ \n#top #wrap_all .av-special-heading.av-lv3ubfs0-4abb3284d4da46d942f5416b1ac00c95 .av-special-heading-tag{\nfont-size:0.8em;\n}\n}\n<\/style>\n<div  class='av-special-heading av-lv3ubfs0-4abb3284d4da46d942f5416b1ac00c95 av-special-heading-h1 custom-color-heading blockquote modern-quote modern-centered  avia-builder-el-4  el_before_av_hr  avia-builder-el-first  av-inherit-size'><h1 class='av-special-heading-tag '  itemprop=\"headline\"  >\u00ab We are m\u00e9diterran\u00e9e \u00bb<\/h1><div class=\"special-heading-border\"><div class=\"special-heading-inner-border\"><\/div><\/div><\/div><br \/>\n\n<style type=\"text\/css\" data-created_by=\"avia_inline_auto\" id=\"style-css-av-hsn44c-071dd05e5efcd64f31dba7fd77147389\">\n#top .hr.hr-invisible.av-hsn44c-071dd05e5efcd64f31dba7fd77147389{\nheight:50px;\n}\n<\/style>\n<div  class='hr av-hsn44c-071dd05e5efcd64f31dba7fd77147389 hr-invisible  avia-builder-el-5  el_after_av_heading  el_before_av_textblock '><span class='hr-inner '><span class=\"hr-inner-style\"><\/span><\/span><\/div><br \/>\n<section  class='av_textblock_section av-lv3ucgtc-301bd221f913643184df2a384e7085be '   itemscope=\"itemscope\" itemtype=\"https:\/\/schema.org\/CreativeWork\" ><div class='avia_textblock'  itemprop=\"text\" ><h2 style=\"text-align: center;\"><strong>Exposition du 4 juillet 2025 au 30 avril 2026\u00a0<\/strong><\/h2>\n<p style=\"text-align: center;\"><strong>Exposition en plein air<br \/>\n<\/strong><\/p>\n<\/div><\/section><br \/>\n\n<style type=\"text\/css\" data-created_by=\"avia_inline_auto\" id=\"style-css-av-cynwc-a8a4d277bbd84768cd9067d568f271ca\">\n#top .hr.hr-invisible.av-cynwc-a8a4d277bbd84768cd9067d568f271ca{\nheight:50px;\n}\n<\/style>\n<div  class='hr av-cynwc-a8a4d277bbd84768cd9067d568f271ca hr-invisible  avia-builder-el-7  el_after_av_textblock  avia-builder-el-last '><span class='hr-inner '><span class=\"hr-inner-style\"><\/span><\/span><\/div><\/p><\/div>\n<style type=\"text\/css\" data-created_by=\"avia_inline_auto\" id=\"style-css-av-lwrkghco-57681ec84ff4dd3cdd8241798eb02bcc\">\n.avia-image-container.av-lwrkghco-57681ec84ff4dd3cdd8241798eb02bcc img.avia_image{\nbox-shadow:none;\n}\n.avia-image-container.av-lwrkghco-57681ec84ff4dd3cdd8241798eb02bcc .av-image-caption-overlay-center{\ncolor:#ffffff;\n}\n<\/style>\n<div  class='avia-image-container av-lwrkghco-57681ec84ff4dd3cdd8241798eb02bcc av-styling- avia-align-center  avia-builder-el-8  el_after_av_one_full  el_before_av_hr '   itemprop=\"image\" itemscope=\"itemscope\" itemtype=\"https:\/\/schema.org\/ImageObject\" ><div class=\"avia-image-container-inner\"><div class=\"avia-image-overlay-wrap\"><img decoding=\"async\" fetchpriority=\"high\" class='wp-image-4264 avia-img-lazy-loading-not-4264 avia_image ' src=\"https:\/\/lusine.org\/wp-content\/uploads\/2025\/07\/otarie-1500x630.jpg\" alt='' title='otarie'  height=\"630\" width=\"1500\"  itemprop=\"thumbnailUrl\"  \/><\/div><\/div><\/div>\n\n<style type=\"text\/css\" data-created_by=\"avia_inline_auto\" id=\"style-css-av-33mm9o-dfad8cab0b38ec004942668670bb6b39\">\n#top .hr.hr-invisible.av-33mm9o-dfad8cab0b38ec004942668670bb6b39{\nheight:50px;\n}\n<\/style>\n<div  class='hr av-33mm9o-dfad8cab0b38ec004942668670bb6b39 hr-invisible  avia-builder-el-9  el_after_av_image  el_before_av_one_fifth '><span class='hr-inner '><span class=\"hr-inner-style\"><\/span><\/span><\/div>\n<div  class='flex_column av-2lvh0c-b9c707585e2b5d51bd8eaa5d40c75af6 av_one_fifth  avia-builder-el-10  el_after_av_hr  el_before_av_three_fifth  first flex_column_div  '     ><\/div><div  class='flex_column av-e1ni4s-a12ecaf31151e88fd29e98c2ec2e274a av_three_fifth  avia-builder-el-11  el_after_av_one_fifth  el_before_av_one_fifth  flex_column_div  '     ><style type=\"text\/css\" data-created_by=\"avia_inline_auto\" id=\"style-css-av-cavce4-dbd110e1ae44c2fb1701edde2ddfe6fe\">\n#top .av_textblock_section.av-cavce4-dbd110e1ae44c2fb1701edde2ddfe6fe .avia_textblock{\ntext-align:justify;\n}\n<\/style>\n<section  class='av_textblock_section av-cavce4-dbd110e1ae44c2fb1701edde2ddfe6fe '   itemscope=\"itemscope\" itemtype=\"https:\/\/schema.org\/CreativeWork\" ><div class='avia_textblock'  itemprop=\"text\" ><p class=\"Paragraphestandard\"><strong><span style=\"font-size: 10.0pt; line-height: 120%; font-family: 'Calibri Light',sans-serif;\">Depuis de nombreuses ann\u00e9es, la commune s\u2019engage en faveur de la pr\u00e9servation du sanctuaire Pelagos, notamment par la signature de la Charte Pelagos. Il semblait donc tout naturel, dans le cadre de l\u2019exposition th\u00e9matique sur la mer et les oc\u00e9ans, que la Maison de la Nature consacre une exposition \u00e0 cette zone prot\u00e9<\/span><span style=\"font-size: 10.0pt; line-height: 120%; font-family: 'Calibri Light',sans-serif;\">g\u00e9<\/span><span style=\"font-size: 10.0pt; line-height: 120%; font-family: 'Calibri Light',sans-serif;\">e.<\/span><\/strong><\/p>\n<p class=\"Paragraphestandard\"><span style=\"font-size: 10.0pt; line-height: 120%; font-family: 'Calibri Light',sans-serif;\">Pour ce faire, elle a fait appel \u00e0 l\u2019organisation \u00abWe Are M\u00e9diterran\u00e9e\u00bb, qui rassemble des passionn\u00e9s et des experts du monde marin. Parmi eux figure Greg Lecoeur, photographe sous-marin, qui \u0153uvre \u00e0 travers son art pour faire d\u00e9couvrir et mieux comprendre l\u2019environnement marin, afin de mieux le prot\u00e9ger.<\/span><\/p>\n<p class=\"Paragraphestandard\"><span style=\"font-size: 10.0pt; line-height: 120%; font-family: 'Calibri Light',sans-serif;\">\u00c0 cette occasion, la Maison de la Nature vous invite \u00e0 contempler des clich\u00e9s in\u00e9dits de cet artiste ni\u00e7ois. Ces photographies saisissantes mettent en lumi\u00e8re la richesse et la fragilit\u00e9 des \u00e9cosyst\u00e8mes marins, autour d\u2019une seule id\u00e9e :<\/span><\/p>\n<p class=\"Paragraphestandard\"><strong><span style=\"font-size: 10.0pt; line-height: 120%; font-family: 'Calibri Light',sans-serif;\">\u00ab On aime ce qui nous a \u00e9merveill\u00e9s, et on prot\u00e8ge ce que l\u2019on aime. \u00bb \u2013 Jean-Jacques Cousteau.<\/span><\/strong><\/p>\n<p class=\"Paragraphestandard\"><span style=\"font-size: 10.0pt; line-height: 120%; font-family: 'Calibri Light',sans-serif;\">Rendez-vous d\u00e8s le 4 juillet pour plonger dans le monde magnifique et fascinant de la M\u00e9diterran\u00e9e. <\/span><\/p>\n<p class=\"Paragraphestandard\"><span style=\"font-size: 10.0pt; line-height: 120%; font-family: 'Calibri Light',sans-serif;\">Renseignements : contact@lusine.org\u00a0<\/span><\/p>\n<\/div><\/section><\/div><div  class='flex_column av-5u5uvw-c32b636069868a9c166fa8ce93d4d8f9 av_one_fifth  avia-builder-el-13  el_after_av_three_fifth  el_before_av_hr  flex_column_div  '     ><\/div>\n<style type=\"text\/css\" data-created_by=\"avia_inline_auto\" id=\"style-css-av-3ud71o-3762881cbc4428c8410ae76f92d78ff0\">\n#top .hr.hr-invisible.av-3ud71o-3762881cbc4428c8410ae76f92d78ff0{\nheight:60px;\n}\n<\/style>\n<div  class='hr av-3ud71o-3762881cbc4428c8410ae76f92d78ff0 hr-invisible  avia-builder-el-14  el_after_av_one_fifth  el_before_av_button '><span class='hr-inner '><span class=\"hr-inner-style\"><\/span><\/span><\/div>\n<div  class='avia-button-wrap av-1uc6a4-6a02e22a04b4186d07ebfecff0b4f2e3-wrap avia-button-center  avia-builder-el-15  el_after_av_hr  avia-builder-el-last '><a href='https:\/\/lusine.qweekle.com\/shop\/lusine\/lusine-maison-de-la-nature?lang=fr'  class='avia-button av-1uc6a4-6a02e22a04b4186d07ebfecff0b4f2e3 av-link-btn avia-icon_select-no avia-size-x-large avia-position-center avia-color-theme-color'  target=\"_blank\"  rel=\"noopener noreferrer\"  aria-label=\"R\u00e9server votre visite\"><span class='avia_iconbox_title' >R\u00e9server votre visite<\/span><\/a><\/div>\n<\/div><\/div><\/main><!-- close content main element --><\/div><\/div><div id='after_section_1'  class='main_color av_default_container_wrap container_wrap sidebar_right'  ><div class='container av-section-cont-open' ><div class='template-page content  av-content-small alpha units'><div class='post-entry post-entry-type-page post-entry-2668'><div class='entry-content-wrapper clearfix'>\n","protected":false},"excerpt":{"rendered":"","protected":false},"author":1,"featured_media":0,"parent":2659,"menu_order":0,"comment_status":"closed","ping_status":"closed","template":"","meta":{"footnotes":""},"class_list":["post-2668","page","type-page","status-publish","hentry"],"_links":{"self":[{"href":"https:\/\/lusine.org\/index.php\/wp-json\/wp\/v2\/pages\/2668","targetHints":{"allow":["GET"]}}],"collection":[{"href":"https:\/\/lusine.org\/index.php\/wp-json\/wp\/v2\/pages"}],"about":[{"href":"https:\/\/lusine.org\/index.php\/wp-json\/wp\/v2\/types\/page"}],"author":[{"embeddable":true,"href":"https:\/\/lusine.org\/index.php\/wp-json\/wp\/v2\/users\/1"}],"replies":[{"embeddable":true,"href":"https:\/\/lusine.org\/index.php\/wp-json\/wp\/v2\/comments?post=2668"}],"version-history":[{"count":30,"href":"https:\/\/lusine.org\/index.php\/wp-json\/wp\/v2\/pages\/2668\/revisions"}],"predecessor-version":[{"id":2670,"href":"https:\/\/lusine.org\/index.php\/wp-json\/wp\/v2\/pages\/2668\/revisions\/2670"}],"up":[{"embeddable":true,"href":"https:\/\/lusine.org\/index.php\/wp-json\/wp\/v2\/pages\/2659"}],"wp:attachment":[{"href":"https:\/\/lusine.org\/index.php\/wp-json\/wp\/v2\/media?parent=2668"}],"curies":[{"name":"wp","href":"https:\/\/api.w.org\/{rel}","templated":true}]}}