{"id":2675,"date":"2024-04-02T16:34:50","date_gmt":"2024-04-02T14:34:50","guid":{"rendered":"https:\/\/lusine.org\/?page_id=2675"},"modified":"2024-05-29T08:55:19","modified_gmt":"2024-05-29T06:55:19","slug":"les-sorties-nature","status":"publish","type":"page","link":"https:\/\/lusine.org\/index.php\/visites-et-activites\/les-sorties-nature\/","title":{"rendered":"LES SORTIES NATURE"},"content":{"rendered":"\n<style type=\"text\/css\" data-created_by=\"avia_inline_auto\" id=\"style-css-av-gihlb7-c82a61a579c3f89fabe7c9d60c9cf86e\">\n.avia-section.av-gihlb7-c82a61a579c3f89fabe7c9d60c9cf86e{\nbackground-repeat:no-repeat;\nbackground-image:url(https:\/\/lusine.org\/wp-content\/uploads\/2024\/04\/9598256-1.jpg);\nbackground-position:0% 0%;\nbackground-attachment:scroll;\n}\n<\/style>\n<div id='av_section_1'  class='avia-section av-gihlb7-c82a61a579c3f89fabe7c9d60c9cf86e main_color avia-section-default avia-no-border-styling  avia-builder-el-0  avia-builder-el-no-sibling  avia-bg-style-scroll container_wrap sidebar_right'  data-section-bg-repeat='no-repeat'><div class='container av-section-cont-open' ><main  role=\"main\" itemprop=\"mainContentOfPage\"  class='template-page content  av-content-small alpha units'><div class='post-entry post-entry-type-page post-entry-2675'><div class='entry-content-wrapper clearfix'>\n<section  class='av_textblock_section av-dso2mb-165068de12a494fbedc3725888323db5 '   itemscope=\"itemscope\" itemtype=\"https:\/\/schema.org\/CreativeWork\" ><div class='avia_textblock'  itemprop=\"text\" ><p style=\"text-align: center;\"><span style=\"color: #000000;\"><strong>L&rsquo;Usine &#8211; Maison de la nature<\/strong><\/span><\/p>\n<\/div><\/section>\n\n<style type=\"text\/css\" data-created_by=\"avia_inline_auto\" id=\"style-css-av-c2ws1f-7ca29191c4d651ae4b4f56b69b770ad9\">\n#top .hr.av-c2ws1f-7ca29191c4d651ae4b4f56b69b770ad9{\nmargin-top:30px;\nmargin-bottom:30px;\n}\n.hr.av-c2ws1f-7ca29191c4d651ae4b4f56b69b770ad9 .hr-inner{\nwidth:50px;\nmax-width:45%;\n}\n<\/style>\n<div  class='hr av-c2ws1f-7ca29191c4d651ae4b4f56b69b770ad9 hr-custom  avia-builder-el-2  el_after_av_textblock  el_before_av_one_full  hr-center hr-icon-yes'><span class='hr-inner inner-border-av-border-thin'><span class=\"hr-inner-style\"><\/span><\/span><span class='av-seperator-icon avia-iconfont avia-font-entypo-fontello' data-av_icon='\ue834' data-av_iconfont='entypo-fontello' ><\/span><span class='hr-inner inner-border-av-border-thin'><span class=\"hr-inner-style\"><\/span><\/span><\/div>\n\n<style type=\"text\/css\" data-created_by=\"avia_inline_auto\" id=\"style-css-av-baq49f-7e7883a5e6c7c569cffa779a1adb74a4\">\n.flex_column.av-baq49f-7e7883a5e6c7c569cffa779a1adb74a4{\nborder-radius:0px 0px 0px 0px;\npadding:0px 0px 0px 0px;\n}\n<\/style>\n<div  class='flex_column av-baq49f-7e7883a5e6c7c569cffa779a1adb74a4 av_one_full  avia-builder-el-3  el_after_av_hr  el_before_av_one_fifth  first flex_column_div av-zero-column-padding  '     ><p>\n<style type=\"text\/css\" data-created_by=\"avia_inline_auto\" id=\"style-css-av-lv5e62y7-f80534bc6496d5761c7dffda3b5fc658\">\n#top .av-special-heading.av-lv5e62y7-f80534bc6496d5761c7dffda3b5fc658{\npadding-bottom:10px;\nfont-size:50px;\n}\nbody .av-special-heading.av-lv5e62y7-f80534bc6496d5761c7dffda3b5fc658 .av-special-heading-tag .heading-char{\nfont-size:25px;\n}\n#top #wrap_all .av-special-heading.av-lv5e62y7-f80534bc6496d5761c7dffda3b5fc658 .av-special-heading-tag{\nfont-size:50px;\n}\n.av-special-heading.av-lv5e62y7-f80534bc6496d5761c7dffda3b5fc658 .av-subheading{\nfont-size:15px;\n}\n\n@media only screen and (min-width: 480px) and (max-width: 767px){ \n#top #wrap_all .av-special-heading.av-lv5e62y7-f80534bc6496d5761c7dffda3b5fc658 .av-special-heading-tag{\nfont-size:0.8em;\n}\n}\n\n@media only screen and (max-width: 479px){ \n#top #wrap_all .av-special-heading.av-lv5e62y7-f80534bc6496d5761c7dffda3b5fc658 .av-special-heading-tag{\nfont-size:0.8em;\n}\n}\n<\/style>\n<div  class='av-special-heading av-lv5e62y7-f80534bc6496d5761c7dffda3b5fc658 av-special-heading-h1 custom-color-heading blockquote modern-quote modern-centered  avia-builder-el-4  el_before_av_hr  avia-builder-el-first  av-inherit-size'><h1 class='av-special-heading-tag '  itemprop=\"headline\"  >Les sorties nature<\/h1><div class=\"special-heading-border\"><div class=\"special-heading-inner-border\"><\/div><\/div><\/div><br \/>\n\n<style type=\"text\/css\" data-created_by=\"avia_inline_auto\" id=\"style-css-av-8g9mrn-898ff35ba184c5c73104bb55d70bbdc3\">\n#top .hr.hr-invisible.av-8g9mrn-898ff35ba184c5c73104bb55d70bbdc3{\nheight:40px;\n}\n<\/style>\n<div  class='hr av-8g9mrn-898ff35ba184c5c73104bb55d70bbdc3 hr-invisible  avia-builder-el-5  el_after_av_heading  el_before_av_image '><span class='hr-inner '><span class=\"hr-inner-style\"><\/span><\/span><\/div><br \/>\n\n<style type=\"text\/css\" data-created_by=\"avia_inline_auto\" id=\"style-css-av-lwq4ni37-cf4e0e05d1467e75cb84e716fb4846f1\">\n.avia-image-container.av-lwq4ni37-cf4e0e05d1467e75cb84e716fb4846f1 img.avia_image{\nbox-shadow:none;\n}\n.avia-image-container.av-lwq4ni37-cf4e0e05d1467e75cb84e716fb4846f1 .av-image-caption-overlay-center{\ncolor:#ffffff;\n}\n<\/style>\n<div  class='avia-image-container av-lwq4ni37-cf4e0e05d1467e75cb84e716fb4846f1 av-styling- avia-align-center  avia-builder-el-6  el_after_av_hr  avia-builder-el-last '   itemprop=\"image\" itemscope=\"itemscope\" itemtype=\"https:\/\/schema.org\/ImageObject\" ><div class=\"avia-image-container-inner\"><div class=\"avia-image-overlay-wrap\"><img decoding=\"async\" fetchpriority=\"high\" class='wp-image-3567 avia-img-lazy-loading-not-3567 avia_image ' src=\"https:\/\/lusine.org\/wp-content\/uploads\/2024\/05\/backpack-1836594_1280-1280x430.jpg\" alt='' title='backpack-1836594_1280'  height=\"430\" width=\"1280\"  itemprop=\"thumbnailUrl\"  \/><\/div><\/div><\/div><\/p><\/div><div  class='flex_column av-7kr5pv-1867af21e43d1390ce1193c666db4708 av_one_fifth  avia-builder-el-7  el_after_av_one_full  el_before_av_three_fifth  first flex_column_div  column-top-margin'     ><\/div><div  class='flex_column av-6kh7tv-2e0e4e86f038135ac1eb0b035785a340 av_three_fifth  avia-builder-el-8  el_after_av_one_fifth  el_before_av_one_fifth  flex_column_div  column-top-margin'     ><section  class='av_textblock_section av-lv5e6n6t-5146336c2b2fd71f3abe92c4445d8fbe '   itemscope=\"itemscope\" itemtype=\"https:\/\/schema.org\/CreativeWork\" ><div class='avia_textblock'  itemprop=\"text\" ><h2 style=\"text-align: center;\"><strong>A venir<br \/>\n<\/strong><\/h2>\n<p style=\"text-align: center;\">Point de d\u00e9part des sentiers de randonn\u00e9es comment\u00e9es<\/p>\n<\/div><\/section><\/div><div  class='flex_column av-3qd5v7-9d5f080f79f64ccf1beb42457190f0d8 av_one_fifth  avia-builder-el-10  el_after_av_three_fifth  el_before_av_hr  flex_column_div  column-top-margin'     ><\/div>\n<style type=\"text\/css\" data-created_by=\"avia_inline_auto\" id=\"style-css-av-2r1xz7-4288cd1aee58e228bfc7de2b08b47a31\">\n#top .hr.hr-invisible.av-2r1xz7-4288cd1aee58e228bfc7de2b08b47a31{\nheight:60px;\n}\n<\/style>\n<div  class='hr av-2r1xz7-4288cd1aee58e228bfc7de2b08b47a31 hr-invisible  avia-builder-el-11  el_after_av_one_fifth  el_before_av_button '><span class='hr-inner '><span class=\"hr-inner-style\"><\/span><\/span><\/div>\n<div  class='avia-button-wrap av-lwhsoc0a-8963fd587edb19e93bcd29e1cf85cfbb-wrap avia-button-center  avia-builder-el-12  el_after_av_hr  avia-builder-el-last '><a href='https:\/\/lusine.qweekle.com\/shop\/lusine\/multi\/randonnee-guidee?lang=fr'  class='avia-button av-lwhsoc0a-8963fd587edb19e93bcd29e1cf85cfbb av-link-btn avia-icon_select-yes-left-icon avia-size-large avia-position-center avia-color-theme-color'  target=\"_blank\"  rel=\"noopener noreferrer\"  aria-label=\"R\u00e9servez votre billet\"><span class='avia_button_icon avia_button_icon_left avia-iconfont avia-font-entypo-fontello' data-av_icon='\ue881' data-av_iconfont='entypo-fontello' ><\/span><span class='avia_iconbox_title' >R\u00e9servez votre billet<\/span><\/a><\/div>\n<\/div><\/div><\/main><!-- close content main element --><\/div><\/div><div id='after_section_1'  class='main_color av_default_container_wrap container_wrap sidebar_right'  ><div class='container av-section-cont-open' ><div class='template-page content  av-content-small alpha units'><div class='post-entry post-entry-type-page post-entry-2675'><div class='entry-content-wrapper clearfix'>\n","protected":false},"excerpt":{"rendered":"","protected":false},"author":1,"featured_media":0,"parent":2659,"menu_order":0,"comment_status":"closed","ping_status":"closed","template":"","meta":{"footnotes":""},"class_list":["post-2675","page","type-page","status-publish","hentry"],"_links":{"self":[{"href":"https:\/\/lusine.org\/index.php\/wp-json\/wp\/v2\/pages\/2675","targetHints":{"allow":["GET"]}}],"collection":[{"href":"https:\/\/lusine.org\/index.php\/wp-json\/wp\/v2\/pages"}],"about":[{"href":"https:\/\/lusine.org\/index.php\/wp-json\/wp\/v2\/types\/page"}],"author":[{"embeddable":true,"href":"https:\/\/lusine.org\/index.php\/wp-json\/wp\/v2\/users\/1"}],"replies":[{"embeddable":true,"href":"https:\/\/lusine.org\/index.php\/wp-json\/wp\/v2\/comments?post=2675"}],"version-history":[{"count":14,"href":"https:\/\/lusine.org\/index.php\/wp-json\/wp\/v2\/pages\/2675\/revisions"}],"predecessor-version":[{"id":3720,"href":"https:\/\/lusine.org\/index.php\/wp-json\/wp\/v2\/pages\/2675\/revisions\/3720"}],"up":[{"embeddable":true,"href":"https:\/\/lusine.org\/index.php\/wp-json\/wp\/v2\/pages\/2659"}],"wp:attachment":[{"href":"https:\/\/lusine.org\/index.php\/wp-json\/wp\/v2\/media?parent=2675"}],"curies":[{"name":"wp","href":"https:\/\/api.w.org\/{rel}","templated":true}]}}