{"id":2684,"date":"2024-04-02T17:26:13","date_gmt":"2024-04-02T15:26:13","guid":{"rendered":"https:\/\/lusine.org\/?page_id=2684"},"modified":"2025-11-12T17:42:56","modified_gmt":"2025-11-12T16:42:56","slug":"acces-contact","status":"publish","type":"page","link":"https:\/\/lusine.org\/index.php\/acces-contact\/","title":{"rendered":"HORAIRES \/ ACC\u00c8S"},"content":{"rendered":"\n<style type=\"text\/css\" data-created_by=\"avia_inline_auto\" id=\"style-css-av-hgj5os-db2dff2c8d470bee7a2ac53b84e6f114\">\n.avia-section.av-hgj5os-db2dff2c8d470bee7a2ac53b84e6f114{\nbackground-repeat:no-repeat;\nbackground-image:url(https:\/\/lusine.org\/wp-content\/uploads\/2024\/04\/9598256-1.jpg);\nbackground-position:0% 0%;\nbackground-attachment:scroll;\n}\n<\/style>\n<div id='av_section_1'  class='avia-section av-hgj5os-db2dff2c8d470bee7a2ac53b84e6f114 main_color avia-section-default avia-no-border-styling  avia-builder-el-0  el_before_av_google_map  avia-builder-el-first  avia-bg-style-scroll container_wrap sidebar_right'  data-section-bg-repeat='no-repeat'><div class='container av-section-cont-open' ><main  role=\"main\" itemprop=\"mainContentOfPage\"  class='template-page content  av-content-small alpha units'><div class='post-entry post-entry-type-page post-entry-2684'><div class='entry-content-wrapper clearfix'>\n<section  class='av_textblock_section av-g12nvg-8556b777596326d5003ce85e922c7bb8 '   itemscope=\"itemscope\" itemtype=\"https:\/\/schema.org\/CreativeWork\" ><div class='avia_textblock'  itemprop=\"text\" ><p style=\"text-align: center;\"><span style=\"color: #000000;\"><strong>L&rsquo;Usine &#8211; Maison de la nature<\/strong><\/span><\/p>\n<\/div><\/section>\n\n<style type=\"text\/css\" data-created_by=\"avia_inline_auto\" id=\"style-css-av-enhom4-b2749bd678dfcd09611441035bfc66d5\">\n#top .hr.av-enhom4-b2749bd678dfcd09611441035bfc66d5{\nmargin-top:30px;\nmargin-bottom:30px;\n}\n.hr.av-enhom4-b2749bd678dfcd09611441035bfc66d5 .hr-inner{\nwidth:50px;\nmax-width:45%;\n}\n<\/style>\n<div  class='hr av-enhom4-b2749bd678dfcd09611441035bfc66d5 hr-custom  avia-builder-el-2  el_after_av_textblock  el_before_av_one_full  hr-center hr-icon-yes'><span class='hr-inner inner-border-av-border-thin'><span class=\"hr-inner-style\"><\/span><\/span><span class='av-seperator-icon avia-iconfont avia-font-entypo-fontello' data-av_icon='\ue834' data-av_iconfont='entypo-fontello' ><\/span><span class='hr-inner inner-border-av-border-thin'><span class=\"hr-inner-style\"><\/span><\/span><\/div>\n\n<style type=\"text\/css\" data-created_by=\"avia_inline_auto\" id=\"style-css-av-c7uod8-c5c0c53f539ca2dfe1845d3dc36c318c\">\n.flex_column.av-c7uod8-c5c0c53f539ca2dfe1845d3dc36c318c{\nborder-radius:0px 0px 0px 0px;\npadding:0px 0px 0px 0px;\n}\n<\/style>\n<div  class='flex_column av-c7uod8-c5c0c53f539ca2dfe1845d3dc36c318c av_one_full  avia-builder-el-3  el_after_av_hr  el_before_av_one_full  first flex_column_div av-zero-column-padding  '     ><style type=\"text\/css\" data-created_by=\"avia_inline_auto\" id=\"style-css-av-lv3x3ls9-51b6b181e857b6d7d19e42a37b256078\">\n#top .av-special-heading.av-lv3x3ls9-51b6b181e857b6d7d19e42a37b256078{\npadding-bottom:10px;\ncolor:#9b8e6c;\nfont-size:50px;\n}\nbody .av-special-heading.av-lv3x3ls9-51b6b181e857b6d7d19e42a37b256078 .av-special-heading-tag .heading-char{\nfont-size:25px;\n}\n#top #wrap_all .av-special-heading.av-lv3x3ls9-51b6b181e857b6d7d19e42a37b256078 .av-special-heading-tag{\nfont-size:50px;\n}\n.av-special-heading.av-lv3x3ls9-51b6b181e857b6d7d19e42a37b256078 .special-heading-inner-border{\nborder-color:#9b8e6c;\n}\n.av-special-heading.av-lv3x3ls9-51b6b181e857b6d7d19e42a37b256078 .av-subheading{\nfont-size:15px;\n}\n\n@media only screen and (min-width: 480px) and (max-width: 767px){ \n#top #wrap_all .av-special-heading.av-lv3x3ls9-51b6b181e857b6d7d19e42a37b256078 .av-special-heading-tag{\nfont-size:0.8em;\n}\n}\n\n@media only screen and (max-width: 479px){ \n#top #wrap_all .av-special-heading.av-lv3x3ls9-51b6b181e857b6d7d19e42a37b256078 .av-special-heading-tag{\nfont-size:0.8em;\n}\n}\n<\/style>\n<div  class='av-special-heading av-lv3x3ls9-51b6b181e857b6d7d19e42a37b256078 av-special-heading-h2 custom-color-heading blockquote modern-quote modern-centered  avia-builder-el-4  avia-builder-el-no-sibling  av-inherit-size'><h2 class='av-special-heading-tag '  itemprop=\"headline\"  >Horaires d\u2019acc\u00e8s au site<\/h2><div class=\"special-heading-border\"><div class=\"special-heading-inner-border\"><\/div><\/div><\/div><\/div>\n<style type=\"text\/css\" data-created_by=\"avia_inline_auto\" id=\"style-css-av-7exr58-297f50d70f2a8ecbf5319c9305817066\">\n.flex_column.av-7exr58-297f50d70f2a8ecbf5319c9305817066{\nborder-width:2px;\nborder-color:#9b8e6c;\nborder-style:inset;\nborder-radius:0 0 0 0;\npadding:20px 20px 20px 20px;\n}\n<\/style>\n<div  class='flex_column av-7exr58-297f50d70f2a8ecbf5319c9305817066 av_one_full  avia-builder-el-5  el_after_av_one_full  el_before_av_hr  first flex_column_div  column-top-margin'     ><style type=\"text\/css\" data-created_by=\"avia_inline_auto\" id=\"style-css-av-5prw64-ab2aaebe42f7fbc01034b62380396c98\">\n#top .av_textblock_section.av-5prw64-ab2aaebe42f7fbc01034b62380396c98 .avia_textblock{\nfont-size:16px;\n}\n<\/style>\n<section  class='av_textblock_section av-5prw64-ab2aaebe42f7fbc01034b62380396c98 '   itemscope=\"itemscope\" itemtype=\"https:\/\/schema.org\/CreativeWork\" ><div class='avia_textblock'  itemprop=\"text\" ><h3 style=\"text-align: center;\"><\/h3>\n<h3 style=\"text-align: center;\">De avril \u00e0 octobre<\/h3>\n<p style=\"text-align: center;\">Du mercredi au dimanche, 9h00 &#8211; 18h00<br \/>\nLes mardis acc\u00e8s au site ext\u00e9rieur, \u00e0 la boutique et \u00e0 la<br \/>\npause gourmande de 9h00 \u00e0 16h00<\/p>\n<h3 style=\"text-align: center;\">De novembre \u00e0 mars<\/h3>\n<p style=\"text-align: center;\">Du mercredi au dimanche, 10h00 &#8211; 17h00<\/p>\n<p style=\"text-align: center;\"><strong>La Maison de la nature est ferm\u00e9e le lundi et le mardi.<\/strong><\/p>\n<\/div><\/section><\/div>\n<style type=\"text\/css\" data-created_by=\"avia_inline_auto\" id=\"style-css-av-2x1kbw-35faaa05a337380dee9897fc72164320\">\n#top .hr.hr-invisible.av-2x1kbw-35faaa05a337380dee9897fc72164320{\nheight:60px;\n}\n<\/style>\n<div  class='hr av-2x1kbw-35faaa05a337380dee9897fc72164320 hr-invisible  avia-builder-el-7  el_after_av_one_full  el_before_av_one_full '><span class='hr-inner '><span class=\"hr-inner-style\"><\/span><\/span><\/div>\n\n<style type=\"text\/css\" data-created_by=\"avia_inline_auto\" id=\"style-css-av-bh2wc-edf161cd9a533f1f9226d4d51e30d473\">\n.flex_column.av-bh2wc-edf161cd9a533f1f9226d4d51e30d473{\nborder-radius:0px 0px 0px 0px;\npadding:0px 0px 0px 0px;\n}\n<\/style>\n<div  class='flex_column av-bh2wc-edf161cd9a533f1f9226d4d51e30d473 av_one_full  avia-builder-el-8  el_after_av_hr  el_before_av_one_fourth  first flex_column_div av-zero-column-padding  '     ><p>\n<style type=\"text\/css\" data-created_by=\"avia_inline_auto\" id=\"style-css-av-lv3y92ap-26a9d68152312852794c6a044857bd11\">\n#top .av-special-heading.av-lv3y92ap-26a9d68152312852794c6a044857bd11{\npadding-bottom:10px;\ncolor:#9b8e6c;\nfont-size:50px;\n}\nbody .av-special-heading.av-lv3y92ap-26a9d68152312852794c6a044857bd11 .av-special-heading-tag .heading-char{\nfont-size:25px;\n}\n#top #wrap_all .av-special-heading.av-lv3y92ap-26a9d68152312852794c6a044857bd11 .av-special-heading-tag{\nfont-size:50px;\n}\n.av-special-heading.av-lv3y92ap-26a9d68152312852794c6a044857bd11 .special-heading-inner-border{\nborder-color:#9b8e6c;\n}\n.av-special-heading.av-lv3y92ap-26a9d68152312852794c6a044857bd11 .av-subheading{\nfont-size:15px;\n}\n\n@media only screen and (min-width: 480px) and (max-width: 767px){ \n#top #wrap_all .av-special-heading.av-lv3y92ap-26a9d68152312852794c6a044857bd11 .av-special-heading-tag{\nfont-size:0.8em;\n}\n}\n\n@media only screen and (max-width: 479px){ \n#top #wrap_all .av-special-heading.av-lv3y92ap-26a9d68152312852794c6a044857bd11 .av-special-heading-tag{\nfont-size:0.8em;\n}\n}\n<\/style>\n<div  class='av-special-heading av-lv3y92ap-26a9d68152312852794c6a044857bd11 av-special-heading-h1 custom-color-heading blockquote modern-quote modern-centered  avia-builder-el-9  el_before_av_textblock  avia-builder-el-first  av-inherit-size'><h1 class='av-special-heading-tag '  itemprop=\"headline\"  >Acc\u00e8s<\/h1><div class=\"special-heading-border\"><div class=\"special-heading-inner-border\"><\/div><\/div><\/div><br \/>\n<section  class='av_textblock_section av-lvcdtbgh-dd17c84e3d8d868392fb4c352bce1f75 '   itemscope=\"itemscope\" itemtype=\"https:\/\/schema.org\/CreativeWork\" ><div class='avia_textblock'  itemprop=\"text\" ><p style=\"text-align: center;\">454 chemin Pierre Foncin &#8211; 83 240 Cavalaire-sur-mer<\/p>\n<\/div><\/section><\/p><\/div><div  class='flex_column av-5dnxq4-458495122b2fe511a4937d26d9391d66 av_one_fourth  avia-builder-el-11  el_after_av_one_full  el_before_av_one_fourth  first flex_column_div  column-top-margin'     ><section  class='av_textblock_section av-20m30c-3933d63c84db62aa2e5544d24879aab4 '   itemscope=\"itemscope\" itemtype=\"https:\/\/schema.org\/CreativeWork\" ><div class='avia_textblock'  itemprop=\"text\" ><h3 style=\"text-align: center;\">En voiture<\/h3>\n<p style=\"text-align: center;\"><b>Par la RD 559<br \/>\n<\/b><strong>Stationnement parking du Dattier<\/strong><\/p>\n<\/div><\/section><\/div><div  class='flex_column av-78lwzg-b84cfb7a00e1fa620447012965ab3634 av_one_fourth  avia-builder-el-13  el_after_av_one_fourth  el_before_av_one_fourth  flex_column_div  column-top-margin'     ><section  class='av_textblock_section av-jvxoc-63d751dde6b2364f0e5f31243c16b248 '   itemscope=\"itemscope\" itemtype=\"https:\/\/schema.org\/CreativeWork\" ><div class='avia_textblock'  itemprop=\"text\" ><h3 style=\"text-align: center;\">En bus<\/h3>\n<p style=\"text-align: center;\"><b>Navette ligne 4<br \/>\n<\/b>Du 15 juin au 7 septembre<\/p>\n<p style=\"text-align: center;\"><a href=\"http:\/\/lusine.org\/wp-content\/uploads\/2025\/05\/Navette-estivale-cavalaire-15-juin.pdf\">Horaires et plan<\/a><\/p>\n<\/div><\/section><\/div><div  class='flex_column av-27la7w-7119ad30ddd78db9e12466752a52b1fc av_one_fourth  avia-builder-el-15  el_after_av_one_fourth  el_before_av_one_fourth  flex_column_div  column-top-margin'     ><section  class='av_textblock_section av-lwahn339-af1610ec2b9e278a2da52c8a0c1ced17 '   itemscope=\"itemscope\" itemtype=\"https:\/\/schema.org\/CreativeWork\" ><div class='avia_textblock'  itemprop=\"text\" ><h3 style=\"text-align: center;\">En bus Zou<\/h3>\n<p style=\"text-align: center;\"><b>par la RD559, arr\u00eat \u00e0 400 m du site<\/b><\/p>\n<\/div><\/section><\/div><div  class='flex_column av-47e5rw-fa4a8c6c21e212f726814b5e98efeefa av_one_fourth  avia-builder-el-17  el_after_av_one_fourth  avia-builder-el-last  flex_column_div  column-top-margin'     ><section  class='av_textblock_section av-21zt4s-c4044d6716ce97ff5bfc5ccbc0bc8e43 '   itemscope=\"itemscope\" itemtype=\"https:\/\/schema.org\/CreativeWork\" ><div class='avia_textblock'  itemprop=\"text\" ><h3 style=\"text-align: center;\">En v\u00e9lo<\/h3>\n<p style=\"text-align: center;\"><b>Parking \u00e0 v\u00e9los \u00e0 l&rsquo;Usine<br \/>\nAccessible via la voie verte Cavalaire-Rayol<br \/>\n<\/b><\/p>\n<\/div><\/section><\/div><div  class='av_gmaps_sc_main_wrap av_gmaps_main_wrap '><div id='av_gmap_0' class='avia-google-map-container avia-google-map-sc av_gmaps_show_unconditionally av-no-fallback-img ' data-mapid='av_gmap_0'  style='height: 800px;'><a class=\"av_gmaps_browser_disabled av_text_confirm_link av_text_confirm_link_visible\" href=\"https:\/\/www.google.com\/maps\/search\/?api=1&#038;query=Chemin%20Pierre%20Foncin%2083240%20Cavalaire-sur-mer%20%20france\" target=\"_blank\">Les cartes ont \u00e9t\u00e9 d\u00e9sactiv\u00e9es par le visiteur sur ce site. Cliquer pour ouvrir la carte dans une nouvelle fen\u00eatre.<\/a><\/div><\/div>\n","protected":false},"excerpt":{"rendered":"","protected":false},"author":1,"featured_media":0,"parent":0,"menu_order":0,"comment_status":"closed","ping_status":"closed","template":"","meta":{"footnotes":""},"class_list":["post-2684","page","type-page","status-publish","hentry"],"_links":{"self":[{"href":"https:\/\/lusine.org\/index.php\/wp-json\/wp\/v2\/pages\/2684","targetHints":{"allow":["GET"]}}],"collection":[{"href":"https:\/\/lusine.org\/index.php\/wp-json\/wp\/v2\/pages"}],"about":[{"href":"https:\/\/lusine.org\/index.php\/wp-json\/wp\/v2\/types\/page"}],"author":[{"embeddable":true,"href":"https:\/\/lusine.org\/index.php\/wp-json\/wp\/v2\/users\/1"}],"replies":[{"embeddable":true,"href":"https:\/\/lusine.org\/index.php\/wp-json\/wp\/v2\/comments?post=2684"}],"version-history":[{"count":42,"href":"https:\/\/lusine.org\/index.php\/wp-json\/wp\/v2\/pages\/2684\/revisions"}],"predecessor-version":[{"id":4421,"href":"https:\/\/lusine.org\/index.php\/wp-json\/wp\/v2\/pages\/2684\/revisions\/4421"}],"wp:attachment":[{"href":"https:\/\/lusine.org\/index.php\/wp-json\/wp\/v2\/media?parent=2684"}],"curies":[{"name":"wp","href":"https:\/\/api.w.org\/{rel}","templated":true}]}}