{"id":3380,"date":"2024-04-24T15:33:18","date_gmt":"2024-04-24T13:33:18","guid":{"rendered":"https:\/\/lusine.org\/?page_id=3380"},"modified":"2024-05-22T09:24:00","modified_gmt":"2024-05-22T07:24:00","slug":"mention-legale","status":"publish","type":"page","link":"https:\/\/lusine.org\/index.php\/localiser\/mention-legale\/","title":{"rendered":"Mentions l\u00e9gales"},"content":{"rendered":"\n<style type=\"text\/css\" data-created_by=\"avia_inline_auto\" id=\"style-css-av-hgw16s-415d67d87fdb3c7386687f403a521ca4\">\n.avia-section.av-hgw16s-415d67d87fdb3c7386687f403a521ca4{\nbackground-repeat:no-repeat;\nbackground-image:url(https:\/\/lusine.org\/wp-content\/uploads\/2024\/04\/9598256-1.jpg);\nbackground-position:0% 0%;\nbackground-attachment:scroll;\n}\n<\/style>\n<div id='av_section_1'  class='avia-section av-hgw16s-415d67d87fdb3c7386687f403a521ca4 main_color avia-section-default avia-no-border-styling  avia-builder-el-0  avia-builder-el-no-sibling  avia-bg-style-scroll container_wrap sidebar_right'  data-section-bg-repeat='no-repeat'><div class='container av-section-cont-open' ><main  role=\"main\" itemprop=\"mainContentOfPage\"  class='template-page content  av-content-small alpha units'><div class='post-entry post-entry-type-page post-entry-3380'><div class='entry-content-wrapper clearfix'>\n<section  class='av_textblock_section av-fcljqc-73ccc6da0fa3c78532c745a76c9f6857 '   itemscope=\"itemscope\" itemtype=\"https:\/\/schema.org\/CreativeWork\" ><div class='avia_textblock'  itemprop=\"text\" ><p style=\"text-align: center;\"><span style=\"color: #000000;\"><strong>L&rsquo;Usine &#8211; Maison de la nature<\/strong><\/span><\/p>\n<\/div><\/section>\n\n<style type=\"text\/css\" data-created_by=\"avia_inline_auto\" id=\"style-css-av-esrtac-5f8c031287cf2b93b71890cb07c4522a\">\n#top .hr.av-esrtac-5f8c031287cf2b93b71890cb07c4522a{\nmargin-top:30px;\nmargin-bottom:30px;\n}\n.hr.av-esrtac-5f8c031287cf2b93b71890cb07c4522a .hr-inner{\nwidth:50px;\nmax-width:45%;\n}\n<\/style>\n<div  class='hr av-esrtac-5f8c031287cf2b93b71890cb07c4522a hr-custom  avia-builder-el-2  el_after_av_textblock  el_before_av_one_full  hr-center hr-icon-yes'><span class='hr-inner inner-border-av-border-thin'><span class=\"hr-inner-style\"><\/span><\/span><span class='av-seperator-icon avia-iconfont avia-font-entypo-fontello' data-av_icon='\ue834' data-av_iconfont='entypo-fontello' ><\/span><span class='hr-inner inner-border-av-border-thin'><span class=\"hr-inner-style\"><\/span><\/span><\/div>\n\n<style type=\"text\/css\" data-created_by=\"avia_inline_auto\" id=\"style-css-av-cmoll0-6987979ee16f1302bd8bfef85ff6e3bf\">\n.flex_column.av-cmoll0-6987979ee16f1302bd8bfef85ff6e3bf{\nborder-radius:0px 0px 0px 0px;\npadding:0px 0px 0px 0px;\n}\n<\/style>\n<div  class='flex_column av-cmoll0-6987979ee16f1302bd8bfef85ff6e3bf av_one_full  avia-builder-el-3  el_after_av_hr  el_before_av_one_fifth  first flex_column_div av-zero-column-padding  '     ><p>\n<style type=\"text\/css\" data-created_by=\"avia_inline_auto\" id=\"style-css-av-lwhh10lj-b2a23cad6434d95219547f8fb6692aa6\">\n#top .av-special-heading.av-lwhh10lj-b2a23cad6434d95219547f8fb6692aa6{\npadding-bottom:10px;\nfont-size:50px;\n}\nbody .av-special-heading.av-lwhh10lj-b2a23cad6434d95219547f8fb6692aa6 .av-special-heading-tag .heading-char{\nfont-size:25px;\n}\n#top #wrap_all .av-special-heading.av-lwhh10lj-b2a23cad6434d95219547f8fb6692aa6 .av-special-heading-tag{\nfont-size:50px;\n}\n.av-special-heading.av-lwhh10lj-b2a23cad6434d95219547f8fb6692aa6 .av-subheading{\nfont-size:15px;\n}\n\n@media only screen and (min-width: 480px) and (max-width: 767px){ \n#top #wrap_all .av-special-heading.av-lwhh10lj-b2a23cad6434d95219547f8fb6692aa6 .av-special-heading-tag{\nfont-size:0.8em;\n}\n}\n\n@media only screen and (max-width: 479px){ \n#top #wrap_all .av-special-heading.av-lwhh10lj-b2a23cad6434d95219547f8fb6692aa6 .av-special-heading-tag{\nfont-size:0.8em;\n}\n}\n<\/style>\n<div  class='av-special-heading av-lwhh10lj-b2a23cad6434d95219547f8fb6692aa6 av-special-heading-h1 custom-color-heading blockquote modern-quote modern-centered  avia-builder-el-4  el_before_av_hr  avia-builder-el-first  av-inherit-size'><h1 class='av-special-heading-tag '  itemprop=\"headline\"  >Mentions l\u00e9gales<\/h1><div class=\"special-heading-border\"><div class=\"special-heading-inner-border\"><\/div><\/div><\/div><br \/>\n\n<style type=\"text\/css\" data-created_by=\"avia_inline_auto\" id=\"style-css-av-bc9n9g-4096e8a536c761c2fac11499b88d69ee\">\n#top .hr.hr-invisible.av-bc9n9g-4096e8a536c761c2fac11499b88d69ee{\nheight:40px;\n}\n<\/style>\n<div  class='hr av-bc9n9g-4096e8a536c761c2fac11499b88d69ee hr-invisible  avia-builder-el-5  el_after_av_heading  avia-builder-el-last '><span class='hr-inner '><span class=\"hr-inner-style\"><\/span><\/span><\/div><\/p><\/div><div  class='flex_column av-v6r9w-eada1c8ece4242c1e6e5e723c65ea741 av_one_fifth  avia-builder-el-6  el_after_av_one_full  el_before_av_three_fifth  first flex_column_div  column-top-margin'     ><\/div><div  class='flex_column av-859k1w-18a3f07061d808ec5fd570b798251f66 av_three_fifth  avia-builder-el-7  el_after_av_one_fifth  el_before_av_one_fifth  flex_column_div  column-top-margin'     ><section  class='av_textblock_section av-5isa2c-6f473aec3a7bddadae85ff28bf21c7ad '   itemscope=\"itemscope\" itemtype=\"https:\/\/schema.org\/CreativeWork\" ><div class='avia_textblock'  itemprop=\"text\" ><div class=\"post-entry post-entry-type-page post-entry-220\">\n<div class=\"entry-content-wrapper clearfix\">\n<div class=\"av-special-heading av-special-heading-h3 avia-builder-el-0 el_before_av_textblock avia-builder-el-first \">\n<h3 class=\"av-special-heading-tag \">Mentions l\u00e9gales<\/h3>\n<div class=\"special-heading-border\">\n<div class=\"special-heading-inner-border\"><\/div>\n<\/div>\n<\/div>\n<section class=\"av_textblock_section \">\n<div class=\"avia_textblock \">\n<p>Le site web www.lusine.org.fr est \u00e9dit\u00e9 par :<\/p>\n<p>Mairie de Cavalaire<\/p>\n<p>109 Gabriel P\u00e9ri\u2013 83240 Cavalaire-sur-Mer<\/p>\n<p>T\u00e9l : 04 94 00 48 00<\/p>\n<p>Mail : <a href=\"mailto:contact@port-heraclea.fr\">contact@lusine.org<\/a><\/p>\n<p>Politique g\u00e9n\u00e9rale sur la protection des donn\u00e9es personnelles disponible en cliquant ici :<a href=\"http:\/\/port-heraclea.fr\/index.php\/rgpd\/\"> RGPD<\/a><\/p>\n<\/div>\n<\/section>\n<div class=\"av-special-heading av-special-heading-h3 avia-builder-el-2 el_after_av_textblock el_before_av_textblock \">\n<h3 class=\"av-special-heading-tag \">Mention de droits r\u00e9serv\u00e9s<\/h3>\n<div class=\"special-heading-border\">\n<div class=\"special-heading-inner-border\"><\/div>\n<\/div>\n<\/div>\n<section class=\"av_textblock_section \">\n<div class=\"avia_textblock \">\n<p>Conform\u00e9ment \u00e0 la Loi \u00ab Informatique et Libert\u00e9s \u00bb n\u00ba 78-17 du 6 janvier 1978, les informations vous concernant sont destin\u00e9es au site de la Maison de la Nature, L&rsquo;Usine, responsable du traitement. Vous disposez d\u2019un droit d\u2019acc\u00e8s, de rectification et de suppression des donn\u00e9es qui vous concernent. Vous pouvez l\u2019exercer en adressant un e-mail \u00e0 l\u2019adresse \u00e9lectronique suivante : <a href=\"mailto:contact@lusine.org\">contact@lusine.org<\/a><\/p>\n<p>En poursuivant votre visite de notre site vous acceptez de respecter les restrictions de cette page.<\/p>\n<p>Aucune reproduction, m\u00eame partielle, autres que celles pr\u00e9vues \u00e0 l\u2019article <strong>L 122-5<\/strong> du code de la propri\u00e9t\u00e9 intellectuelle, ne peut \u00eatre faite pour d\u2019autres utilisations.<\/p>\n<p>Droits de reproduction et de diffusion r\u00e9serv\u00e9s \u00a9 lusine.org<\/p>\n<\/div>\n<\/section>\n<div class=\"av-special-heading av-special-heading-h3 avia-builder-el-4 el_after_av_textblock el_before_av_textblock \">\n<h3 class=\"av-special-heading-tag \">Visuels<\/h3>\n<div class=\"special-heading-border\">\n<div class=\"special-heading-inner-border\"><\/div>\n<\/div>\n<\/div>\n<section class=\"av_textblock_section \">\n<div class=\"avia_textblock \">\n<p>L\u2019ensemble des \u00a0photos publi\u00e9es sur le site internet de la Maison de la Nature, L&rsquo;Usine, appartiennent \u00e0 leurs auteurs respectifs. Elles sont destin\u00e9es \u00e0 un usage strictement personnel et ne peuvent en aucun cas \u00eatre diffus\u00e9es ou reproduites, ni sur Internet, si sur supports imprim\u00e9s ou num\u00e9riques.<\/p>\n<\/div>\n<\/section>\n<div class=\"av-special-heading av-special-heading-h3 avia-builder-el-6 el_after_av_textblock el_before_av_textblock \">\n<h3 class=\"av-special-heading-tag \">H\u00e9bergeur des services<\/h3>\n<div class=\"special-heading-border\">\n<div class=\"special-heading-inner-border\"><\/div>\n<\/div>\n<\/div>\n<section class=\"av_textblock_section \">\n<div class=\"avia_textblock \">\n<p>H\u00e9bergeur des services<\/p>\n<p>Commune de Cavalaire \/ OVH<\/p>\n<\/div>\n<\/section>\n<div class=\"av-special-heading av-special-heading-h3 avia-builder-el-8 el_after_av_textblock el_before_av_textblock \"><\/div>\n<section class=\"av_textblock_section \">\n<div class=\"avia_textblock \"><\/div>\n<\/section>\n<\/div>\n<\/div>\n<\/div><\/section><\/div><div  class='flex_column av-4boa5g-e0914d189eba67919b999cb6a501292f av_one_fifth  avia-builder-el-9  el_after_av_three_fifth  el_before_av_hr  flex_column_div  column-top-margin'     ><\/div>\n<style type=\"text\/css\" data-created_by=\"avia_inline_auto\" id=\"style-css-av-3agh4k-105d55a3ab68e7de5f10bc2e549347e9\">\n#top .hr.hr-invisible.av-3agh4k-105d55a3ab68e7de5f10bc2e549347e9{\nheight:60px;\n}\n<\/style>\n<div  class='hr av-3agh4k-105d55a3ab68e7de5f10bc2e549347e9 hr-invisible  avia-builder-el-10  el_after_av_one_fifth  avia-builder-el-last '><span class='hr-inner '><span class=\"hr-inner-style\"><\/span><\/span><\/div>\n<\/div><\/div><\/main><!-- close content main element --><\/div><\/div><div id='after_section_1'  class='main_color av_default_container_wrap container_wrap sidebar_right'  ><div class='container av-section-cont-open' ><div class='template-page content  av-content-small alpha units'><div class='post-entry post-entry-type-page post-entry-3380'><div class='entry-content-wrapper clearfix'>\n","protected":false},"excerpt":{"rendered":"","protected":false},"author":1,"featured_media":0,"parent":849,"menu_order":0,"comment_status":"closed","ping_status":"closed","template":"","meta":{"footnotes":""},"class_list":["post-3380","page","type-page","status-publish","hentry"],"_links":{"self":[{"href":"https:\/\/lusine.org\/index.php\/wp-json\/wp\/v2\/pages\/3380","targetHints":{"allow":["GET"]}}],"collection":[{"href":"https:\/\/lusine.org\/index.php\/wp-json\/wp\/v2\/pages"}],"about":[{"href":"https:\/\/lusine.org\/index.php\/wp-json\/wp\/v2\/types\/page"}],"author":[{"embeddable":true,"href":"https:\/\/lusine.org\/index.php\/wp-json\/wp\/v2\/users\/1"}],"replies":[{"embeddable":true,"href":"https:\/\/lusine.org\/index.php\/wp-json\/wp\/v2\/comments?post=3380"}],"version-history":[{"count":6,"href":"https:\/\/lusine.org\/index.php\/wp-json\/wp\/v2\/pages\/3380\/revisions"}],"predecessor-version":[{"id":3438,"href":"https:\/\/lusine.org\/index.php\/wp-json\/wp\/v2\/pages\/3380\/revisions\/3438"}],"up":[{"embeddable":true,"href":"https:\/\/lusine.org\/index.php\/wp-json\/wp\/v2\/pages\/849"}],"wp:attachment":[{"href":"https:\/\/lusine.org\/index.php\/wp-json\/wp\/v2\/media?parent=3380"}],"curies":[{"name":"wp","href":"https:\/\/api.w.org\/{rel}","templated":true}]}}