{"id":3749,"date":"2024-07-10T09:11:40","date_gmt":"2024-07-10T07:11:40","guid":{"rendered":"https:\/\/lusine.org\/?page_id=3749"},"modified":"2026-02-12T15:16:41","modified_gmt":"2026-02-12T14:16:41","slug":"la-maison-des-saveurs-menus","status":"publish","type":"page","link":"https:\/\/lusine.org\/index.php\/la-maison-des-saveurs-menus\/","title":{"rendered":"La Maison des saveurs menus"},"content":{"rendered":"\n<style type=\"text\/css\" data-created_by=\"avia_inline_auto\" id=\"style-css-av-1mm6q9x-aafc3b2eafd0859e2863a3a0d5802cce\">\n.avia-section.av-1mm6q9x-aafc3b2eafd0859e2863a3a0d5802cce{\nbackground-repeat:no-repeat;\nbackground-image:url(https:\/\/lusine.org\/wp-content\/uploads\/2024\/04\/9598256-1.jpg);\nbackground-position:0% 0%;\nbackground-attachment:scroll;\n}\n<\/style>\n<div id='av_section_1'  class='avia-section av-1mm6q9x-aafc3b2eafd0859e2863a3a0d5802cce main_color avia-section-default avia-no-border-styling  avia-builder-el-0  avia-builder-el-no-sibling  avia-bg-style-scroll container_wrap sidebar_right'  data-section-bg-repeat='no-repeat'><div class='container av-section-cont-open' ><main  role=\"main\" itemprop=\"mainContentOfPage\"  class='template-page content  av-content-small alpha units'><div class='post-entry post-entry-type-page post-entry-3749'><div class='entry-content-wrapper clearfix'>\n<section  class='av_textblock_section av-1kifbjp-610fa78d49b88000152d3e3510d19502 '   itemscope=\"itemscope\" itemtype=\"https:\/\/schema.org\/CreativeWork\" ><div class='avia_textblock'  itemprop=\"text\" ><p style=\"text-align: center;\"><span style=\"color: #000000;\"><strong>L&rsquo;Usine &#8211; Maison de la nature<\/strong><\/span><\/p>\n<\/div><\/section>\n\n<style type=\"text\/css\" data-created_by=\"avia_inline_auto\" id=\"style-css-av-1j7b2qd-87bfa9cd2ab1e269f747c73c0ed2c6f0\">\n#top .hr.av-1j7b2qd-87bfa9cd2ab1e269f747c73c0ed2c6f0{\nmargin-top:30px;\nmargin-bottom:30px;\n}\n.hr.av-1j7b2qd-87bfa9cd2ab1e269f747c73c0ed2c6f0 .hr-inner{\nwidth:50px;\nmax-width:45%;\n}\n<\/style>\n<div  class='hr av-1j7b2qd-87bfa9cd2ab1e269f747c73c0ed2c6f0 hr-custom  avia-builder-el-2  el_after_av_textblock  el_before_av_one_fifth  hr-center hr-icon-yes'><span class='hr-inner inner-border-av-border-thin'><span class=\"hr-inner-style\"><\/span><\/span><span class='av-seperator-icon avia-iconfont avia-font-entypo-fontello' data-av_icon='\ue834' data-av_iconfont='entypo-fontello' ><\/span><span class='hr-inner inner-border-av-border-thin'><span class=\"hr-inner-style\"><\/span><\/span><\/div>\n<div  class='flex_column av-1hllyhx-27c3cdb665be3caa2fee5e17ae2b839b av_one_fifth  avia-builder-el-3  el_after_av_hr  el_before_av_three_fifth  first flex_column_div  '     ><\/div>\n<style type=\"text\/css\" data-created_by=\"avia_inline_auto\" id=\"style-css-av-iovkl-98fff20415b1e95d75826ff10e6b263c\">\n.flex_column.av-iovkl-98fff20415b1e95d75826ff10e6b263c{\nborder-radius:0px 0px 0px 0px;\npadding:0px 0px 0px 0px;\n}\n<\/style>\n<div  class='flex_column av-iovkl-98fff20415b1e95d75826ff10e6b263c av_three_fifth  avia-builder-el-4  el_after_av_one_fifth  el_before_av_one_fifth  flex_column_div av-zero-column-padding  '     ><p>\n<style type=\"text\/css\" data-created_by=\"avia_inline_auto\" id=\"style-css-av-508f51-4533381613605c88f7216c05de118c6b\">\n#top .av-special-heading.av-508f51-4533381613605c88f7216c05de118c6b{\npadding-bottom:10px;\nfont-size:50px;\n}\nbody .av-special-heading.av-508f51-4533381613605c88f7216c05de118c6b .av-special-heading-tag .heading-char{\nfont-size:25px;\n}\n#top #wrap_all .av-special-heading.av-508f51-4533381613605c88f7216c05de118c6b .av-special-heading-tag{\nfont-size:50px;\n}\n.av-special-heading.av-508f51-4533381613605c88f7216c05de118c6b .av-subheading{\nfont-size:15px;\n}\n\n@media only screen and (min-width: 480px) and (max-width: 767px){ \n#top #wrap_all .av-special-heading.av-508f51-4533381613605c88f7216c05de118c6b .av-special-heading-tag{\nfont-size:0.8em;\n}\n}\n\n@media only screen and (max-width: 479px){ \n#top #wrap_all .av-special-heading.av-508f51-4533381613605c88f7216c05de118c6b .av-special-heading-tag{\nfont-size:0.8em;\n}\n}\n<\/style>\n<div  class='av-special-heading av-508f51-4533381613605c88f7216c05de118c6b av-special-heading-h1 custom-color-heading blockquote modern-quote modern-centered  avia-builder-el-5  el_before_av_hr  avia-builder-el-first  av-inherit-size'><h1 class='av-special-heading-tag '  itemprop=\"headline\"  >La Maison des saveurs<\/h1><div class=\"special-heading-border\"><div class=\"special-heading-inner-border\"><\/div><\/div><\/div><br \/>\n\n<style type=\"text\/css\" data-created_by=\"avia_inline_auto\" id=\"style-css-av-1c67hr9-d40ce27224314a16032314d7d7469bed\">\n#top .hr.hr-invisible.av-1c67hr9-d40ce27224314a16032314d7d7469bed{\nheight:40px;\n}\n<\/style>\n<div  class='hr av-1c67hr9-d40ce27224314a16032314d7d7469bed hr-invisible  avia-builder-el-6  el_after_av_heading  el_before_av_textblock '><span class='hr-inner '><span class=\"hr-inner-style\"><\/span><\/span><\/div><br \/>\n<section  class='av_textblock_section av-1b7fclh-42e4263b49105c79e83d1f7a44e981bc '   itemscope=\"itemscope\" itemtype=\"https:\/\/schema.org\/CreativeWork\" ><div class='avia_textblock'  itemprop=\"text\" ><p style=\"text-align: left;\"><strong>Bienvenue \u00e0 la Maison des Saveurs, le restaurant-salon de th\u00e9 de la Maison de la nature, situ\u00e9 au c\u0153ur du Massif des Maures !<\/strong><\/p>\n<p style=\"text-align: left;\">Notre restaurant-salon de th\u00e9 la Maison des Saveurs, situ\u00e9 au c\u0153ur du Massif des Maures met en avant une cuisine locale et saisonni\u00e8re promettant une exp\u00e9rience culinaire authentique et raffin\u00e9e qui privil\u00e9gie les produits frais, de saison, bio, issus de producteurs locaux.<\/p>\n<p style=\"text-align: left;\">Venez-vous impr\u00e9gner de l\u2019atmosph\u00e8re conviviale et gourmande de notre \u00e9tablissement, o\u00f9 chaque bouch\u00e9e est une explosion de saveurs et une invitation \u00e0 la d\u00e9couverte.<\/p>\n<\/div><\/section><br \/>\n\n<style type=\"text\/css\" data-created_by=\"avia_inline_auto\" id=\"style-css-av-lyoc9mt3-f730db726d3a6879654b0e04c26df2ab\">\n.avia_message_box.av-lyoc9mt3-f730db726d3a6879654b0e04c26df2ab{\ncolor:#696969;\nborder-style:ridge;\nborder-color:#9b8e6c;\nborder-radius:1px 1px 1px 1px;\n}\n.avia_message_box.av-lyoc9mt3-f730db726d3a6879654b0e04c26df2ab .avia_message_box_icon.avia-svg-icon svg:first-child{\nfill:#696969;\nstroke:#696969;\n}\n<\/style>\n<div id='avia-messagebox-' class='avia_message_box av_notification av-lyoc9mt3-f730db726d3a6879654b0e04c26df2ab avia-color-custom avia-size-large avia-icon_select-no avia-border-solid  avia-builder-el-8  el_after_av_textblock  avia-builder-el-last ' ><div class=\"avia_message_box_content\"><p>La Maison des Saveurs est ouverte<br \/>\ndu mercredi au dimanche pour le d\u00e9jeuner<br \/>\net la pause gourmande.<\/p>\n<\/div><\/div><\/p><\/div><div  class='flex_column av-19lylad-f9c4c31aa54cf7a140e648fb5ffcb428 av_one_fifth  avia-builder-el-9  el_after_av_three_fifth  el_before_av_one_fifth  flex_column_div  '     ><\/div><div  class='flex_column av-18f7gc5-4acff550a56e0332a567d1b3c9bb1878 av_one_fifth  avia-builder-el-10  el_after_av_one_fifth  el_before_av_three_fifth  first flex_column_div  column-top-margin'     ><\/div><div  class='flex_column av-165ozwl-30c8be2d364002759278415157111091 av_three_fifth  avia-builder-el-11  el_after_av_one_fifth  el_before_av_one_fifth  flex_column_div  column-top-margin'     ><p>\n<style type=\"text\/css\" data-created_by=\"avia_inline_auto\" id=\"style-css-av-14o0zfp-37debcce3e0e871c6e3258a3129c1766\">\n#top .av-special-heading.av-14o0zfp-37debcce3e0e871c6e3258a3129c1766{\npadding-bottom:10px;\n}\nbody .av-special-heading.av-14o0zfp-37debcce3e0e871c6e3258a3129c1766 .av-special-heading-tag .heading-char{\nfont-size:25px;\n}\n.av-special-heading.av-14o0zfp-37debcce3e0e871c6e3258a3129c1766 .av-subheading{\nfont-size:15px;\n}\n<\/style>\n<div  class='av-special-heading av-14o0zfp-37debcce3e0e871c6e3258a3129c1766 av-special-heading-h2 meta-heading blockquote elegant-quote elegant-centered  avia-builder-el-12  el_before_av_hr  avia-builder-el-first '><h2 class='av-special-heading-tag '  itemprop=\"headline\"  ><span class=\"heading-wrap\">Le menu du moment<\/span><\/h2><div class='av-subheading av-subheading_below'><p>Du mercredi au dimanche de 12h \u00e0 14h30<\/p>\n<\/div><div class=\"special-heading-border\"><div class=\"special-heading-inner-border\"><\/div><\/div><\/div><br \/>\n\n<style type=\"text\/css\" data-created_by=\"avia_inline_auto\" id=\"style-css-av-8v839-514d742261ad48f3a89bb44331f46d6a\">\n#top .hr.hr-invisible.av-8v839-514d742261ad48f3a89bb44331f46d6a{\nheight:40px;\n}\n<\/style>\n<div  class='hr av-8v839-514d742261ad48f3a89bb44331f46d6a hr-invisible  avia-builder-el-13  el_after_av_heading  el_before_av_image '><span class='hr-inner '><span class=\"hr-inner-style\"><\/span><\/span><\/div><br \/>\n\n<style type=\"text\/css\" data-created_by=\"avia_inline_auto\" id=\"style-css-av-mb6gse1k-377bf364b2a08650d67132c21eafef28\">\n.avia-image-container.av-mb6gse1k-377bf364b2a08650d67132c21eafef28 img.avia_image{\nbox-shadow:none;\n}\n.avia-image-container.av-mb6gse1k-377bf364b2a08650d67132c21eafef28 .av-image-caption-overlay-center{\ncolor:#ffffff;\n}\n<\/style>\n<div  class='avia-image-container av-mb6gse1k-377bf364b2a08650d67132c21eafef28 av-styling- avia-align-center  avia-builder-el-14  el_after_av_hr  el_before_av_image '   itemprop=\"image\" itemscope=\"itemscope\" itemtype=\"https:\/\/schema.org\/ImageObject\" ><div class=\"avia-image-container-inner\"><div class=\"avia-image-overlay-wrap\"><img decoding=\"async\" fetchpriority=\"high\" class='wp-image-4426 avia-img-lazy-loading-not-4426 avia_image ' src=\"https:\/\/lusine.org\/wp-content\/uploads\/2025\/11\/Menu_hiver_site-714x1030.jpg\" alt='' title='Menu_hiver_site'  height=\"1030\" width=\"714\"  itemprop=\"thumbnailUrl\" srcset=\"https:\/\/lusine.org\/wp-content\/uploads\/2025\/11\/Menu_hiver_site-714x1030.jpg 714w, https:\/\/lusine.org\/wp-content\/uploads\/2025\/11\/Menu_hiver_site-208x300.jpg 208w, https:\/\/lusine.org\/wp-content\/uploads\/2025\/11\/Menu_hiver_site-768x1108.jpg 768w, https:\/\/lusine.org\/wp-content\/uploads\/2025\/11\/Menu_hiver_site-1064x1536.jpg 1064w, https:\/\/lusine.org\/wp-content\/uploads\/2025\/11\/Menu_hiver_site-1419x2048.jpg 1419w, https:\/\/lusine.org\/wp-content\/uploads\/2025\/11\/Menu_hiver_site-1039x1500.jpg 1039w, https:\/\/lusine.org\/wp-content\/uploads\/2025\/11\/Menu_hiver_site-488x705.jpg 488w, https:\/\/lusine.org\/wp-content\/uploads\/2025\/11\/Menu_hiver_site-scaled.jpg 1774w\" sizes=\"(max-width: 714px) 100vw, 714px\" \/><\/div><\/div><\/div><br \/>\n\n<style type=\"text\/css\" data-created_by=\"avia_inline_auto\" id=\"style-css-av-m4qr86pc-dc8026aa11b71d6023e3859cad680769\">\n.avia-image-container.av-m4qr86pc-dc8026aa11b71d6023e3859cad680769 img.avia_image{\nbox-shadow:none;\n}\n.avia-image-container.av-m4qr86pc-dc8026aa11b71d6023e3859cad680769 .av-image-caption-overlay-center{\ncolor:#ffffff;\n}\n<\/style>\n<div  class='avia-image-container av-m4qr86pc-dc8026aa11b71d6023e3859cad680769 av-styling- av-img-linked avia-align-center  avia-builder-el-15  el_after_av_image  avia-builder-el-last '   itemprop=\"image\" itemscope=\"itemscope\" itemtype=\"https:\/\/schema.org\/ImageObject\" ><div class=\"avia-image-container-inner\"><div class=\"avia-image-overlay-wrap\"><img decoding=\"async\" fetchpriority=\"high\" class='avia-img-lazy-loading-not- avia_image ' src=\"http:\/\/lusine.org\/wp-content\/uploads\/2025\/03\/Menu_Avril-728x1030.jpg\" alt='' title=''   itemprop=\"thumbnailUrl\"  \/><\/div><\/div><\/div><\/p><\/div><div  class='flex_column av-3qcr9h-3c2c039d62bda54917f93f610f824604 av_one_fifth  avia-builder-el-16  el_after_av_three_fifth  el_before_av_hr  flex_column_div  column-top-margin'     ><\/div>\n<style type=\"text\/css\" data-created_by=\"avia_inline_auto\" id=\"style-css-av-6lk9x-3ffd4833900729cb3b34ba7817e6683f\">\n#top .hr.hr-invisible.av-6lk9x-3ffd4833900729cb3b34ba7817e6683f{\nheight:60px;\n}\n<\/style>\n<div  class='hr av-6lk9x-3ffd4833900729cb3b34ba7817e6683f hr-invisible  avia-builder-el-17  el_after_av_one_fifth  el_before_av_button '><span class='hr-inner '><span class=\"hr-inner-style\"><\/span><\/span><\/div>\n<div  class='avia-button-wrap av-m6q7q81e-4060e13706884c91237475dfbfed800e-wrap avia-button-center  avia-builder-el-18  el_after_av_hr  el_before_av_hr '><a href='https:\/\/lusine.qweekle.com\/shop\/lusine\/restaurant-la-maison-des-saveurs\/restaurant-la-maison-des-saveurs?lang=fr'  class='avia-button av-m6q7q81e-4060e13706884c91237475dfbfed800e av-link-btn avia-icon_select-no avia-size-x-large avia-position-center avia-color-theme-color'   aria-label=\"R\u00e9server\"><span class='avia_iconbox_title' >R\u00e9server<\/span><\/a><\/div>\n\n<style type=\"text\/css\" data-created_by=\"avia_inline_auto\" id=\"style-css-av-2lomxh-76e4c76edb3822bab8147be27800536c\">\n#top .hr.hr-invisible.av-2lomxh-76e4c76edb3822bab8147be27800536c{\nheight:60px;\n}\n<\/style>\n<div  class='hr av-2lomxh-76e4c76edb3822bab8147be27800536c hr-invisible  avia-builder-el-19  el_after_av_button  avia-builder-el-last '><span class='hr-inner '><span class=\"hr-inner-style\"><\/span><\/span><\/div>\n<\/div><\/div><\/main><!-- close content main element --><\/div><\/div><div id='after_section_1'  class='main_color av_default_container_wrap container_wrap sidebar_right'  ><div class='container av-section-cont-open' ><div class='template-page content  av-content-small alpha units'><div class='post-entry post-entry-type-page post-entry-3749'><div class='entry-content-wrapper clearfix'>\n","protected":false},"excerpt":{"rendered":"","protected":false},"author":1,"featured_media":3794,"parent":0,"menu_order":0,"comment_status":"closed","ping_status":"closed","template":"","meta":{"footnotes":""},"class_list":["post-3749","page","type-page","status-publish","has-post-thumbnail","hentry"],"_links":{"self":[{"href":"https:\/\/lusine.org\/index.php\/wp-json\/wp\/v2\/pages\/3749","targetHints":{"allow":["GET"]}}],"collection":[{"href":"https:\/\/lusine.org\/index.php\/wp-json\/wp\/v2\/pages"}],"about":[{"href":"https:\/\/lusine.org\/index.php\/wp-json\/wp\/v2\/types\/page"}],"author":[{"embeddable":true,"href":"https:\/\/lusine.org\/index.php\/wp-json\/wp\/v2\/users\/1"}],"replies":[{"embeddable":true,"href":"https:\/\/lusine.org\/index.php\/wp-json\/wp\/v2\/comments?post=3749"}],"version-history":[{"count":49,"href":"https:\/\/lusine.org\/index.php\/wp-json\/wp\/v2\/pages\/3749\/revisions"}],"predecessor-version":[{"id":4473,"href":"https:\/\/lusine.org\/index.php\/wp-json\/wp\/v2\/pages\/3749\/revisions\/4473"}],"wp:featuredmedia":[{"embeddable":true,"href":"https:\/\/lusine.org\/index.php\/wp-json\/wp\/v2\/media\/3794"}],"wp:attachment":[{"href":"https:\/\/lusine.org\/index.php\/wp-json\/wp\/v2\/media?parent=3749"}],"curies":[{"name":"wp","href":"https:\/\/api.w.org\/{rel}","templated":true}]}}