{"id":849,"date":"2017-12-11T17:45:24","date_gmt":"2017-12-11T16:45:24","guid":{"rendered":"http:\/\/lusine.org\/?page_id=849"},"modified":"2023-05-13T09:56:35","modified_gmt":"2023-05-13T07:56:35","slug":"localiser","status":"publish","type":"page","link":"https:\/\/lusine.org\/index.php\/localiser\/","title":{"rendered":"INFOS PRATIQUES"},"content":{"rendered":"<div  class='av_gmaps_sc_main_wrap av_gmaps_main_wrap '><div id='av_gmap_0' class='avia-google-map-container avia-google-map-sc av_gmaps_show_unconditionally av-no-fallback-img ' data-mapid='av_gmap_0'  style='height: 600px;'><a class=\"av_gmaps_browser_disabled av_text_confirm_link av_text_confirm_link_visible\" href=\"https:\/\/www.google.com\/maps\/search\/?api=1&#038;query=454%20Chemin%20Pierre%20Foncin%20%20Cavalaire%20%20France\" target=\"_blank\">Les cartes ont \u00e9t\u00e9 d\u00e9sactiv\u00e9es par le visiteur sur ce site. Cliquer pour ouvrir la carte dans une nouvelle fen\u00eatre.<\/a><\/div><\/div>\n\n<style type=\"text\/css\" data-created_by=\"avia_inline_auto\" id=\"style-css-av-av_heading-03e8aae31f03e5190f6aa5c4827c7b4f\">\n#top .av-special-heading.av-av_heading-03e8aae31f03e5190f6aa5c4827c7b4f{\npadding-bottom:10px;\n}\nbody .av-special-heading.av-av_heading-03e8aae31f03e5190f6aa5c4827c7b4f .av-special-heading-tag .heading-char{\nfont-size:25px;\n}\n.av-special-heading.av-av_heading-03e8aae31f03e5190f6aa5c4827c7b4f .av-subheading{\nfont-size:15px;\n}\n<\/style>\n<div  class='av-special-heading av-av_heading-03e8aae31f03e5190f6aa5c4827c7b4f av-special-heading-h2  avia-builder-el-1  el_after_av_google_map  el_before_av_two_fifth  avia-builder-el-first '><h2 class='av-special-heading-tag '  itemprop=\"headline\"  >ADRESSE:<\/h2><div class=\"special-heading-border\"><div class=\"special-heading-inner-border\"><\/div><\/div><\/div>\n\n<style type=\"text\/css\" data-created_by=\"avia_inline_auto\" id=\"style-css-av-av_two_fifth-6126cab7d8fab8d08143dd2dacdf673c\">\n.flex_column.av-av_two_fifth-6126cab7d8fab8d08143dd2dacdf673c{\nborder-radius:0px 0px 0px 0px;\npadding:0px 0px 0px 0px;\n}\n<\/style>\n<div  class='flex_column av-av_two_fifth-6126cab7d8fab8d08143dd2dacdf673c av_two_fifth  avia-builder-el-2  el_after_av_heading  el_before_av_heading  first flex_column_div av-zero-column-padding  '     ><section  class='av_textblock_section av-av_textblock-396ddf1f42196ca838231e61a4602801 '   itemscope=\"itemscope\" itemtype=\"https:\/\/schema.org\/CreativeWork\" ><div class='avia_textblock'  itemprop=\"text\" ><p><b>L&rsquo;usine<\/b><\/p>\n<p>454 chemin Pierre Foncin<\/p>\n<p>Le Dattier<\/p>\n<p><b>83240 Cavalaire sur mer<\/b><\/p>\n<h3><span style=\"color: #99cc00;\">\u00a0<\/span><\/h3>\n<\/div><\/section><\/div>\n\n<style type=\"text\/css\" data-created_by=\"avia_inline_auto\" id=\"style-css-av-av_heading-afbc2c9f41a0044a6079c52998039a84\">\n#top .av-special-heading.av-av_heading-afbc2c9f41a0044a6079c52998039a84{\npadding-bottom:10px;\n}\nbody .av-special-heading.av-av_heading-afbc2c9f41a0044a6079c52998039a84 .av-special-heading-tag .heading-char{\nfont-size:25px;\n}\n.av-special-heading.av-av_heading-afbc2c9f41a0044a6079c52998039a84 .av-subheading{\nfont-size:15px;\n}\n<\/style>\n<div  class='av-special-heading av-av_heading-afbc2c9f41a0044a6079c52998039a84 av-special-heading-h2  avia-builder-el-4  el_after_av_two_fifth  avia-builder-el-last '><h2 class='av-special-heading-tag '  itemprop=\"headline\"  >CONTACT:<\/h2><div class=\"special-heading-border\"><div class=\"special-heading-inner-border\"><\/div><\/div><\/div>\n","protected":false},"excerpt":{"rendered":"","protected":false},"author":1,"featured_media":0,"parent":0,"menu_order":0,"comment_status":"closed","ping_status":"closed","template":"","meta":{"footnotes":""},"class_list":["post-849","page","type-page","status-publish","hentry"],"_links":{"self":[{"href":"https:\/\/lusine.org\/index.php\/wp-json\/wp\/v2\/pages\/849","targetHints":{"allow":["GET"]}}],"collection":[{"href":"https:\/\/lusine.org\/index.php\/wp-json\/wp\/v2\/pages"}],"about":[{"href":"https:\/\/lusine.org\/index.php\/wp-json\/wp\/v2\/types\/page"}],"author":[{"embeddable":true,"href":"https:\/\/lusine.org\/index.php\/wp-json\/wp\/v2\/users\/1"}],"replies":[{"embeddable":true,"href":"https:\/\/lusine.org\/index.php\/wp-json\/wp\/v2\/comments?post=849"}],"version-history":[{"count":65,"href":"https:\/\/lusine.org\/index.php\/wp-json\/wp\/v2\/pages\/849\/revisions"}],"predecessor-version":[{"id":4428,"href":"https:\/\/lusine.org\/index.php\/wp-json\/wp\/v2\/pages\/849\/revisions\/4428"}],"wp:attachment":[{"href":"https:\/\/lusine.org\/index.php\/wp-json\/wp\/v2\/media?parent=849"}],"curies":[{"name":"wp","href":"https:\/\/api.w.org\/{rel}","templated":true}]}}